{"id":128467,"date":"2025-05-18T22:11:17","date_gmt":"2025-05-18T22:11:17","guid":{"rendered":"https:\/\/staging2.stylingagenten.com\/da\/produkt\/maria-nila-creator-original-100ml\/"},"modified":"2026-03-22T19:27:35","modified_gmt":"2026-03-22T19:27:35","slug":"maria-nila-creator-original-100ml","status":"publish","type":"product","link":"https:\/\/stylingagenten.com\/da\/produkt\/maria-nila-creator-original-100ml\/","title":{"rendered":"Maria Nila Creator Original 100ml"},"content":{"rendered":"<p>Fibervoks velegnet til kort til skulderlangt h\u00e5r. Er let at forme uden at t\u00f8rre. P\u00e5f\u00f8r i v\u00e5dt eller t\u00f8rt h\u00e5r og style til den \u00f8nskede frisure.<\/p>\n","protected":false},"excerpt":{"rendered":"<p>Fibervoks velegnet til kort til skulderlangt h\u00e5r. Er let at forme uden at t\u00f8rre. P\u00e5f\u00f8r i v\u00e5dt eller t\u00f8rt h\u00e5r og style til den \u00f8nskede frisure.<\/p>\n","protected":false},"featured_media":128464,"comment_status":"open","ping_status":"closed","template":"","meta":{"_trash_the_other_posts":false},"product_brand":[],"product_cat":[1003,700],"product_tag":[],"berocket_brand":[1388],"class_list":{"0":"post-128467","1":"product","2":"type-product","3":"status-publish","4":"has-post-thumbnail","6":"product_cat-bestsellere","7":"product_cat-vax","8":"pa_brand-maria-nila","9":"berocket_brand-maria-nila","11":"first","12":"instock","13":"sale","14":"taxable","15":"shipping-taxable","16":"purchasable","17":"product-type-simple"},"_links":{"self":[{"href":"https:\/\/stylingagenten.com\/da\/wp-json\/wp\/v2\/product\/128467","targetHints":{"allow":["GET"]}}],"collection":[{"href":"https:\/\/stylingagenten.com\/da\/wp-json\/wp\/v2\/product"}],"about":[{"href":"https:\/\/stylingagenten.com\/da\/wp-json\/wp\/v2\/types\/product"}],"replies":[{"embeddable":true,"href":"https:\/\/stylingagenten.com\/da\/wp-json\/wp\/v2\/comments?post=128467"}],"version-history":[{"count":0,"href":"https:\/\/stylingagenten.com\/da\/wp-json\/wp\/v2\/product\/128467\/revisions"}],"wp:featuredmedia":[{"embeddable":true,"href":"https:\/\/stylingagenten.com\/da\/wp-json\/wp\/v2\/media\/128464"}],"wp:attachment":[{"href":"https:\/\/stylingagenten.com\/da\/wp-json\/wp\/v2\/media?parent=128467"}],"wp:term":[{"taxonomy":"product_brand","embeddable":true,"href":"https:\/\/stylingagenten.com\/da\/wp-json\/wp\/v2\/product_brand?post=128467"},{"taxonomy":"product_cat","embeddable":true,"href":"https:\/\/stylingagenten.com\/da\/wp-json\/wp\/v2\/product_cat?post=128467"},{"taxonomy":"product_tag","embeddable":true,"href":"https:\/\/stylingagenten.com\/da\/wp-json\/wp\/v2\/product_tag?post=128467"},{"taxonomy":"berocket_brand","embeddable":true,"href":"https:\/\/stylingagenten.com\/da\/wp-json\/wp\/v2\/berocket_brand?post=128467"}],"curies":[{"name":"wp","href":"https:\/\/api.w.org\/{rel}","templated":true}]}}