{"id":128439,"date":"2025-05-18T22:11:07","date_gmt":"2025-05-18T22:11:07","guid":{"rendered":"https:\/\/staging2.stylingagenten.com\/da\/produkt\/schwarzkopf-osis-thrill-100ml\/"},"modified":"2026-03-20T16:43:43","modified_gmt":"2026-03-20T16:43:43","slug":"schwarzkopf-osis-thrill-100ml","status":"publish","type":"product","link":"https:\/\/stylingagenten.com\/da\/produkt\/schwarzkopf-osis-thrill-100ml\/","title":{"rendered":"Schwarzkopf Osis Thrill 100ml"},"content":{"rendered":"<p>Schwarzkopf Osis Thrill 100ml<br \/>OSiS Thrill er en vegansk fibervoks med en omformende statut, der giver kraftfuld tekstur og kontrol, adskillelse, glans og fleksibel styling. Bruges til at definere individuelle h\u00e5rsektioner, reducere krus eller t\u00e6mme sm\u00e5 h\u00e5r.<\/p>\n","protected":false},"excerpt":{"rendered":"<p>Schwarzkopf Osis Thrill 100mlOSiS Thrill er en vegansk fibervoks med en omformende statut, der giver kraftfuld tekstur og kontrol, adskillelse, glans og fleksibel styling. Bruges til at definere individuelle h\u00e5rsektioner, reducere krus eller t\u00e6mme sm\u00e5 h\u00e5r.<\/p>\n","protected":false},"featured_media":128435,"comment_status":"open","ping_status":"closed","template":"","meta":{"_trash_the_other_posts":false},"product_brand":[],"product_cat":[700],"product_tag":[],"berocket_brand":[1060],"class_list":{"0":"post-128439","1":"product","2":"type-product","3":"status-publish","4":"has-post-thumbnail","6":"product_cat-vax","7":"pa_brand-schwarzkopf","8":"berocket_brand-schwarzkopf","10":"first","11":"instock","12":"sale","13":"taxable","14":"shipping-taxable","15":"purchasable","16":"product-type-simple"},"_links":{"self":[{"href":"https:\/\/stylingagenten.com\/da\/wp-json\/wp\/v2\/product\/128439","targetHints":{"allow":["GET"]}}],"collection":[{"href":"https:\/\/stylingagenten.com\/da\/wp-json\/wp\/v2\/product"}],"about":[{"href":"https:\/\/stylingagenten.com\/da\/wp-json\/wp\/v2\/types\/product"}],"replies":[{"embeddable":true,"href":"https:\/\/stylingagenten.com\/da\/wp-json\/wp\/v2\/comments?post=128439"}],"version-history":[{"count":0,"href":"https:\/\/stylingagenten.com\/da\/wp-json\/wp\/v2\/product\/128439\/revisions"}],"wp:featuredmedia":[{"embeddable":true,"href":"https:\/\/stylingagenten.com\/da\/wp-json\/wp\/v2\/media\/128435"}],"wp:attachment":[{"href":"https:\/\/stylingagenten.com\/da\/wp-json\/wp\/v2\/media?parent=128439"}],"wp:term":[{"taxonomy":"product_brand","embeddable":true,"href":"https:\/\/stylingagenten.com\/da\/wp-json\/wp\/v2\/product_brand?post=128439"},{"taxonomy":"product_cat","embeddable":true,"href":"https:\/\/stylingagenten.com\/da\/wp-json\/wp\/v2\/product_cat?post=128439"},{"taxonomy":"product_tag","embeddable":true,"href":"https:\/\/stylingagenten.com\/da\/wp-json\/wp\/v2\/product_tag?post=128439"},{"taxonomy":"berocket_brand","embeddable":true,"href":"https:\/\/stylingagenten.com\/da\/wp-json\/wp\/v2\/berocket_brand?post=128439"}],"curies":[{"name":"wp","href":"https:\/\/api.w.org\/{rel}","templated":true}]}}