{"id":128350,"date":"2025-05-18T22:10:38","date_gmt":"2025-05-18T22:10:38","guid":{"rendered":"https:\/\/staging2.stylingagenten.com\/da\/produkt\/loreal-professionnel-tecni-art-depolish-matte-paste-100ml\/"},"modified":"2026-04-09T05:08:30","modified_gmt":"2026-04-09T05:08:30","slug":"loreal-professionnel-tecni-art-depolish-matte-paste-100ml","status":"publish","type":"product","link":"https:\/\/stylingagenten.com\/da\/produkt\/loreal-professionnel-tecni-art-depolish-matte-paste-100ml\/","title":{"rendered":"L&#8217;Oreal Professionnel Tecni.Art Depolish Matte Paste 100ml"},"content":{"rendered":"<p>L&#8217;Or\u00e9al Professionnel Tecni.Art Depolish er en glat og letarbejdet pasta.<\/p>\n<p>Et must-have fra TECNI.ART for at g\u00f8re h\u00e5ret mat og fleksibelt til en stilfuld, afslappet frisure, der kan omformes utallige gange. Arbejd og omstyl for en trendy frisure uden at h\u00e5ret f\u00f8les stift. Forestil dig en rodet, afslappet tekstur og fylde, der kan omformes p\u00e5 alle h\u00e5rtyper.<\/p>\n<p>100ml<\/p>\n","protected":false},"excerpt":{"rendered":"<p>L&#8217;Or\u00e9al Professionnel Tecni.Art Depolish er en glat og letarbejdet pasta. Et must-have fra TECNI.ART for at g\u00f8re h\u00e5ret mat og fleksibelt til en stilfuld, afslappet frisure, der kan omformes utallige gange. Arbejd og omstyl for en trendy frisure uden at h\u00e5ret f\u00f8les stift. Forestil dig en rodet, afslappet tekstur og fylde, der kan omformes p\u00e5 [&hellip;]<\/p>\n","protected":false},"featured_media":128338,"comment_status":"open","ping_status":"closed","template":"","meta":{"_trash_the_other_posts":false},"product_brand":[],"product_cat":[705],"product_tag":[],"berocket_brand":[2000],"class_list":{"0":"post-128350","1":"product","2":"type-product","3":"status-publish","4":"has-post-thumbnail","6":"product_cat-saet-ind","7":"pa_brand-loreal-paris","8":"berocket_brand-loreal-paris","10":"first","11":"instock","12":"sale","13":"taxable","14":"shipping-taxable","15":"purchasable","16":"product-type-simple"},"_links":{"self":[{"href":"https:\/\/stylingagenten.com\/da\/wp-json\/wp\/v2\/product\/128350","targetHints":{"allow":["GET"]}}],"collection":[{"href":"https:\/\/stylingagenten.com\/da\/wp-json\/wp\/v2\/product"}],"about":[{"href":"https:\/\/stylingagenten.com\/da\/wp-json\/wp\/v2\/types\/product"}],"replies":[{"embeddable":true,"href":"https:\/\/stylingagenten.com\/da\/wp-json\/wp\/v2\/comments?post=128350"}],"version-history":[{"count":0,"href":"https:\/\/stylingagenten.com\/da\/wp-json\/wp\/v2\/product\/128350\/revisions"}],"wp:featuredmedia":[{"embeddable":true,"href":"https:\/\/stylingagenten.com\/da\/wp-json\/wp\/v2\/media\/128338"}],"wp:attachment":[{"href":"https:\/\/stylingagenten.com\/da\/wp-json\/wp\/v2\/media?parent=128350"}],"wp:term":[{"taxonomy":"product_brand","embeddable":true,"href":"https:\/\/stylingagenten.com\/da\/wp-json\/wp\/v2\/product_brand?post=128350"},{"taxonomy":"product_cat","embeddable":true,"href":"https:\/\/stylingagenten.com\/da\/wp-json\/wp\/v2\/product_cat?post=128350"},{"taxonomy":"product_tag","embeddable":true,"href":"https:\/\/stylingagenten.com\/da\/wp-json\/wp\/v2\/product_tag?post=128350"},{"taxonomy":"berocket_brand","embeddable":true,"href":"https:\/\/stylingagenten.com\/da\/wp-json\/wp\/v2\/berocket_brand?post=128350"}],"curies":[{"name":"wp","href":"https:\/\/api.w.org\/{rel}","templated":true}]}}