{"id":128323,"date":"2025-05-18T22:10:31","date_gmt":"2025-05-18T22:10:31","guid":{"rendered":"https:\/\/staging2.stylingagenten.com\/da\/produkt\/wella-eimi-flowing-form-anti-frizz-smoothing-balm-100ml\/"},"modified":"2026-04-09T08:58:32","modified_gmt":"2026-04-09T08:58:32","slug":"wella-eimi-flowing-form-anti-frizz-smoothing-balm-100ml","status":"publish","type":"product","link":"https:\/\/stylingagenten.com\/da\/produkt\/wella-eimi-flowing-form-anti-frizz-smoothing-balm-100ml\/","title":{"rendered":"Wella EIMI Flowing Form Anti-frizz Smoothing Balm 100ml"},"content":{"rendered":"<p style='margin-top:0cm;margin-right:0cm;margin-bottom:8.0pt;margin-left:0cm;font-size:15px;font-family:\"Calibri\",sans-serif'> EIMI Flowing Form er en eksfolierende anti-kruscreme. Produktet hj\u00e6lper dig med at skabe en glat og fleksibel kontrol til din frisure, og hj\u00e6lper ogs\u00e5 med at reducere krus og beskytter h\u00e5ret mod udt\u00f8rring, n\u00e5r du bruger stylingv\u00e6rkt\u00f8jer.<\/p>\n<p style='margin: 0cm 0cm 8pt;font-family: \"Calibri\", sans-serif'>Kapacitet: 100 ml<\/p>\n","protected":false},"excerpt":{"rendered":"<p>EIMI Flowing Form er en eksfolierende anti-kruscreme. Produktet hj\u00e6lper dig med at skabe en glat og fleksibel kontrol til din frisure, og hj\u00e6lper ogs\u00e5 med at reducere krus og beskytter h\u00e5ret mod udt\u00f8rring, n\u00e5r du bruger stylingv\u00e6rkt\u00f8jer. Kapacitet: 100 ml<\/p>\n","protected":false},"featured_media":128320,"comment_status":"open","ping_status":"closed","template":"","meta":{"_trash_the_other_posts":false},"product_brand":[],"product_cat":[1003,546],"product_tag":[],"berocket_brand":[1030],"class_list":{"0":"post-128323","1":"product","2":"type-product","3":"status-publish","4":"has-post-thumbnail","6":"product_cat-bestsellere","7":"product_cat-harstyling","8":"pa_brand-wella","9":"berocket_brand-wella","11":"first","12":"outofstock","13":"sale","14":"taxable","15":"shipping-taxable","16":"purchasable","17":"product-type-simple"},"_links":{"self":[{"href":"https:\/\/stylingagenten.com\/da\/wp-json\/wp\/v2\/product\/128323","targetHints":{"allow":["GET"]}}],"collection":[{"href":"https:\/\/stylingagenten.com\/da\/wp-json\/wp\/v2\/product"}],"about":[{"href":"https:\/\/stylingagenten.com\/da\/wp-json\/wp\/v2\/types\/product"}],"replies":[{"embeddable":true,"href":"https:\/\/stylingagenten.com\/da\/wp-json\/wp\/v2\/comments?post=128323"}],"version-history":[{"count":0,"href":"https:\/\/stylingagenten.com\/da\/wp-json\/wp\/v2\/product\/128323\/revisions"}],"wp:featuredmedia":[{"embeddable":true,"href":"https:\/\/stylingagenten.com\/da\/wp-json\/wp\/v2\/media\/128320"}],"wp:attachment":[{"href":"https:\/\/stylingagenten.com\/da\/wp-json\/wp\/v2\/media?parent=128323"}],"wp:term":[{"taxonomy":"product_brand","embeddable":true,"href":"https:\/\/stylingagenten.com\/da\/wp-json\/wp\/v2\/product_brand?post=128323"},{"taxonomy":"product_cat","embeddable":true,"href":"https:\/\/stylingagenten.com\/da\/wp-json\/wp\/v2\/product_cat?post=128323"},{"taxonomy":"product_tag","embeddable":true,"href":"https:\/\/stylingagenten.com\/da\/wp-json\/wp\/v2\/product_tag?post=128323"},{"taxonomy":"berocket_brand","embeddable":true,"href":"https:\/\/stylingagenten.com\/da\/wp-json\/wp\/v2\/berocket_brand?post=128323"}],"curies":[{"name":"wp","href":"https:\/\/api.w.org\/{rel}","templated":true}]}}