{"id":128223,"date":"2025-05-18T22:09:53","date_gmt":"2025-05-18T22:09:53","guid":{"rendered":"https:\/\/staging2.stylingagenten.com\/da\/produkt\/tigi-bed-head-after-party-smoothing-cream-100-ml\/"},"modified":"2026-01-15T21:27:11","modified_gmt":"2026-01-15T21:27:11","slug":"tigi-bed-head-after-party-smoothing-cream-100-ml","status":"publish","type":"product","link":"https:\/\/stylingagenten.com\/da\/produkt\/tigi-bed-head-after-party-smoothing-cream-100-ml\/","title":{"rendered":"TIGI Bed Head After Party Smoothing Cream 100 ml"},"content":{"rendered":"<p>After Party er en eksfolierende creme, der giver h\u00e5ret glans og en silkebl\u00f8d fornemmelse uden at tynge det ned. Cremen genopbygger statisk, kruset og flyvende h\u00e5r selv under h\u00f8j luftfugtighed og har en sommerlig duft af frugt.<\/p>\n","protected":false},"excerpt":{"rendered":"<p>After Party er en eksfolierende creme, der giver h\u00e5ret glans og en silkebl\u00f8d fornemmelse uden at tynge det ned. Cremen genopbygger statisk, kruset og flyvende h\u00e5r selv under h\u00f8j luftfugtighed og har en sommerlig duft af frugt.<\/p>\n","protected":false},"featured_media":128222,"comment_status":"open","ping_status":"closed","template":"","meta":{"_trash_the_other_posts":false},"product_brand":[],"product_cat":[546],"product_tag":[],"berocket_brand":[1102],"class_list":{"0":"post-128223","1":"product","2":"type-product","3":"status-publish","4":"has-post-thumbnail","6":"product_cat-harstyling","7":"pa_brand-tigi","8":"berocket_brand-tigi","10":"first","11":"outofstock","12":"sale","13":"taxable","14":"shipping-taxable","15":"purchasable","16":"product-type-simple"},"_links":{"self":[{"href":"https:\/\/stylingagenten.com\/da\/wp-json\/wp\/v2\/product\/128223","targetHints":{"allow":["GET"]}}],"collection":[{"href":"https:\/\/stylingagenten.com\/da\/wp-json\/wp\/v2\/product"}],"about":[{"href":"https:\/\/stylingagenten.com\/da\/wp-json\/wp\/v2\/types\/product"}],"replies":[{"embeddable":true,"href":"https:\/\/stylingagenten.com\/da\/wp-json\/wp\/v2\/comments?post=128223"}],"version-history":[{"count":0,"href":"https:\/\/stylingagenten.com\/da\/wp-json\/wp\/v2\/product\/128223\/revisions"}],"wp:featuredmedia":[{"embeddable":true,"href":"https:\/\/stylingagenten.com\/da\/wp-json\/wp\/v2\/media\/128222"}],"wp:attachment":[{"href":"https:\/\/stylingagenten.com\/da\/wp-json\/wp\/v2\/media?parent=128223"}],"wp:term":[{"taxonomy":"product_brand","embeddable":true,"href":"https:\/\/stylingagenten.com\/da\/wp-json\/wp\/v2\/product_brand?post=128223"},{"taxonomy":"product_cat","embeddable":true,"href":"https:\/\/stylingagenten.com\/da\/wp-json\/wp\/v2\/product_cat?post=128223"},{"taxonomy":"product_tag","embeddable":true,"href":"https:\/\/stylingagenten.com\/da\/wp-json\/wp\/v2\/product_tag?post=128223"},{"taxonomy":"berocket_brand","embeddable":true,"href":"https:\/\/stylingagenten.com\/da\/wp-json\/wp\/v2\/berocket_brand?post=128223"}],"curies":[{"name":"wp","href":"https:\/\/api.w.org\/{rel}","templated":true}]}}