{"id":128195,"date":"2025-05-18T22:09:41","date_gmt":"2025-05-18T22:09:41","guid":{"rendered":"https:\/\/staging2.stylingagenten.com\/da\/produkt\/wella-eimi-pearl-styler-styling-gel-100ml\/"},"modified":"2026-04-09T14:19:28","modified_gmt":"2026-04-09T14:19:28","slug":"wella-eimi-pearl-styler-styling-gel-100ml","status":"publish","type":"product","link":"https:\/\/stylingagenten.com\/da\/produkt\/wella-eimi-pearl-styler-styling-gel-100ml\/","title":{"rendered":"Wella EIMI Pearl Styler Styling Gel 100ml"},"content":{"rendered":"<p>Wella EIMI Pearl Styler Styling Gel giver dig muligheden for at forme dit h\u00e5r pr\u00e6cis, som du vil.<br \/>Udforsk din fantasi, giv den frie t\u00f8jler og skab fantastiske frisurer med defineret struktur og eksklusiv perleglans.<\/p>\n<p> OBS. ! Love udgave.<\/p>\n","protected":false},"excerpt":{"rendered":"<p>Wella EIMI Pearl Styler Styling Gel giver dig muligheden for at forme dit h\u00e5r pr\u00e6cis, som du vil.Udforsk din fantasi, giv den frie t\u00f8jler og skab fantastiske frisurer med defineret struktur og eksklusiv perleglans. OBS. ! Love udgave.<\/p>\n","protected":false},"featured_media":128193,"comment_status":"open","ping_status":"closed","template":"","meta":{"_trash_the_other_posts":false},"product_brand":[],"product_cat":[1003,546],"product_tag":[],"berocket_brand":[1030],"class_list":{"0":"post-128195","1":"product","2":"type-product","3":"status-publish","4":"has-post-thumbnail","6":"product_cat-bestsellere","7":"product_cat-harstyling","8":"pa_brand-wella","9":"berocket_brand-wella","11":"first","12":"instock","13":"sale","14":"taxable","15":"shipping-taxable","16":"purchasable","17":"product-type-simple"},"_links":{"self":[{"href":"https:\/\/stylingagenten.com\/da\/wp-json\/wp\/v2\/product\/128195","targetHints":{"allow":["GET"]}}],"collection":[{"href":"https:\/\/stylingagenten.com\/da\/wp-json\/wp\/v2\/product"}],"about":[{"href":"https:\/\/stylingagenten.com\/da\/wp-json\/wp\/v2\/types\/product"}],"replies":[{"embeddable":true,"href":"https:\/\/stylingagenten.com\/da\/wp-json\/wp\/v2\/comments?post=128195"}],"version-history":[{"count":0,"href":"https:\/\/stylingagenten.com\/da\/wp-json\/wp\/v2\/product\/128195\/revisions"}],"wp:featuredmedia":[{"embeddable":true,"href":"https:\/\/stylingagenten.com\/da\/wp-json\/wp\/v2\/media\/128193"}],"wp:attachment":[{"href":"https:\/\/stylingagenten.com\/da\/wp-json\/wp\/v2\/media?parent=128195"}],"wp:term":[{"taxonomy":"product_brand","embeddable":true,"href":"https:\/\/stylingagenten.com\/da\/wp-json\/wp\/v2\/product_brand?post=128195"},{"taxonomy":"product_cat","embeddable":true,"href":"https:\/\/stylingagenten.com\/da\/wp-json\/wp\/v2\/product_cat?post=128195"},{"taxonomy":"product_tag","embeddable":true,"href":"https:\/\/stylingagenten.com\/da\/wp-json\/wp\/v2\/product_tag?post=128195"},{"taxonomy":"berocket_brand","embeddable":true,"href":"https:\/\/stylingagenten.com\/da\/wp-json\/wp\/v2\/berocket_brand?post=128195"}],"curies":[{"name":"wp","href":"https:\/\/api.w.org\/{rel}","templated":true}]}}