{"id":128173,"date":"2025-05-18T22:09:28","date_gmt":"2025-05-18T22:09:28","guid":{"rendered":"https:\/\/staging2.stylingagenten.com\/da\/produkt\/paul-mitchell-extra-body-daily-boost-500ml\/"},"modified":"2026-03-27T10:08:45","modified_gmt":"2026-03-27T10:08:45","slug":"paul-mitchell-extra-body-daily-boost-500ml","status":"publish","type":"product","link":"https:\/\/stylingagenten.com\/da\/produkt\/paul-mitchell-extra-body-daily-boost-500ml\/","title":{"rendered":"Paul Mitchell Extra Body Daily Boost 500ml"},"content":{"rendered":"<p>Paul Mitchell Extra Body Daily Boost 500ml Rootlifter med maksimal volumen fra hovedbunden eller hvor h\u00e5ret tr\u00e6nger til et l\u00f8ft. <br \/>Udvalgt pumpe, let at spr\u00f8jte den rigtige m\u00e6ngde af Rigtigt sted. Yderligere volumen ved foundation.<\/p>\n","protected":false},"excerpt":{"rendered":"<p>Paul Mitchell Extra Body Daily Boost 500ml Rootlifter med maksimal volumen fra hovedbunden eller hvor h\u00e5ret tr\u00e6nger til et l\u00f8ft. Udvalgt pumpe, let at spr\u00f8jte den rigtige m\u00e6ngde af Rigtigt sted. Yderligere volumen ved foundation.<\/p>\n","protected":false},"featured_media":445376,"comment_status":"open","ping_status":"closed","template":"","meta":{"_trash_the_other_posts":false},"product_brand":[],"product_cat":[546],"product_tag":[3773],"berocket_brand":[1053],"class_list":{"0":"post-128173","1":"product","2":"type-product","3":"status-publish","4":"has-post-thumbnail","6":"product_cat-harstyling","7":"product_tag-paul-mitchell-extra-body-daily-boost","8":"pa_brand-paul-mitchell","9":"pa_variant-500ml","10":"berocket_brand-paul-mitchell","12":"first","13":"outofstock","14":"sale","15":"taxable","16":"shipping-taxable","17":"purchasable","18":"product-type-simple"},"_links":{"self":[{"href":"https:\/\/stylingagenten.com\/da\/wp-json\/wp\/v2\/product\/128173","targetHints":{"allow":["GET"]}}],"collection":[{"href":"https:\/\/stylingagenten.com\/da\/wp-json\/wp\/v2\/product"}],"about":[{"href":"https:\/\/stylingagenten.com\/da\/wp-json\/wp\/v2\/types\/product"}],"replies":[{"embeddable":true,"href":"https:\/\/stylingagenten.com\/da\/wp-json\/wp\/v2\/comments?post=128173"}],"version-history":[{"count":0,"href":"https:\/\/stylingagenten.com\/da\/wp-json\/wp\/v2\/product\/128173\/revisions"}],"wp:featuredmedia":[{"embeddable":true,"href":"https:\/\/stylingagenten.com\/da\/wp-json\/wp\/v2\/media\/445376"}],"wp:attachment":[{"href":"https:\/\/stylingagenten.com\/da\/wp-json\/wp\/v2\/media?parent=128173"}],"wp:term":[{"taxonomy":"product_brand","embeddable":true,"href":"https:\/\/stylingagenten.com\/da\/wp-json\/wp\/v2\/product_brand?post=128173"},{"taxonomy":"product_cat","embeddable":true,"href":"https:\/\/stylingagenten.com\/da\/wp-json\/wp\/v2\/product_cat?post=128173"},{"taxonomy":"product_tag","embeddable":true,"href":"https:\/\/stylingagenten.com\/da\/wp-json\/wp\/v2\/product_tag?post=128173"},{"taxonomy":"berocket_brand","embeddable":true,"href":"https:\/\/stylingagenten.com\/da\/wp-json\/wp\/v2\/berocket_brand?post=128173"}],"curies":[{"name":"wp","href":"https:\/\/api.w.org\/{rel}","templated":true}]}}