{"id":128160,"date":"2025-05-18T22:09:21","date_gmt":"2025-05-18T22:09:21","guid":{"rendered":"https:\/\/staging2.stylingagenten.com\/da\/produkt\/goldwell-dualsenses-ultra-volume-bodifying-spray-150ml\/"},"modified":"2026-04-09T18:37:42","modified_gmt":"2026-04-09T18:37:42","slug":"goldwell-dualsenses-ultra-volume-bodifying-spray-150ml","status":"publish","type":"product","link":"https:\/\/stylingagenten.com\/da\/produkt\/goldwell-dualsenses-ultra-volume-bodifying-spray-150ml\/","title":{"rendered":"Goldwell Dualsenses Ultra Volume Bodifying Spray 150ml"},"content":{"rendered":"<p>Goldwell Dualsenses Ultra Volume Bodifying Spray er en volumengivende leave-in spray, der styrker og giver fylde til fint og tyndt h\u00e5r. Bodifying spray tilf\u00f8jer letv\u00e6gtsv\u00e6rdi og forbedrer h\u00e5rets elasticitet, samtidig med at den styrker h\u00e5rfibrene og g\u00f8r h\u00e5ret lettere at rede ud. Formlen er udviklet med indbygget farvebeskyttelse for at forhindre falmning og bruger styrkende risprotein for \u00f8get volumen og for at skabe synligt tykkere h\u00e5r.<\/p>\n","protected":false},"excerpt":{"rendered":"<p>Goldwell Dualsenses Ultra Volume Bodifying Spray er en volumengivende leave-in spray, der styrker og giver fylde til fint og tyndt h\u00e5r. Bodifying spray tilf\u00f8jer letv\u00e6gtsv\u00e6rdi og forbedrer h\u00e5rets elasticitet, samtidig med at den styrker h\u00e5rfibrene og g\u00f8r h\u00e5ret lettere at rede ud. Formlen er udviklet med indbygget farvebeskyttelse for at forhindre falmning og bruger styrkende [&hellip;]<\/p>\n","protected":false},"featured_media":128158,"comment_status":"open","ping_status":"closed","template":"","meta":{"_trash_the_other_posts":false},"product_brand":[],"product_cat":[546],"product_tag":[],"berocket_brand":[1328],"class_list":{"0":"post-128160","1":"product","2":"type-product","3":"status-publish","4":"has-post-thumbnail","6":"product_cat-harstyling","7":"pa_brand-goldwell","8":"berocket_brand-goldwell","10":"first","11":"instock","12":"sale","13":"taxable","14":"shipping-taxable","15":"purchasable","16":"product-type-simple"},"_links":{"self":[{"href":"https:\/\/stylingagenten.com\/da\/wp-json\/wp\/v2\/product\/128160","targetHints":{"allow":["GET"]}}],"collection":[{"href":"https:\/\/stylingagenten.com\/da\/wp-json\/wp\/v2\/product"}],"about":[{"href":"https:\/\/stylingagenten.com\/da\/wp-json\/wp\/v2\/types\/product"}],"replies":[{"embeddable":true,"href":"https:\/\/stylingagenten.com\/da\/wp-json\/wp\/v2\/comments?post=128160"}],"version-history":[{"count":0,"href":"https:\/\/stylingagenten.com\/da\/wp-json\/wp\/v2\/product\/128160\/revisions"}],"wp:featuredmedia":[{"embeddable":true,"href":"https:\/\/stylingagenten.com\/da\/wp-json\/wp\/v2\/media\/128158"}],"wp:attachment":[{"href":"https:\/\/stylingagenten.com\/da\/wp-json\/wp\/v2\/media?parent=128160"}],"wp:term":[{"taxonomy":"product_brand","embeddable":true,"href":"https:\/\/stylingagenten.com\/da\/wp-json\/wp\/v2\/product_brand?post=128160"},{"taxonomy":"product_cat","embeddable":true,"href":"https:\/\/stylingagenten.com\/da\/wp-json\/wp\/v2\/product_cat?post=128160"},{"taxonomy":"product_tag","embeddable":true,"href":"https:\/\/stylingagenten.com\/da\/wp-json\/wp\/v2\/product_tag?post=128160"},{"taxonomy":"berocket_brand","embeddable":true,"href":"https:\/\/stylingagenten.com\/da\/wp-json\/wp\/v2\/berocket_brand?post=128160"}],"curies":[{"name":"wp","href":"https:\/\/api.w.org\/{rel}","templated":true}]}}