{"id":128142,"date":"2025-05-18T22:09:08","date_gmt":"2025-05-18T22:09:08","guid":{"rendered":"https:\/\/staging2.stylingagenten.com\/da\/produkt\/paul-mitchell-platinum-blonde-toning-spray-150ml\/"},"modified":"2026-03-11T21:50:55","modified_gmt":"2026-03-11T21:50:55","slug":"paul-mitchell-platinum-blonde-toning-spray-150ml","status":"publish","type":"product","link":"https:\/\/stylingagenten.com\/da\/produkt\/paul-mitchell-platinum-blonde-toning-spray-150ml\/","title":{"rendered":"Paul Mitchell Platinum Blonde Toning Spray 150ml"},"content":{"rendered":"<p>Paul Mitchell Platinum Blond Toning Spray er en prisvindende leave-in conditioner spray, der tilf\u00f8jer glans og bl\u00f8dg\u00f8r dit blonde, s\u00f8lv eller hvide h\u00e5r. Formuleret til at neutralisere messingtoner og styrke tr\u00e5dene for en sund og smuk svulmning. &nbsp; &nbsp;<\/p>\n","protected":false},"excerpt":{"rendered":"<p>Paul Mitchell Platinum Blond Toning Spray er en prisvindende leave-in conditioner spray, der tilf\u00f8jer glans og bl\u00f8dg\u00f8r dit blonde, s\u00f8lv eller hvide h\u00e5r. Formuleret til at neutralisere messingtoner og styrke tr\u00e5dene for en sund og smuk svulmning. &nbsp; &nbsp;<\/p>\n","protected":false},"featured_media":128140,"comment_status":"open","ping_status":"closed","template":"","meta":{"_trash_the_other_posts":false},"product_brand":[],"product_cat":[546],"product_tag":[],"berocket_brand":[1053],"class_list":{"0":"post-128142","1":"product","2":"type-product","3":"status-publish","4":"has-post-thumbnail","6":"product_cat-harstyling","7":"pa_brand-paul-mitchell","8":"berocket_brand-paul-mitchell","10":"first","11":"outofstock","12":"sale","13":"taxable","14":"shipping-taxable","15":"purchasable","16":"product-type-simple"},"_links":{"self":[{"href":"https:\/\/stylingagenten.com\/da\/wp-json\/wp\/v2\/product\/128142","targetHints":{"allow":["GET"]}}],"collection":[{"href":"https:\/\/stylingagenten.com\/da\/wp-json\/wp\/v2\/product"}],"about":[{"href":"https:\/\/stylingagenten.com\/da\/wp-json\/wp\/v2\/types\/product"}],"replies":[{"embeddable":true,"href":"https:\/\/stylingagenten.com\/da\/wp-json\/wp\/v2\/comments?post=128142"}],"version-history":[{"count":0,"href":"https:\/\/stylingagenten.com\/da\/wp-json\/wp\/v2\/product\/128142\/revisions"}],"wp:featuredmedia":[{"embeddable":true,"href":"https:\/\/stylingagenten.com\/da\/wp-json\/wp\/v2\/media\/128140"}],"wp:attachment":[{"href":"https:\/\/stylingagenten.com\/da\/wp-json\/wp\/v2\/media?parent=128142"}],"wp:term":[{"taxonomy":"product_brand","embeddable":true,"href":"https:\/\/stylingagenten.com\/da\/wp-json\/wp\/v2\/product_brand?post=128142"},{"taxonomy":"product_cat","embeddable":true,"href":"https:\/\/stylingagenten.com\/da\/wp-json\/wp\/v2\/product_cat?post=128142"},{"taxonomy":"product_tag","embeddable":true,"href":"https:\/\/stylingagenten.com\/da\/wp-json\/wp\/v2\/product_tag?post=128142"},{"taxonomy":"berocket_brand","embeddable":true,"href":"https:\/\/stylingagenten.com\/da\/wp-json\/wp\/v2\/berocket_brand?post=128142"}],"curies":[{"name":"wp","href":"https:\/\/api.w.org\/{rel}","templated":true}]}}