{"id":128011,"date":"2025-05-18T22:08:21","date_gmt":"2025-05-18T22:08:21","guid":{"rendered":"https:\/\/staging2.stylingagenten.com\/da\/produkt\/sebastian-professional-potion-9-lite-150ml\/"},"modified":"2026-03-30T07:30:56","modified_gmt":"2026-03-30T07:30:56","slug":"sebastian-professional-potion-9-lite-150ml","status":"publish","type":"product","link":"https:\/\/stylingagenten.com\/da\/produkt\/sebastian-professional-potion-9-lite-150ml\/","title":{"rendered":"Sebastian Professional Potion 9 Lite 150ml"},"content":{"rendered":"<p>Potion 9 Lite er en stylingcreme, der indeholder en cocktail af beskyttende og plejende ingredienser! Produktet forenkler stylingen og giver h\u00e5ret en smuk glans.<\/p>\n<p>Anvendelse: P\u00e5f\u00f8r i fugtigt eller t\u00f8rt h\u00e5r. f\u00f8nt\u00f8rre eller luftt\u00f8rre for en silkebl\u00f8d, betonstil eller brug et kr\u00f8llejern til elegante kr\u00f8ller. gentag p\u00e5f\u00f8ring for yderligere struktur og kontrol i t\u00f8rt h\u00e5r. brug n\u00e5r som helst for et \u00f8jeblikkeligt boost.<\/p>\n","protected":false},"excerpt":{"rendered":"<p>Potion 9 Lite er en stylingcreme, der indeholder en cocktail af beskyttende og plejende ingredienser! Produktet forenkler stylingen og giver h\u00e5ret en smuk glans. Anvendelse: P\u00e5f\u00f8r i fugtigt eller t\u00f8rt h\u00e5r. f\u00f8nt\u00f8rre eller luftt\u00f8rre for en silkebl\u00f8d, betonstil eller brug et kr\u00f8llejern til elegante kr\u00f8ller. gentag p\u00e5f\u00f8ring for yderligere struktur og kontrol i t\u00f8rt h\u00e5r. [&hellip;]<\/p>\n","protected":false},"featured_media":128008,"comment_status":"open","ping_status":"closed","template":"","meta":{"_trash_the_other_posts":false},"product_brand":[],"product_cat":[611],"product_tag":[],"berocket_brand":[1194],"class_list":{"0":"post-128011","1":"product","2":"type-product","3":"status-publish","4":"has-post-thumbnail","6":"product_cat-styling-creme","7":"pa_brand-sebastian","8":"berocket_brand-sebastian","10":"first","11":"instock","12":"sale","13":"taxable","14":"shipping-taxable","15":"purchasable","16":"product-type-simple"},"_links":{"self":[{"href":"https:\/\/stylingagenten.com\/da\/wp-json\/wp\/v2\/product\/128011","targetHints":{"allow":["GET"]}}],"collection":[{"href":"https:\/\/stylingagenten.com\/da\/wp-json\/wp\/v2\/product"}],"about":[{"href":"https:\/\/stylingagenten.com\/da\/wp-json\/wp\/v2\/types\/product"}],"replies":[{"embeddable":true,"href":"https:\/\/stylingagenten.com\/da\/wp-json\/wp\/v2\/comments?post=128011"}],"version-history":[{"count":0,"href":"https:\/\/stylingagenten.com\/da\/wp-json\/wp\/v2\/product\/128011\/revisions"}],"wp:featuredmedia":[{"embeddable":true,"href":"https:\/\/stylingagenten.com\/da\/wp-json\/wp\/v2\/media\/128008"}],"wp:attachment":[{"href":"https:\/\/stylingagenten.com\/da\/wp-json\/wp\/v2\/media?parent=128011"}],"wp:term":[{"taxonomy":"product_brand","embeddable":true,"href":"https:\/\/stylingagenten.com\/da\/wp-json\/wp\/v2\/product_brand?post=128011"},{"taxonomy":"product_cat","embeddable":true,"href":"https:\/\/stylingagenten.com\/da\/wp-json\/wp\/v2\/product_cat?post=128011"},{"taxonomy":"product_tag","embeddable":true,"href":"https:\/\/stylingagenten.com\/da\/wp-json\/wp\/v2\/product_tag?post=128011"},{"taxonomy":"berocket_brand","embeddable":true,"href":"https:\/\/stylingagenten.com\/da\/wp-json\/wp\/v2\/berocket_brand?post=128011"}],"curies":[{"name":"wp","href":"https:\/\/api.w.org\/{rel}","templated":true}]}}