{"id":127995,"date":"2025-05-18T22:08:18","date_gmt":"2025-05-18T22:08:18","guid":{"rendered":"https:\/\/staging2.stylingagenten.com\/da\/produkt\/sebastian-professional-liquid-steel-140ml\/"},"modified":"2026-03-30T07:31:02","modified_gmt":"2026-03-30T07:31:02","slug":"sebastian-professional-liquid-steel-140ml","status":"publish","type":"product","link":"https:\/\/stylingagenten.com\/da\/produkt\/sebastian-professional-liquid-steel-140ml\/","title":{"rendered":"Sebastian Professional Liquid Steel 140ml"},"content":{"rendered":"<p>Sebastian Liquid Steel er en intens og skinnende h\u00e5rgel\u00e9, der giver dig maksimalt hold og en metallisk glans.<\/p>\n<p>Mass\u00e9r ind i fugtigt h\u00e5r for at forme og s\u00e6tte frisurer. Eller i t\u00f8rt h\u00e5r for at have fuld kontrol.<\/p>\n","protected":false},"excerpt":{"rendered":"<p>Sebastian Liquid Steel er en intens og skinnende h\u00e5rgel\u00e9, der giver dig maksimalt hold og en metallisk glans. Mass\u00e9r ind i fugtigt h\u00e5r for at forme og s\u00e6tte frisurer. Eller i t\u00f8rt h\u00e5r for at have fuld kontrol.<\/p>\n","protected":false},"featured_media":127994,"comment_status":"open","ping_status":"closed","template":"","meta":{"_trash_the_other_posts":false},"product_brand":[],"product_cat":[701],"product_tag":[],"berocket_brand":[1194],"class_list":{"0":"post-127995","1":"product","2":"type-product","3":"status-publish","4":"has-post-thumbnail","6":"product_cat-gel","7":"pa_brand-sebastian","8":"berocket_brand-sebastian","10":"first","11":"instock","12":"sale","13":"taxable","14":"shipping-taxable","15":"purchasable","16":"product-type-simple"},"_links":{"self":[{"href":"https:\/\/stylingagenten.com\/da\/wp-json\/wp\/v2\/product\/127995","targetHints":{"allow":["GET"]}}],"collection":[{"href":"https:\/\/stylingagenten.com\/da\/wp-json\/wp\/v2\/product"}],"about":[{"href":"https:\/\/stylingagenten.com\/da\/wp-json\/wp\/v2\/types\/product"}],"replies":[{"embeddable":true,"href":"https:\/\/stylingagenten.com\/da\/wp-json\/wp\/v2\/comments?post=127995"}],"version-history":[{"count":0,"href":"https:\/\/stylingagenten.com\/da\/wp-json\/wp\/v2\/product\/127995\/revisions"}],"wp:featuredmedia":[{"embeddable":true,"href":"https:\/\/stylingagenten.com\/da\/wp-json\/wp\/v2\/media\/127994"}],"wp:attachment":[{"href":"https:\/\/stylingagenten.com\/da\/wp-json\/wp\/v2\/media?parent=127995"}],"wp:term":[{"taxonomy":"product_brand","embeddable":true,"href":"https:\/\/stylingagenten.com\/da\/wp-json\/wp\/v2\/product_brand?post=127995"},{"taxonomy":"product_cat","embeddable":true,"href":"https:\/\/stylingagenten.com\/da\/wp-json\/wp\/v2\/product_cat?post=127995"},{"taxonomy":"product_tag","embeddable":true,"href":"https:\/\/stylingagenten.com\/da\/wp-json\/wp\/v2\/product_tag?post=127995"},{"taxonomy":"berocket_brand","embeddable":true,"href":"https:\/\/stylingagenten.com\/da\/wp-json\/wp\/v2\/berocket_brand?post=127995"}],"curies":[{"name":"wp","href":"https:\/\/api.w.org\/{rel}","templated":true}]}}