{"id":127991,"date":"2025-05-18T22:08:17","date_gmt":"2025-05-18T22:08:17","guid":{"rendered":"https:\/\/staging2.stylingagenten.com\/da\/produkt\/wella-sp-hydrate-finish-125ml\/"},"modified":"2026-04-01T11:28:35","modified_gmt":"2026-04-01T11:28:35","slug":"wella-sp-hydrate-finish-125ml","status":"publish","type":"product","link":"https:\/\/stylingagenten.com\/da\/produkt\/wella-sp-hydrate-finish-125ml\/","title":{"rendered":"Wella SP Hydrate Finish 125ml"},"content":{"rendered":"<p>SP HYDRATE FINISH<br \/>Fugtgivende spray, der g\u00f8r h\u00e5ret bl\u00f8dt og smidigt. H\u00e5ret bliver utrolig sundt, bl\u00f8dt, glat og skinnende. Formlen med Special Active Moisture Complex, som indeholder glycerin, D-panthenol og glukose, giver en langvarig fugtgivende effekt uden at tynge h\u00e5ret og optimal beskyttelse mod dehydrering.<\/p>\n","protected":false},"excerpt":{"rendered":"<p>SP HYDRATE FINISHFugtgivende spray, der g\u00f8r h\u00e5ret bl\u00f8dt og smidigt. H\u00e5ret bliver utrolig sundt, bl\u00f8dt, glat og skinnende. Formlen med Special Active Moisture Complex, som indeholder glycerin, D-panthenol og glukose, giver en langvarig fugtgivende effekt uden at tynge h\u00e5ret og optimal beskyttelse mod dehydrering.<\/p>\n","protected":false},"featured_media":127990,"comment_status":"open","ping_status":"closed","template":"","meta":{"_trash_the_other_posts":false},"product_brand":[],"product_cat":[615],"product_tag":[],"berocket_brand":[1030],"class_list":{"0":"post-127991","1":"product","2":"type-product","3":"status-publish","4":"has-post-thumbnail","6":"product_cat-harpiks-serum","7":"pa_brand-wella","8":"berocket_brand-wella","10":"first","11":"instock","12":"sale","13":"taxable","14":"shipping-taxable","15":"purchasable","16":"product-type-simple"},"_links":{"self":[{"href":"https:\/\/stylingagenten.com\/da\/wp-json\/wp\/v2\/product\/127991","targetHints":{"allow":["GET"]}}],"collection":[{"href":"https:\/\/stylingagenten.com\/da\/wp-json\/wp\/v2\/product"}],"about":[{"href":"https:\/\/stylingagenten.com\/da\/wp-json\/wp\/v2\/types\/product"}],"replies":[{"embeddable":true,"href":"https:\/\/stylingagenten.com\/da\/wp-json\/wp\/v2\/comments?post=127991"}],"version-history":[{"count":0,"href":"https:\/\/stylingagenten.com\/da\/wp-json\/wp\/v2\/product\/127991\/revisions"}],"wp:featuredmedia":[{"embeddable":true,"href":"https:\/\/stylingagenten.com\/da\/wp-json\/wp\/v2\/media\/127990"}],"wp:attachment":[{"href":"https:\/\/stylingagenten.com\/da\/wp-json\/wp\/v2\/media?parent=127991"}],"wp:term":[{"taxonomy":"product_brand","embeddable":true,"href":"https:\/\/stylingagenten.com\/da\/wp-json\/wp\/v2\/product_brand?post=127991"},{"taxonomy":"product_cat","embeddable":true,"href":"https:\/\/stylingagenten.com\/da\/wp-json\/wp\/v2\/product_cat?post=127991"},{"taxonomy":"product_tag","embeddable":true,"href":"https:\/\/stylingagenten.com\/da\/wp-json\/wp\/v2\/product_tag?post=127991"},{"taxonomy":"berocket_brand","embeddable":true,"href":"https:\/\/stylingagenten.com\/da\/wp-json\/wp\/v2\/berocket_brand?post=127991"}],"curies":[{"name":"wp","href":"https:\/\/api.w.org\/{rel}","templated":true}]}}