{"id":127911,"date":"2025-05-18T22:07:58","date_gmt":"2025-05-18T22:07:58","guid":{"rendered":"https:\/\/staging2.stylingagenten.com\/da\/produkt\/goldwell-curls-waves-stylesign-curl-control-150ml\/"},"modified":"2025-11-19T12:23:25","modified_gmt":"2025-11-19T12:23:25","slug":"goldwell-curls-waves-stylesign-curl-control-150ml","status":"publish","type":"product","link":"https:\/\/stylingagenten.com\/da\/produkt\/goldwell-curls-waves-stylesign-curl-control-150ml\/","title":{"rendered":"Goldwell Curls &amp; Waves Stylesign Curl Control 150ml"},"content":{"rendered":"<p>Goldwell Curls &amp; Waves Stylesign Curl Control 150ml G\u00f8r uregerlige kr\u00f8ller h\u00e5ndterbare og giver definition.<\/p>\n","protected":false},"excerpt":{"rendered":"<p>Goldwell Curls &amp; Waves Stylesign Curl Control 150ml G\u00f8r uregerlige kr\u00f8ller h\u00e5ndterbare og giver definition.<\/p>\n","protected":false},"featured_media":127910,"comment_status":"open","ping_status":"closed","template":"","meta":{"_trash_the_other_posts":false},"product_brand":[],"product_cat":[546],"product_tag":[],"berocket_brand":[1328],"class_list":{"0":"post-127911","1":"product","2":"type-product","3":"status-publish","4":"has-post-thumbnail","6":"product_cat-harstyling","7":"pa_brand-goldwell","8":"berocket_brand-goldwell","10":"first","11":"outofstock","12":"sale","13":"taxable","14":"shipping-taxable","15":"purchasable","16":"product-type-simple"},"_links":{"self":[{"href":"https:\/\/stylingagenten.com\/da\/wp-json\/wp\/v2\/product\/127911","targetHints":{"allow":["GET"]}}],"collection":[{"href":"https:\/\/stylingagenten.com\/da\/wp-json\/wp\/v2\/product"}],"about":[{"href":"https:\/\/stylingagenten.com\/da\/wp-json\/wp\/v2\/types\/product"}],"replies":[{"embeddable":true,"href":"https:\/\/stylingagenten.com\/da\/wp-json\/wp\/v2\/comments?post=127911"}],"version-history":[{"count":0,"href":"https:\/\/stylingagenten.com\/da\/wp-json\/wp\/v2\/product\/127911\/revisions"}],"wp:featuredmedia":[{"embeddable":true,"href":"https:\/\/stylingagenten.com\/da\/wp-json\/wp\/v2\/media\/127910"}],"wp:attachment":[{"href":"https:\/\/stylingagenten.com\/da\/wp-json\/wp\/v2\/media?parent=127911"}],"wp:term":[{"taxonomy":"product_brand","embeddable":true,"href":"https:\/\/stylingagenten.com\/da\/wp-json\/wp\/v2\/product_brand?post=127911"},{"taxonomy":"product_cat","embeddable":true,"href":"https:\/\/stylingagenten.com\/da\/wp-json\/wp\/v2\/product_cat?post=127911"},{"taxonomy":"product_tag","embeddable":true,"href":"https:\/\/stylingagenten.com\/da\/wp-json\/wp\/v2\/product_tag?post=127911"},{"taxonomy":"berocket_brand","embeddable":true,"href":"https:\/\/stylingagenten.com\/da\/wp-json\/wp\/v2\/berocket_brand?post=127911"}],"curies":[{"name":"wp","href":"https:\/\/api.w.org\/{rel}","templated":true}]}}