{"id":127808,"date":"2025-05-18T22:07:40","date_gmt":"2025-05-18T22:07:40","guid":{"rendered":"https:\/\/staging2.stylingagenten.com\/da\/produkt\/living-proof-no-frizz-smooth-styling-cream-236ml\/"},"modified":"2026-04-08T15:29:15","modified_gmt":"2026-04-08T15:29:15","slug":"living-proof-no-frizz-smooth-styling-cream-236ml","status":"publish","type":"product","link":"https:\/\/stylingagenten.com\/da\/produkt\/living-proof-no-frizz-smooth-styling-cream-236ml\/","title":{"rendered":"Living Proof No Frizz Smooth Styling Cream 236ml"},"content":{"rendered":"<p>Living Proof No Frizz Smooth Styling Cream er et must for dig med medium h\u00e5r, der \u00f8nsker en sofistikeret l\u00f8sning til at t\u00e6mme krus. Denne stylingcreme er silikonefri og giver omfattende pleje til dit h\u00e5r, fra rod til spids. Resultatet? H\u00e5ret bliver glat, skinnende, utroligt bl\u00f8dt og let at h\u00e5ndtere.<\/p>\n<p>236 ml<\/p>\n","protected":false},"excerpt":{"rendered":"<p>Living Proof No Frizz Smooth Styling Cream er et must for dig med medium h\u00e5r, der \u00f8nsker en sofistikeret l\u00f8sning til at t\u00e6mme krus. Denne stylingcreme er silikonefri og giver omfattende pleje til dit h\u00e5r, fra rod til spids. Resultatet? H\u00e5ret bliver glat, skinnende, utroligt bl\u00f8dt og let at h\u00e5ndtere. 236 ml<\/p>\n","protected":false},"featured_media":127785,"comment_status":"open","ping_status":"closed","template":"","meta":{"_trash_the_other_posts":false},"product_brand":[],"product_cat":[546],"product_tag":[],"berocket_brand":[1392],"class_list":{"0":"post-127808","1":"product","2":"type-product","3":"status-publish","4":"has-post-thumbnail","6":"product_cat-harstyling","7":"pa_brand-living-proof","8":"berocket_brand-living-proof","10":"first","11":"outofstock","12":"sale","13":"taxable","14":"shipping-taxable","15":"purchasable","16":"product-type-simple"},"_links":{"self":[{"href":"https:\/\/stylingagenten.com\/da\/wp-json\/wp\/v2\/product\/127808","targetHints":{"allow":["GET"]}}],"collection":[{"href":"https:\/\/stylingagenten.com\/da\/wp-json\/wp\/v2\/product"}],"about":[{"href":"https:\/\/stylingagenten.com\/da\/wp-json\/wp\/v2\/types\/product"}],"replies":[{"embeddable":true,"href":"https:\/\/stylingagenten.com\/da\/wp-json\/wp\/v2\/comments?post=127808"}],"version-history":[{"count":0,"href":"https:\/\/stylingagenten.com\/da\/wp-json\/wp\/v2\/product\/127808\/revisions"}],"wp:featuredmedia":[{"embeddable":true,"href":"https:\/\/stylingagenten.com\/da\/wp-json\/wp\/v2\/media\/127785"}],"wp:attachment":[{"href":"https:\/\/stylingagenten.com\/da\/wp-json\/wp\/v2\/media?parent=127808"}],"wp:term":[{"taxonomy":"product_brand","embeddable":true,"href":"https:\/\/stylingagenten.com\/da\/wp-json\/wp\/v2\/product_brand?post=127808"},{"taxonomy":"product_cat","embeddable":true,"href":"https:\/\/stylingagenten.com\/da\/wp-json\/wp\/v2\/product_cat?post=127808"},{"taxonomy":"product_tag","embeddable":true,"href":"https:\/\/stylingagenten.com\/da\/wp-json\/wp\/v2\/product_tag?post=127808"},{"taxonomy":"berocket_brand","embeddable":true,"href":"https:\/\/stylingagenten.com\/da\/wp-json\/wp\/v2\/berocket_brand?post=127808"}],"curies":[{"name":"wp","href":"https:\/\/api.w.org\/{rel}","templated":true}]}}