{"id":127792,"date":"2025-05-18T22:07:37","date_gmt":"2025-05-18T22:07:37","guid":{"rendered":"https:\/\/staging2.stylingagenten.com\/da\/produkt\/bjork-tamja-multi-use-leave-in-tamer-150ml\/"},"modified":"2026-04-06T20:18:37","modified_gmt":"2026-04-06T20:18:37","slug":"bjork-tamja-multi-use-leave-in-tamer-150ml","status":"publish","type":"product","link":"https:\/\/stylingagenten.com\/da\/produkt\/bjork-tamja-multi-use-leave-in-tamer-150ml\/","title":{"rendered":"Bj\u00f6rk T\u00c4MJA Multi Use Leave In Tamer 150ml"},"content":{"rendered":"<p>Bj\u00f6rk T\u00c4MJA Multi Use Leave In Tamer er en leave-in creme med mange anvendelsesmuligheder til at t\u00e6mme, beskytte og skabe silkeagtigt h\u00e5r. Den n\u00e6rende og v\u00e6gtl\u00f8se formel indeholder panthenol, solsikke- og birkeekstrakt. Reparerer, plejer og beskytter h\u00e5ret mod skader fra varmeredskaber. Indeholder UV-beskyttelse. Skaber glat, krusfri h\u00e5r med smuk glans, der holder hele dagen.<\/p>\n<p>Duft: Frisk og frugtagtig duft med noter af vandmelon.<\/p>\n<p>150 ml<\/p>\n","protected":false},"excerpt":{"rendered":"<p>Bj\u00f6rk T\u00c4MJA Multi Use Leave In Tamer er en leave-in creme med mange anvendelsesmuligheder til at t\u00e6mme, beskytte og skabe silkeagtigt h\u00e5r. Den n\u00e6rende og v\u00e6gtl\u00f8se formel indeholder panthenol, solsikke- og birkeekstrakt. Reparerer, plejer og beskytter h\u00e5ret mod skader fra varmeredskaber. Indeholder UV-beskyttelse. Skaber glat, krusfri h\u00e5r med smuk glans, der holder hele dagen. Duft: [&hellip;]<\/p>\n","protected":false},"featured_media":127790,"comment_status":"open","ping_status":"closed","template":"","meta":{"_trash_the_other_posts":false},"product_brand":[],"product_cat":[615],"product_tag":[],"berocket_brand":[1418],"class_list":{"0":"post-127792","1":"product","2":"type-product","3":"status-publish","4":"has-post-thumbnail","6":"product_cat-harpiks-serum","7":"pa_brand-bjork","8":"berocket_brand-bjork","10":"first","11":"instock","12":"sale","13":"taxable","14":"shipping-taxable","15":"purchasable","16":"product-type-simple"},"_links":{"self":[{"href":"https:\/\/stylingagenten.com\/da\/wp-json\/wp\/v2\/product\/127792","targetHints":{"allow":["GET"]}}],"collection":[{"href":"https:\/\/stylingagenten.com\/da\/wp-json\/wp\/v2\/product"}],"about":[{"href":"https:\/\/stylingagenten.com\/da\/wp-json\/wp\/v2\/types\/product"}],"replies":[{"embeddable":true,"href":"https:\/\/stylingagenten.com\/da\/wp-json\/wp\/v2\/comments?post=127792"}],"version-history":[{"count":0,"href":"https:\/\/stylingagenten.com\/da\/wp-json\/wp\/v2\/product\/127792\/revisions"}],"wp:featuredmedia":[{"embeddable":true,"href":"https:\/\/stylingagenten.com\/da\/wp-json\/wp\/v2\/media\/127790"}],"wp:attachment":[{"href":"https:\/\/stylingagenten.com\/da\/wp-json\/wp\/v2\/media?parent=127792"}],"wp:term":[{"taxonomy":"product_brand","embeddable":true,"href":"https:\/\/stylingagenten.com\/da\/wp-json\/wp\/v2\/product_brand?post=127792"},{"taxonomy":"product_cat","embeddable":true,"href":"https:\/\/stylingagenten.com\/da\/wp-json\/wp\/v2\/product_cat?post=127792"},{"taxonomy":"product_tag","embeddable":true,"href":"https:\/\/stylingagenten.com\/da\/wp-json\/wp\/v2\/product_tag?post=127792"},{"taxonomy":"berocket_brand","embeddable":true,"href":"https:\/\/stylingagenten.com\/da\/wp-json\/wp\/v2\/berocket_brand?post=127792"}],"curies":[{"name":"wp","href":"https:\/\/api.w.org\/{rel}","templated":true}]}}