{"id":127788,"date":"2025-05-18T22:07:37","date_gmt":"2025-05-18T22:07:37","guid":{"rendered":"https:\/\/staging2.stylingagenten.com\/da\/produkt\/bjork-forma-lockar-curl-defining-cream-150ml\/"},"modified":"2026-04-07T11:38:32","modified_gmt":"2026-04-07T11:38:32","slug":"bjork-forma-lockar-curl-defining-cream-150ml","status":"publish","type":"product","link":"https:\/\/stylingagenten.com\/da\/produkt\/bjork-forma-lockar-curl-defining-cream-150ml\/","title":{"rendered":"Bj\u00f6rk FORMA LOCKAR Curl Defining Cream 150ml"},"content":{"rendered":"<p>Bj\u00f6rk FORMA LOCKAR Curl Defining Cream er en fugtgivende og varmebeskyttende kr\u00f8llecreme, der definerer naturlige kr\u00f8ller og b\u00f8lger i h\u00e5ret. Formlen indeholder birkeekstrakt, kokosolie og solsikkeolie, som giver kr\u00f8llerne sp\u00e6ndstighed, definition og t\u00e6mmer groft, uregerligt h\u00e5r. Forebygger krus.<\/p>\n<p>Duft: Frugtig og frisk duft med hint af fersken og citrus.<\/p>\n<p>150 ml<\/p>\n","protected":false},"excerpt":{"rendered":"<p>Bj\u00f6rk FORMA LOCKAR Curl Defining Cream er en fugtgivende og varmebeskyttende kr\u00f8llecreme, der definerer naturlige kr\u00f8ller og b\u00f8lger i h\u00e5ret. Formlen indeholder birkeekstrakt, kokosolie og solsikkeolie, som giver kr\u00f8llerne sp\u00e6ndstighed, definition og t\u00e6mmer groft, uregerligt h\u00e5r. Forebygger krus. Duft: Frugtig og frisk duft med hint af fersken og citrus. 150 ml<\/p>\n","protected":false},"featured_media":127787,"comment_status":"open","ping_status":"closed","template":"","meta":{"_trash_the_other_posts":false},"product_brand":[],"product_cat":[546],"product_tag":[],"berocket_brand":[1418],"class_list":{"0":"post-127788","1":"product","2":"type-product","3":"status-publish","4":"has-post-thumbnail","6":"product_cat-harstyling","7":"pa_brand-bjork","8":"berocket_brand-bjork","10":"first","11":"instock","12":"sale","13":"taxable","14":"shipping-taxable","15":"purchasable","16":"product-type-simple"},"_links":{"self":[{"href":"https:\/\/stylingagenten.com\/da\/wp-json\/wp\/v2\/product\/127788","targetHints":{"allow":["GET"]}}],"collection":[{"href":"https:\/\/stylingagenten.com\/da\/wp-json\/wp\/v2\/product"}],"about":[{"href":"https:\/\/stylingagenten.com\/da\/wp-json\/wp\/v2\/types\/product"}],"replies":[{"embeddable":true,"href":"https:\/\/stylingagenten.com\/da\/wp-json\/wp\/v2\/comments?post=127788"}],"version-history":[{"count":0,"href":"https:\/\/stylingagenten.com\/da\/wp-json\/wp\/v2\/product\/127788\/revisions"}],"wp:featuredmedia":[{"embeddable":true,"href":"https:\/\/stylingagenten.com\/da\/wp-json\/wp\/v2\/media\/127787"}],"wp:attachment":[{"href":"https:\/\/stylingagenten.com\/da\/wp-json\/wp\/v2\/media?parent=127788"}],"wp:term":[{"taxonomy":"product_brand","embeddable":true,"href":"https:\/\/stylingagenten.com\/da\/wp-json\/wp\/v2\/product_brand?post=127788"},{"taxonomy":"product_cat","embeddable":true,"href":"https:\/\/stylingagenten.com\/da\/wp-json\/wp\/v2\/product_cat?post=127788"},{"taxonomy":"product_tag","embeddable":true,"href":"https:\/\/stylingagenten.com\/da\/wp-json\/wp\/v2\/product_tag?post=127788"},{"taxonomy":"berocket_brand","embeddable":true,"href":"https:\/\/stylingagenten.com\/da\/wp-json\/wp\/v2\/berocket_brand?post=127788"}],"curies":[{"name":"wp","href":"https:\/\/api.w.org\/{rel}","templated":true}]}}