{"id":127773,"date":"2025-05-18T22:07:33","date_gmt":"2025-05-18T22:07:33","guid":{"rendered":"https:\/\/staging2.stylingagenten.com\/da\/produkt\/goldwell-stylesign-curls-lightweight-fluid-150ml\/"},"modified":"2026-03-30T07:19:06","modified_gmt":"2026-03-30T07:19:06","slug":"goldwell-stylesign-curls-lightweight-fluid-150ml","status":"publish","type":"product","link":"https:\/\/stylingagenten.com\/da\/produkt\/goldwell-stylesign-curls-lightweight-fluid-150ml\/","title":{"rendered":"Goldwell StyleSign Curls Lightweight Fluid 150ml"},"content":{"rendered":"<p>Goldwell StyleSign Lightweight Fluid giver \u00f8jeblikkelig definition til bl\u00f8dt samlet, naturlige kr\u00f8ller og b\u00f8lger, der kan reaktiveres.<\/p>\n<p>Hold: 2\/5<br \/>\n<br \/>Glans: 2\/3<\/p>\n<p>150ml<\/p>\n","protected":false},"excerpt":{"rendered":"<p>Goldwell StyleSign Lightweight Fluid giver \u00f8jeblikkelig definition til bl\u00f8dt samlet, naturlige kr\u00f8ller og b\u00f8lger, der kan reaktiveres. Hold: 2\/5 Glans: 2\/3 150ml<\/p>\n","protected":false},"featured_media":127768,"comment_status":"open","ping_status":"closed","template":"","meta":{"_trash_the_other_posts":false},"product_brand":[],"product_cat":[546],"product_tag":[],"berocket_brand":[1328],"class_list":{"0":"post-127773","1":"product","2":"type-product","3":"status-publish","4":"has-post-thumbnail","6":"product_cat-harstyling","7":"pa_brand-goldwell","8":"berocket_brand-goldwell","10":"first","11":"instock","12":"sale","13":"taxable","14":"shipping-taxable","15":"purchasable","16":"product-type-simple"},"_links":{"self":[{"href":"https:\/\/stylingagenten.com\/da\/wp-json\/wp\/v2\/product\/127773","targetHints":{"allow":["GET"]}}],"collection":[{"href":"https:\/\/stylingagenten.com\/da\/wp-json\/wp\/v2\/product"}],"about":[{"href":"https:\/\/stylingagenten.com\/da\/wp-json\/wp\/v2\/types\/product"}],"replies":[{"embeddable":true,"href":"https:\/\/stylingagenten.com\/da\/wp-json\/wp\/v2\/comments?post=127773"}],"version-history":[{"count":0,"href":"https:\/\/stylingagenten.com\/da\/wp-json\/wp\/v2\/product\/127773\/revisions"}],"wp:featuredmedia":[{"embeddable":true,"href":"https:\/\/stylingagenten.com\/da\/wp-json\/wp\/v2\/media\/127768"}],"wp:attachment":[{"href":"https:\/\/stylingagenten.com\/da\/wp-json\/wp\/v2\/media?parent=127773"}],"wp:term":[{"taxonomy":"product_brand","embeddable":true,"href":"https:\/\/stylingagenten.com\/da\/wp-json\/wp\/v2\/product_brand?post=127773"},{"taxonomy":"product_cat","embeddable":true,"href":"https:\/\/stylingagenten.com\/da\/wp-json\/wp\/v2\/product_cat?post=127773"},{"taxonomy":"product_tag","embeddable":true,"href":"https:\/\/stylingagenten.com\/da\/wp-json\/wp\/v2\/product_tag?post=127773"},{"taxonomy":"berocket_brand","embeddable":true,"href":"https:\/\/stylingagenten.com\/da\/wp-json\/wp\/v2\/berocket_brand?post=127773"}],"curies":[{"name":"wp","href":"https:\/\/api.w.org\/{rel}","templated":true}]}}