{"id":127767,"date":"2025-05-18T22:07:32","date_gmt":"2025-05-18T22:07:32","guid":{"rendered":"https:\/\/staging2.stylingagenten.com\/da\/produkt\/milk_shake-lifestyling-liquid-styler-250ml\/"},"modified":"2026-03-11T21:56:52","modified_gmt":"2026-03-11T21:56:52","slug":"milk_shake-lifestyling-liquid-styler-250ml","status":"publish","type":"product","link":"https:\/\/stylingagenten.com\/da\/produkt\/milk_shake-lifestyling-liquid-styler-250ml\/","title":{"rendered":"Milk_Shake Lifestyling Liquid Styler 250ml"},"content":{"rendered":"<p>Milk_Shake Lifestyling Liquid Styler er en alsidig stylingv\u00e6ske, ideel til at skabe definition og bl\u00f8d, fleksibel hold med hukommelseseffekt. Velegnet til alle frisurer, til at lade h\u00e5ret t\u00f8rre naturligt, og til alle h\u00e5rtyper. Efterlader h\u00e5ret fyldigt, bl\u00f8dt og skinnende.<\/p>\n<p>250ml<\/p>\n","protected":false},"excerpt":{"rendered":"<p>Milk_Shake Lifestyling Liquid Styler er en alsidig stylingv\u00e6ske, ideel til at skabe definition og bl\u00f8d, fleksibel hold med hukommelseseffekt. Velegnet til alle frisurer, til at lade h\u00e5ret t\u00f8rre naturligt, og til alle h\u00e5rtyper. Efterlader h\u00e5ret fyldigt, bl\u00f8dt og skinnende. 250ml<\/p>\n","protected":false},"featured_media":127766,"comment_status":"open","ping_status":"closed","template":"","meta":{"_trash_the_other_posts":false},"product_brand":[],"product_cat":[546],"product_tag":[],"berocket_brand":[1085],"class_list":{"0":"post-127767","1":"product","2":"type-product","3":"status-publish","4":"has-post-thumbnail","6":"product_cat-harstyling","7":"pa_brand-milk_shake","8":"berocket_brand-milk_shake","10":"first","11":"instock","12":"sale","13":"taxable","14":"shipping-taxable","15":"purchasable","16":"product-type-simple"},"_links":{"self":[{"href":"https:\/\/stylingagenten.com\/da\/wp-json\/wp\/v2\/product\/127767","targetHints":{"allow":["GET"]}}],"collection":[{"href":"https:\/\/stylingagenten.com\/da\/wp-json\/wp\/v2\/product"}],"about":[{"href":"https:\/\/stylingagenten.com\/da\/wp-json\/wp\/v2\/types\/product"}],"replies":[{"embeddable":true,"href":"https:\/\/stylingagenten.com\/da\/wp-json\/wp\/v2\/comments?post=127767"}],"version-history":[{"count":0,"href":"https:\/\/stylingagenten.com\/da\/wp-json\/wp\/v2\/product\/127767\/revisions"}],"wp:featuredmedia":[{"embeddable":true,"href":"https:\/\/stylingagenten.com\/da\/wp-json\/wp\/v2\/media\/127766"}],"wp:attachment":[{"href":"https:\/\/stylingagenten.com\/da\/wp-json\/wp\/v2\/media?parent=127767"}],"wp:term":[{"taxonomy":"product_brand","embeddable":true,"href":"https:\/\/stylingagenten.com\/da\/wp-json\/wp\/v2\/product_brand?post=127767"},{"taxonomy":"product_cat","embeddable":true,"href":"https:\/\/stylingagenten.com\/da\/wp-json\/wp\/v2\/product_cat?post=127767"},{"taxonomy":"product_tag","embeddable":true,"href":"https:\/\/stylingagenten.com\/da\/wp-json\/wp\/v2\/product_tag?post=127767"},{"taxonomy":"berocket_brand","embeddable":true,"href":"https:\/\/stylingagenten.com\/da\/wp-json\/wp\/v2\/berocket_brand?post=127767"}],"curies":[{"name":"wp","href":"https:\/\/api.w.org\/{rel}","templated":true}]}}