{"id":127758,"date":"2025-05-18T22:07:30","date_gmt":"2025-05-18T22:07:30","guid":{"rendered":"https:\/\/staging2.stylingagenten.com\/da\/produkt\/goldwell-stylesign-curls-bundling-gel-150ml\/"},"modified":"2026-04-01T14:01:56","modified_gmt":"2026-04-01T14:01:56","slug":"goldwell-stylesign-curls-bundling-gel-150ml","status":"publish","type":"product","link":"https:\/\/stylingagenten.com\/da\/produkt\/goldwell-stylesign-curls-bundling-gel-150ml\/","title":{"rendered":"Goldwell StyleSign Curls Bundling Gel 150ml"},"content":{"rendered":"<p>Goldwell StyleSign Bundling Gel definerer, fugter og g\u00f8r kr\u00f8llerne elastiske straks og i op til 72 timer. Modvirker krus og t\u00e6mmer kr\u00f8llerne uden at f\u00e5 h\u00e5ret til at f\u00f8les stift. Vegansk, CO2-kompenseret og dermatologisk testet. Hold 3\/5, Glans 2\/3.<\/p>\n<p>Perfekt til fint til medium tykt h\u00e5r.<\/p>\n<p>150ml<\/p>\n","protected":false},"excerpt":{"rendered":"<p>Goldwell StyleSign Bundling Gel definerer, fugter og g\u00f8r kr\u00f8llerne elastiske straks og i op til 72 timer. Modvirker krus og t\u00e6mmer kr\u00f8llerne uden at f\u00e5 h\u00e5ret til at f\u00f8les stift. Vegansk, CO2-kompenseret og dermatologisk testet. Hold 3\/5, Glans 2\/3. Perfekt til fint til medium tykt h\u00e5r. 150ml<\/p>\n","protected":false},"featured_media":127752,"comment_status":"open","ping_status":"closed","template":"","meta":{"_trash_the_other_posts":false},"product_brand":[],"product_cat":[546],"product_tag":[],"berocket_brand":[1328],"class_list":{"0":"post-127758","1":"product","2":"type-product","3":"status-publish","4":"has-post-thumbnail","6":"product_cat-harstyling","7":"pa_brand-goldwell","8":"berocket_brand-goldwell","10":"first","11":"instock","12":"sale","13":"taxable","14":"shipping-taxable","15":"purchasable","16":"product-type-simple"},"_links":{"self":[{"href":"https:\/\/stylingagenten.com\/da\/wp-json\/wp\/v2\/product\/127758","targetHints":{"allow":["GET"]}}],"collection":[{"href":"https:\/\/stylingagenten.com\/da\/wp-json\/wp\/v2\/product"}],"about":[{"href":"https:\/\/stylingagenten.com\/da\/wp-json\/wp\/v2\/types\/product"}],"replies":[{"embeddable":true,"href":"https:\/\/stylingagenten.com\/da\/wp-json\/wp\/v2\/comments?post=127758"}],"version-history":[{"count":0,"href":"https:\/\/stylingagenten.com\/da\/wp-json\/wp\/v2\/product\/127758\/revisions"}],"wp:featuredmedia":[{"embeddable":true,"href":"https:\/\/stylingagenten.com\/da\/wp-json\/wp\/v2\/media\/127752"}],"wp:attachment":[{"href":"https:\/\/stylingagenten.com\/da\/wp-json\/wp\/v2\/media?parent=127758"}],"wp:term":[{"taxonomy":"product_brand","embeddable":true,"href":"https:\/\/stylingagenten.com\/da\/wp-json\/wp\/v2\/product_brand?post=127758"},{"taxonomy":"product_cat","embeddable":true,"href":"https:\/\/stylingagenten.com\/da\/wp-json\/wp\/v2\/product_cat?post=127758"},{"taxonomy":"product_tag","embeddable":true,"href":"https:\/\/stylingagenten.com\/da\/wp-json\/wp\/v2\/product_tag?post=127758"},{"taxonomy":"berocket_brand","embeddable":true,"href":"https:\/\/stylingagenten.com\/da\/wp-json\/wp\/v2\/berocket_brand?post=127758"}],"curies":[{"name":"wp","href":"https:\/\/api.w.org\/{rel}","templated":true}]}}