{"id":127715,"date":"2025-05-18T22:07:21","date_gmt":"2025-05-18T22:07:21","guid":{"rendered":"https:\/\/staging2.stylingagenten.com\/da\/produkt\/olaplex-volumizing-blow-dry-mist-150ml\/"},"modified":"2026-04-08T15:31:24","modified_gmt":"2026-04-08T15:31:24","slug":"olaplex-volumizing-blow-dry-mist-150ml","status":"publish","type":"product","link":"https:\/\/stylingagenten.com\/da\/produkt\/olaplex-volumizing-blow-dry-mist-150ml\/","title":{"rendered":"Olaplex Volumizing Blow Dry Mist 150ml"},"content":{"rendered":"<p>Olaplex Volumizing Blow Dry Mist er en reparerende f\u00f8nspray, der skaber bl\u00f8de, volumin\u00f8se og synligt sundere blowouts med langvarig fylde og sp\u00e6ndstighed. Den v\u00e6gtl\u00f8se formel beskytter h\u00e5ret mod styling-skader og varme op til 450\u00baF\/232\u00baC og efterlader f\u00f8nt\u00f8rrede frisurer glatte, mens h\u00e5ret f\u00f8les st\u00e6rkt. Ingen skr\u00f8belige r\u00f8dder eller klistrede rester.<\/p>\n<p>150ml<\/p>\n","protected":false},"excerpt":{"rendered":"<p>Olaplex Volumizing Blow Dry Mist er en reparerende f\u00f8nspray, der skaber bl\u00f8de, volumin\u00f8se og synligt sundere blowouts med langvarig fylde og sp\u00e6ndstighed. Den v\u00e6gtl\u00f8se formel beskytter h\u00e5ret mod styling-skader og varme op til 450\u00baF\/232\u00baC og efterlader f\u00f8nt\u00f8rrede frisurer glatte, mens h\u00e5ret f\u00f8les st\u00e6rkt. Ingen skr\u00f8belige r\u00f8dder eller klistrede rester. 150ml<\/p>\n","protected":false},"featured_media":127709,"comment_status":"open","ping_status":"closed","template":"","meta":{"_trash_the_other_posts":false},"product_brand":[],"product_cat":[546],"product_tag":[],"berocket_brand":[1023],"class_list":{"0":"post-127715","1":"product","2":"type-product","3":"status-publish","4":"has-post-thumbnail","6":"product_cat-harstyling","7":"pa_brand-olaplex","8":"berocket_brand-olaplex","10":"first","11":"instock","12":"sale","13":"taxable","14":"shipping-taxable","15":"purchasable","16":"product-type-simple"},"_links":{"self":[{"href":"https:\/\/stylingagenten.com\/da\/wp-json\/wp\/v2\/product\/127715","targetHints":{"allow":["GET"]}}],"collection":[{"href":"https:\/\/stylingagenten.com\/da\/wp-json\/wp\/v2\/product"}],"about":[{"href":"https:\/\/stylingagenten.com\/da\/wp-json\/wp\/v2\/types\/product"}],"replies":[{"embeddable":true,"href":"https:\/\/stylingagenten.com\/da\/wp-json\/wp\/v2\/comments?post=127715"}],"version-history":[{"count":0,"href":"https:\/\/stylingagenten.com\/da\/wp-json\/wp\/v2\/product\/127715\/revisions"}],"wp:featuredmedia":[{"embeddable":true,"href":"https:\/\/stylingagenten.com\/da\/wp-json\/wp\/v2\/media\/127709"}],"wp:attachment":[{"href":"https:\/\/stylingagenten.com\/da\/wp-json\/wp\/v2\/media?parent=127715"}],"wp:term":[{"taxonomy":"product_brand","embeddable":true,"href":"https:\/\/stylingagenten.com\/da\/wp-json\/wp\/v2\/product_brand?post=127715"},{"taxonomy":"product_cat","embeddable":true,"href":"https:\/\/stylingagenten.com\/da\/wp-json\/wp\/v2\/product_cat?post=127715"},{"taxonomy":"product_tag","embeddable":true,"href":"https:\/\/stylingagenten.com\/da\/wp-json\/wp\/v2\/product_tag?post=127715"},{"taxonomy":"berocket_brand","embeddable":true,"href":"https:\/\/stylingagenten.com\/da\/wp-json\/wp\/v2\/berocket_brand?post=127715"}],"curies":[{"name":"wp","href":"https:\/\/api.w.org\/{rel}","templated":true}]}}