{"id":127623,"date":"2025-05-18T22:06:55","date_gmt":"2025-05-18T22:06:55","guid":{"rendered":"https:\/\/staging2.stylingagenten.com\/da\/produkt\/wella-eimi-super-set-extra-strong-finish-spray-500ml\/"},"modified":"2026-04-15T07:11:09","modified_gmt":"2026-04-15T07:11:09","slug":"wella-eimi-super-set-extra-strong-finish-spray-500ml","status":"publish","type":"product","link":"https:\/\/stylingagenten.com\/da\/produkt\/wella-eimi-super-set-extra-strong-finish-spray-500ml\/","title":{"rendered":"Wella EIMI Super Set Extra Strong Finish Spray 500ml"},"content":{"rendered":"<p>Wella EIMI Super Set Extra Strong Finish Spray. Tag kontrol over dit f\u00e6rdige mesterv\u00e6rk med en holdbar fiksering.<br \/>Hold niveau 4.<\/p>\n<p>Brug: Ryst godt, hold fast; Armsl\u00e6ngde v\u00e6k, og indpak derefter din trendy stil med et sl\u00f8r af ultra-st\u00e6rk fiksering.<\/p>\n","protected":false},"excerpt":{"rendered":"<p>Wella EIMI Super Set Extra Strong Finish Spray. Tag kontrol over dit f\u00e6rdige mesterv\u00e6rk med en holdbar fiksering.Hold niveau 4. Brug: Ryst godt, hold fast; Armsl\u00e6ngde v\u00e6k, og indpak derefter din trendy stil med et sl\u00f8r af ultra-st\u00e6rk fiksering.<\/p>\n","protected":false},"featured_media":127621,"comment_status":"open","ping_status":"closed","template":"","meta":{"_trash_the_other_posts":false},"product_brand":[],"product_cat":[576],"product_tag":[],"berocket_brand":[1030],"class_list":{"0":"post-127623","1":"product","2":"type-product","3":"status-publish","4":"has-post-thumbnail","6":"product_cat-harpiksspray","7":"pa_brand-wella","8":"berocket_brand-wella","10":"first","11":"instock","12":"sale","13":"taxable","14":"shipping-taxable","15":"purchasable","16":"product-type-simple"},"_links":{"self":[{"href":"https:\/\/stylingagenten.com\/da\/wp-json\/wp\/v2\/product\/127623","targetHints":{"allow":["GET"]}}],"collection":[{"href":"https:\/\/stylingagenten.com\/da\/wp-json\/wp\/v2\/product"}],"about":[{"href":"https:\/\/stylingagenten.com\/da\/wp-json\/wp\/v2\/types\/product"}],"replies":[{"embeddable":true,"href":"https:\/\/stylingagenten.com\/da\/wp-json\/wp\/v2\/comments?post=127623"}],"version-history":[{"count":0,"href":"https:\/\/stylingagenten.com\/da\/wp-json\/wp\/v2\/product\/127623\/revisions"}],"wp:featuredmedia":[{"embeddable":true,"href":"https:\/\/stylingagenten.com\/da\/wp-json\/wp\/v2\/media\/127621"}],"wp:attachment":[{"href":"https:\/\/stylingagenten.com\/da\/wp-json\/wp\/v2\/media?parent=127623"}],"wp:term":[{"taxonomy":"product_brand","embeddable":true,"href":"https:\/\/stylingagenten.com\/da\/wp-json\/wp\/v2\/product_brand?post=127623"},{"taxonomy":"product_cat","embeddable":true,"href":"https:\/\/stylingagenten.com\/da\/wp-json\/wp\/v2\/product_cat?post=127623"},{"taxonomy":"product_tag","embeddable":true,"href":"https:\/\/stylingagenten.com\/da\/wp-json\/wp\/v2\/product_tag?post=127623"},{"taxonomy":"berocket_brand","embeddable":true,"href":"https:\/\/stylingagenten.com\/da\/wp-json\/wp\/v2\/berocket_brand?post=127623"}],"curies":[{"name":"wp","href":"https:\/\/api.w.org\/{rel}","templated":true}]}}