{"id":127420,"date":"2025-05-18T22:05:48","date_gmt":"2025-05-18T22:05:48","guid":{"rendered":"https:\/\/staging2.stylingagenten.com\/da\/produkt\/revlon-style-masters-modular-2-hairspray-500ml\/"},"modified":"2026-04-09T10:28:29","modified_gmt":"2026-04-09T10:28:29","slug":"revlon-style-masters-modular-2-hairspray-500ml","status":"publish","type":"product","link":"https:\/\/stylingagenten.com\/da\/produkt\/revlon-style-masters-modular-2-hairspray-500ml\/","title":{"rendered":"Revlon Style Masters Modular 2 Hairspray 500ml"},"content":{"rendered":"<p>Hurtigtt\u00f8rrende h\u00e5rspray med fleksibelt hold. Giver mulighed for at styre charteret fra medium til h\u00f8j, afh\u00e6ngig af hvor meget produkt der bruges. Naturlig finish.<\/p>\n","protected":false},"excerpt":{"rendered":"<p>Hurtigtt\u00f8rrende h\u00e5rspray med fleksibelt hold. Giver mulighed for at styre charteret fra medium til h\u00f8j, afh\u00e6ngig af hvor meget produkt der bruges. Naturlig finish.<\/p>\n","protected":false},"featured_media":127418,"comment_status":"open","ping_status":"closed","template":"","meta":{"_trash_the_other_posts":false},"product_brand":[],"product_cat":[1003,576],"product_tag":[],"berocket_brand":[1040],"class_list":{"0":"post-127420","1":"product","2":"type-product","3":"status-publish","4":"has-post-thumbnail","6":"product_cat-bestsellere","7":"product_cat-harpiksspray","8":"pa_brand-revlon","9":"berocket_brand-revlon","11":"first","12":"instock","13":"sale","14":"taxable","15":"shipping-taxable","16":"purchasable","17":"product-type-simple"},"_links":{"self":[{"href":"https:\/\/stylingagenten.com\/da\/wp-json\/wp\/v2\/product\/127420","targetHints":{"allow":["GET"]}}],"collection":[{"href":"https:\/\/stylingagenten.com\/da\/wp-json\/wp\/v2\/product"}],"about":[{"href":"https:\/\/stylingagenten.com\/da\/wp-json\/wp\/v2\/types\/product"}],"replies":[{"embeddable":true,"href":"https:\/\/stylingagenten.com\/da\/wp-json\/wp\/v2\/comments?post=127420"}],"version-history":[{"count":0,"href":"https:\/\/stylingagenten.com\/da\/wp-json\/wp\/v2\/product\/127420\/revisions"}],"wp:featuredmedia":[{"embeddable":true,"href":"https:\/\/stylingagenten.com\/da\/wp-json\/wp\/v2\/media\/127418"}],"wp:attachment":[{"href":"https:\/\/stylingagenten.com\/da\/wp-json\/wp\/v2\/media?parent=127420"}],"wp:term":[{"taxonomy":"product_brand","embeddable":true,"href":"https:\/\/stylingagenten.com\/da\/wp-json\/wp\/v2\/product_brand?post=127420"},{"taxonomy":"product_cat","embeddable":true,"href":"https:\/\/stylingagenten.com\/da\/wp-json\/wp\/v2\/product_cat?post=127420"},{"taxonomy":"product_tag","embeddable":true,"href":"https:\/\/stylingagenten.com\/da\/wp-json\/wp\/v2\/product_tag?post=127420"},{"taxonomy":"berocket_brand","embeddable":true,"href":"https:\/\/stylingagenten.com\/da\/wp-json\/wp\/v2\/berocket_brand?post=127420"}],"curies":[{"name":"wp","href":"https:\/\/api.w.org\/{rel}","templated":true}]}}