{"id":127394,"date":"2025-05-18T22:05:39","date_gmt":"2025-05-18T22:05:39","guid":{"rendered":"https:\/\/staging2.stylingagenten.com\/da\/produkt\/schwarzkopf-osis-freeze-pump-200ml\/"},"modified":"2026-03-17T10:27:51","modified_gmt":"2026-03-17T10:27:51","slug":"schwarzkopf-osis-freeze-pump-200ml","status":"publish","type":"product","link":"https:\/\/stylingagenten.com\/da\/produkt\/schwarzkopf-osis-freeze-pump-200ml\/","title":{"rendered":"Schwarzkopf Osis Freeze Pump 200ml"},"content":{"rendered":"<p>Schwarzkopf Osis Freeze Pump 200ml<br \/>Pump op for volumen med OSiS Freeze Pump, en findelt og hurtigt\u00f8rrende vegansk h\u00e5rmist uden aerosol. Det giver et holdbart hold, holder kr\u00f8llerne p\u00e5 plads og beskytter mod varmeskader op til 230\u00b0C.<\/p>\n","protected":false},"excerpt":{"rendered":"<p>Schwarzkopf Osis Freeze Pump 200mlPump op for volumen med OSiS Freeze Pump, en findelt og hurtigt\u00f8rrende vegansk h\u00e5rmist uden aerosol. Det giver et holdbart hold, holder kr\u00f8llerne p\u00e5 plads og beskytter mod varmeskader op til 230\u00b0C.<\/p>\n","protected":false},"featured_media":127392,"comment_status":"open","ping_status":"closed","template":"","meta":{"_trash_the_other_posts":false},"product_brand":[],"product_cat":[576],"product_tag":[],"berocket_brand":[1060],"class_list":{"0":"post-127394","1":"product","2":"type-product","3":"status-publish","4":"has-post-thumbnail","6":"product_cat-harpiksspray","7":"pa_brand-schwarzkopf","8":"berocket_brand-schwarzkopf","10":"first","11":"instock","12":"sale","13":"taxable","14":"shipping-taxable","15":"purchasable","16":"product-type-simple"},"_links":{"self":[{"href":"https:\/\/stylingagenten.com\/da\/wp-json\/wp\/v2\/product\/127394","targetHints":{"allow":["GET"]}}],"collection":[{"href":"https:\/\/stylingagenten.com\/da\/wp-json\/wp\/v2\/product"}],"about":[{"href":"https:\/\/stylingagenten.com\/da\/wp-json\/wp\/v2\/types\/product"}],"replies":[{"embeddable":true,"href":"https:\/\/stylingagenten.com\/da\/wp-json\/wp\/v2\/comments?post=127394"}],"version-history":[{"count":0,"href":"https:\/\/stylingagenten.com\/da\/wp-json\/wp\/v2\/product\/127394\/revisions"}],"wp:featuredmedia":[{"embeddable":true,"href":"https:\/\/stylingagenten.com\/da\/wp-json\/wp\/v2\/media\/127392"}],"wp:attachment":[{"href":"https:\/\/stylingagenten.com\/da\/wp-json\/wp\/v2\/media?parent=127394"}],"wp:term":[{"taxonomy":"product_brand","embeddable":true,"href":"https:\/\/stylingagenten.com\/da\/wp-json\/wp\/v2\/product_brand?post=127394"},{"taxonomy":"product_cat","embeddable":true,"href":"https:\/\/stylingagenten.com\/da\/wp-json\/wp\/v2\/product_cat?post=127394"},{"taxonomy":"product_tag","embeddable":true,"href":"https:\/\/stylingagenten.com\/da\/wp-json\/wp\/v2\/product_tag?post=127394"},{"taxonomy":"berocket_brand","embeddable":true,"href":"https:\/\/stylingagenten.com\/da\/wp-json\/wp\/v2\/berocket_brand?post=127394"}],"curies":[{"name":"wp","href":"https:\/\/api.w.org\/{rel}","templated":true}]}}