{"id":127386,"date":"2025-05-18T22:05:36","date_gmt":"2025-05-18T22:05:36","guid":{"rendered":"https:\/\/staging2.stylingagenten.com\/da\/produkt\/schwarzkopf-osis-session-500ml\/"},"modified":"2026-04-13T07:27:32","modified_gmt":"2026-04-13T07:27:32","slug":"schwarzkopf-osis-session-500ml","status":"publish","type":"product","link":"https:\/\/stylingagenten.com\/da\/produkt\/schwarzkopf-osis-session-500ml\/","title":{"rendered":"Schwarzkopf Osis Session 500ml"},"content":{"rendered":"<p>Schwarzkopf Osis Session 500ml<br \/>OSiS Session er en vegansk h\u00e5rspray med ekstra st\u00e6rkt hold, der beskytter h\u00e5ret mod fugt-, vind- og varmeskader op til 230\u00b0C og muligg\u00f8r holdbare frisurer uden kompromis. Let at b\u00f8rste ud uden at efterlade produktrester.<\/p>\n","protected":false},"excerpt":{"rendered":"<p>Schwarzkopf Osis Session 500mlOSiS Session er en vegansk h\u00e5rspray med ekstra st\u00e6rkt hold, der beskytter h\u00e5ret mod fugt-, vind- og varmeskader op til 230\u00b0C og muligg\u00f8r holdbare frisurer uden kompromis. Let at b\u00f8rste ud uden at efterlade produktrester.<\/p>\n","protected":false},"featured_media":127383,"comment_status":"open","ping_status":"closed","template":"","meta":{"_trash_the_other_posts":false},"product_brand":[],"product_cat":[1003,576],"product_tag":[3982],"berocket_brand":[1060],"class_list":{"0":"post-127386","1":"product","2":"type-product","3":"status-publish","4":"has-post-thumbnail","6":"product_cat-bestsellere","7":"product_cat-harpiksspray","8":"product_tag-schwarzkopf-osis-session","9":"pa_brand-schwarzkopf","10":"pa_variant-500ml","11":"berocket_brand-schwarzkopf","13":"first","14":"instock","15":"sale","16":"taxable","17":"shipping-taxable","18":"purchasable","19":"product-type-simple"},"_links":{"self":[{"href":"https:\/\/stylingagenten.com\/da\/wp-json\/wp\/v2\/product\/127386","targetHints":{"allow":["GET"]}}],"collection":[{"href":"https:\/\/stylingagenten.com\/da\/wp-json\/wp\/v2\/product"}],"about":[{"href":"https:\/\/stylingagenten.com\/da\/wp-json\/wp\/v2\/types\/product"}],"replies":[{"embeddable":true,"href":"https:\/\/stylingagenten.com\/da\/wp-json\/wp\/v2\/comments?post=127386"}],"version-history":[{"count":0,"href":"https:\/\/stylingagenten.com\/da\/wp-json\/wp\/v2\/product\/127386\/revisions"}],"wp:featuredmedia":[{"embeddable":true,"href":"https:\/\/stylingagenten.com\/da\/wp-json\/wp\/v2\/media\/127383"}],"wp:attachment":[{"href":"https:\/\/stylingagenten.com\/da\/wp-json\/wp\/v2\/media?parent=127386"}],"wp:term":[{"taxonomy":"product_brand","embeddable":true,"href":"https:\/\/stylingagenten.com\/da\/wp-json\/wp\/v2\/product_brand?post=127386"},{"taxonomy":"product_cat","embeddable":true,"href":"https:\/\/stylingagenten.com\/da\/wp-json\/wp\/v2\/product_cat?post=127386"},{"taxonomy":"product_tag","embeddable":true,"href":"https:\/\/stylingagenten.com\/da\/wp-json\/wp\/v2\/product_tag?post=127386"},{"taxonomy":"berocket_brand","embeddable":true,"href":"https:\/\/stylingagenten.com\/da\/wp-json\/wp\/v2\/berocket_brand?post=127386"}],"curies":[{"name":"wp","href":"https:\/\/api.w.org\/{rel}","templated":true}]}}