{"id":127347,"date":"2025-05-18T22:05:19","date_gmt":"2025-05-18T22:05:19","guid":{"rendered":"https:\/\/staging2.stylingagenten.com\/da\/produkt\/sachajuan-hairspray-strong-control-200ml\/"},"modified":"2026-03-11T21:58:35","modified_gmt":"2026-03-11T21:58:35","slug":"sachajuan-hairspray-strong-control-200ml","status":"publish","type":"product","link":"https:\/\/stylingagenten.com\/da\/produkt\/sachajuan-hairspray-strong-control-200ml\/","title":{"rendered":"SACHAJUAN Hairspray Strong Control 200ml"},"content":{"rendered":"<p>SACHAJUAN Hairspray Strong Control er lavet til at afslutte din frisure. Det giver et st\u00e6rkt hold uden at v\u00e6re klistret. Sprayen vil ikke tynge dit h\u00e5r og giver kraftig kontrol over frisuren hele dagen.<\/p>\n<p>200ml<\/p>\n","protected":false},"excerpt":{"rendered":"<p>SACHAJUAN Hairspray Strong Control er lavet til at afslutte din frisure. Det giver et st\u00e6rkt hold uden at v\u00e6re klistret. Sprayen vil ikke tynge dit h\u00e5r og giver kraftig kontrol over frisuren hele dagen. 200ml<\/p>\n","protected":false},"featured_media":127345,"comment_status":"open","ping_status":"closed","template":"","meta":{"_trash_the_other_posts":false},"product_brand":[],"product_cat":[576],"product_tag":[],"berocket_brand":[1409],"class_list":{"0":"post-127347","1":"product","2":"type-product","3":"status-publish","4":"has-post-thumbnail","6":"product_cat-harpiksspray","7":"pa_brand-sachajuan","8":"berocket_brand-sachajuan","10":"first","11":"outofstock","12":"sale","13":"taxable","14":"shipping-taxable","15":"purchasable","16":"product-type-simple"},"_links":{"self":[{"href":"https:\/\/stylingagenten.com\/da\/wp-json\/wp\/v2\/product\/127347","targetHints":{"allow":["GET"]}}],"collection":[{"href":"https:\/\/stylingagenten.com\/da\/wp-json\/wp\/v2\/product"}],"about":[{"href":"https:\/\/stylingagenten.com\/da\/wp-json\/wp\/v2\/types\/product"}],"replies":[{"embeddable":true,"href":"https:\/\/stylingagenten.com\/da\/wp-json\/wp\/v2\/comments?post=127347"}],"version-history":[{"count":0,"href":"https:\/\/stylingagenten.com\/da\/wp-json\/wp\/v2\/product\/127347\/revisions"}],"wp:featuredmedia":[{"embeddable":true,"href":"https:\/\/stylingagenten.com\/da\/wp-json\/wp\/v2\/media\/127345"}],"wp:attachment":[{"href":"https:\/\/stylingagenten.com\/da\/wp-json\/wp\/v2\/media?parent=127347"}],"wp:term":[{"taxonomy":"product_brand","embeddable":true,"href":"https:\/\/stylingagenten.com\/da\/wp-json\/wp\/v2\/product_brand?post=127347"},{"taxonomy":"product_cat","embeddable":true,"href":"https:\/\/stylingagenten.com\/da\/wp-json\/wp\/v2\/product_cat?post=127347"},{"taxonomy":"product_tag","embeddable":true,"href":"https:\/\/stylingagenten.com\/da\/wp-json\/wp\/v2\/product_tag?post=127347"},{"taxonomy":"berocket_brand","embeddable":true,"href":"https:\/\/stylingagenten.com\/da\/wp-json\/wp\/v2\/berocket_brand?post=127347"}],"curies":[{"name":"wp","href":"https:\/\/api.w.org\/{rel}","templated":true}]}}