{"id":127298,"date":"2025-05-18T22:05:00","date_gmt":"2025-05-18T22:05:00","guid":{"rendered":"https:\/\/staging2.stylingagenten.com\/da\/produkt\/bjork-forma-textur-texture-spray-200ml\/"},"modified":"2026-03-25T20:08:41","modified_gmt":"2026-03-25T20:08:41","slug":"bjork-forma-textur-texture-spray-200ml","status":"publish","type":"product","link":"https:\/\/stylingagenten.com\/da\/produkt\/bjork-forma-textur-texture-spray-200ml\/","title":{"rendered":"Bj\u00f6rk FORMA TEXTUR Texture Spray 200ml"},"content":{"rendered":"<p>Bj\u00f6rk FORMA TEXTUR Texture Spray er en teksturspray, der hurtigt skaber volumen og tekstur. Den n\u00e6ringsrige formel med rose-, bl\u00e5b\u00e6r- og solsikkeekstrakt plejer h\u00e5ret samtidig med, at den giver hold. Den giver en fleksibel hold og en mat finish.<\/p>\n<p>Duft: Luksuri\u00f8s og frugtig duft med hint af r\u00f8de b\u00e6r og vanilje.<\/p>\n<p>200 ml<\/p>\n","protected":false},"excerpt":{"rendered":"<p>Bj\u00f6rk FORMA TEXTUR Texture Spray er en teksturspray, der hurtigt skaber volumen og tekstur. Den n\u00e6ringsrige formel med rose-, bl\u00e5b\u00e6r- og solsikkeekstrakt plejer h\u00e5ret samtidig med, at den giver hold. Den giver en fleksibel hold og en mat finish. Duft: Luksuri\u00f8s og frugtig duft med hint af r\u00f8de b\u00e6r og vanilje. 200 ml<\/p>\n","protected":false},"featured_media":127297,"comment_status":"open","ping_status":"closed","template":"","meta":{"_trash_the_other_posts":false},"product_brand":[],"product_cat":[576],"product_tag":[2559],"berocket_brand":[1418],"class_list":{"0":"post-127298","1":"product","2":"type-product","3":"status-publish","4":"has-post-thumbnail","6":"product_cat-harpiksspray","7":"product_tag-bjork-forma-textur-texture-spray","8":"pa_brand-bjork","9":"pa_variant-200ml","10":"berocket_brand-bjork","12":"first","13":"instock","14":"sale","15":"taxable","16":"shipping-taxable","17":"purchasable","18":"product-type-simple"},"_links":{"self":[{"href":"https:\/\/stylingagenten.com\/da\/wp-json\/wp\/v2\/product\/127298","targetHints":{"allow":["GET"]}}],"collection":[{"href":"https:\/\/stylingagenten.com\/da\/wp-json\/wp\/v2\/product"}],"about":[{"href":"https:\/\/stylingagenten.com\/da\/wp-json\/wp\/v2\/types\/product"}],"replies":[{"embeddable":true,"href":"https:\/\/stylingagenten.com\/da\/wp-json\/wp\/v2\/comments?post=127298"}],"version-history":[{"count":0,"href":"https:\/\/stylingagenten.com\/da\/wp-json\/wp\/v2\/product\/127298\/revisions"}],"wp:featuredmedia":[{"embeddable":true,"href":"https:\/\/stylingagenten.com\/da\/wp-json\/wp\/v2\/media\/127297"}],"wp:attachment":[{"href":"https:\/\/stylingagenten.com\/da\/wp-json\/wp\/v2\/media?parent=127298"}],"wp:term":[{"taxonomy":"product_brand","embeddable":true,"href":"https:\/\/stylingagenten.com\/da\/wp-json\/wp\/v2\/product_brand?post=127298"},{"taxonomy":"product_cat","embeddable":true,"href":"https:\/\/stylingagenten.com\/da\/wp-json\/wp\/v2\/product_cat?post=127298"},{"taxonomy":"product_tag","embeddable":true,"href":"https:\/\/stylingagenten.com\/da\/wp-json\/wp\/v2\/product_tag?post=127298"},{"taxonomy":"berocket_brand","embeddable":true,"href":"https:\/\/stylingagenten.com\/da\/wp-json\/wp\/v2\/berocket_brand?post=127298"}],"curies":[{"name":"wp","href":"https:\/\/api.w.org\/{rel}","templated":true}]}}