{"id":127292,"date":"2025-05-18T22:04:57","date_gmt":"2025-05-18T22:04:57","guid":{"rendered":"https:\/\/staging2.stylingagenten.com\/da\/produkt\/goldwell-stylesign-volume-root-boost-spray-200ml\/"},"modified":"2026-03-11T21:49:01","modified_gmt":"2026-03-11T21:49:01","slug":"goldwell-stylesign-volume-root-boost-spray-200ml","status":"publish","type":"product","link":"https:\/\/stylingagenten.com\/da\/produkt\/goldwell-stylesign-volume-root-boost-spray-200ml\/","title":{"rendered":"Goldwell StyleSign Volume Root Boost Spray 200ml"},"content":{"rendered":"<p>Goldwell StyleSign Root Boost Spray l\u00f8fter \u00f8jeblikkeligt h\u00e5ret ved r\u00f8dderne og giver m\u00e5lrettet volumen i op til 48 timer. Vegansk, CO2-kompenseret og dermatologisk testet. Styrke 4\/5, glans 0\/3. Perfekt til tyndt til medium tykt h\u00e5r.<\/p>\n<p>200ml<\/p>\n","protected":false},"excerpt":{"rendered":"<p>Goldwell StyleSign Root Boost Spray l\u00f8fter \u00f8jeblikkeligt h\u00e5ret ved r\u00f8dderne og giver m\u00e5lrettet volumen i op til 48 timer. Vegansk, CO2-kompenseret og dermatologisk testet. Styrke 4\/5, glans 0\/3. Perfekt til tyndt til medium tykt h\u00e5r. 200ml<\/p>\n","protected":false},"featured_media":127287,"comment_status":"open","ping_status":"closed","template":"","meta":{"_trash_the_other_posts":false},"product_brand":[],"product_cat":[576],"product_tag":[],"berocket_brand":[1328],"class_list":{"0":"post-127292","1":"product","2":"type-product","3":"status-publish","4":"has-post-thumbnail","6":"product_cat-harpiksspray","7":"pa_brand-goldwell","8":"berocket_brand-goldwell","10":"first","11":"instock","12":"sale","13":"taxable","14":"shipping-taxable","15":"purchasable","16":"product-type-simple"},"_links":{"self":[{"href":"https:\/\/stylingagenten.com\/da\/wp-json\/wp\/v2\/product\/127292","targetHints":{"allow":["GET"]}}],"collection":[{"href":"https:\/\/stylingagenten.com\/da\/wp-json\/wp\/v2\/product"}],"about":[{"href":"https:\/\/stylingagenten.com\/da\/wp-json\/wp\/v2\/types\/product"}],"replies":[{"embeddable":true,"href":"https:\/\/stylingagenten.com\/da\/wp-json\/wp\/v2\/comments?post=127292"}],"version-history":[{"count":0,"href":"https:\/\/stylingagenten.com\/da\/wp-json\/wp\/v2\/product\/127292\/revisions"}],"wp:featuredmedia":[{"embeddable":true,"href":"https:\/\/stylingagenten.com\/da\/wp-json\/wp\/v2\/media\/127287"}],"wp:attachment":[{"href":"https:\/\/stylingagenten.com\/da\/wp-json\/wp\/v2\/media?parent=127292"}],"wp:term":[{"taxonomy":"product_brand","embeddable":true,"href":"https:\/\/stylingagenten.com\/da\/wp-json\/wp\/v2\/product_brand?post=127292"},{"taxonomy":"product_cat","embeddable":true,"href":"https:\/\/stylingagenten.com\/da\/wp-json\/wp\/v2\/product_cat?post=127292"},{"taxonomy":"product_tag","embeddable":true,"href":"https:\/\/stylingagenten.com\/da\/wp-json\/wp\/v2\/product_tag?post=127292"},{"taxonomy":"berocket_brand","embeddable":true,"href":"https:\/\/stylingagenten.com\/da\/wp-json\/wp\/v2\/berocket_brand?post=127292"}],"curies":[{"name":"wp","href":"https:\/\/api.w.org\/{rel}","templated":true}]}}