{"id":127268,"date":"2025-05-18T22:04:45","date_gmt":"2025-05-18T22:04:45","guid":{"rendered":"https:\/\/staging2.stylingagenten.com\/da\/produkt\/joico-joimist-firm-protective-finishing-spray-300ml\/"},"modified":"2026-04-14T06:28:31","modified_gmt":"2026-04-14T06:28:31","slug":"joico-joimist-firm-protective-finishing-spray-300ml","status":"publish","type":"product","link":"https:\/\/stylingagenten.com\/da\/produkt\/joico-joimist-firm-protective-finishing-spray-300ml\/","title":{"rendered":"Joico JoiMist Firm Protective Finishing Spray 300ml"},"content":{"rendered":"<p>Joico JoiMist Firm Protective Finishing Spray l\u00e5ser din frisure med en holdbarhed op til niveau 9 og holder de elementer ude, som kan \u00f8del\u00e6gge din frisure, for en finish der bliver p\u00e5 plads og kan modst\u00e5 fugt og forurening.<\/p>\n<p>300ml<\/p>\n","protected":false},"excerpt":{"rendered":"<p>Joico JoiMist Firm Protective Finishing Spray l\u00e5ser din frisure med en holdbarhed op til niveau 9 og holder de elementer ude, som kan \u00f8del\u00e6gge din frisure, for en finish der bliver p\u00e5 plads og kan modst\u00e5 fugt og forurening. 300ml<\/p>\n","protected":false},"featured_media":127267,"comment_status":"open","ping_status":"closed","template":"","meta":{"_trash_the_other_posts":false},"product_brand":[],"product_cat":[576],"product_tag":[],"berocket_brand":[1372],"class_list":{"0":"post-127268","1":"product","2":"type-product","3":"status-publish","4":"has-post-thumbnail","6":"product_cat-harpiksspray","7":"pa_brand-joico","8":"berocket_brand-joico","10":"first","11":"instock","12":"sale","13":"taxable","14":"shipping-taxable","15":"purchasable","16":"product-type-simple"},"_links":{"self":[{"href":"https:\/\/stylingagenten.com\/da\/wp-json\/wp\/v2\/product\/127268","targetHints":{"allow":["GET"]}}],"collection":[{"href":"https:\/\/stylingagenten.com\/da\/wp-json\/wp\/v2\/product"}],"about":[{"href":"https:\/\/stylingagenten.com\/da\/wp-json\/wp\/v2\/types\/product"}],"replies":[{"embeddable":true,"href":"https:\/\/stylingagenten.com\/da\/wp-json\/wp\/v2\/comments?post=127268"}],"version-history":[{"count":0,"href":"https:\/\/stylingagenten.com\/da\/wp-json\/wp\/v2\/product\/127268\/revisions"}],"wp:featuredmedia":[{"embeddable":true,"href":"https:\/\/stylingagenten.com\/da\/wp-json\/wp\/v2\/media\/127267"}],"wp:attachment":[{"href":"https:\/\/stylingagenten.com\/da\/wp-json\/wp\/v2\/media?parent=127268"}],"wp:term":[{"taxonomy":"product_brand","embeddable":true,"href":"https:\/\/stylingagenten.com\/da\/wp-json\/wp\/v2\/product_brand?post=127268"},{"taxonomy":"product_cat","embeddable":true,"href":"https:\/\/stylingagenten.com\/da\/wp-json\/wp\/v2\/product_cat?post=127268"},{"taxonomy":"product_tag","embeddable":true,"href":"https:\/\/stylingagenten.com\/da\/wp-json\/wp\/v2\/product_tag?post=127268"},{"taxonomy":"berocket_brand","embeddable":true,"href":"https:\/\/stylingagenten.com\/da\/wp-json\/wp\/v2\/berocket_brand?post=127268"}],"curies":[{"name":"wp","href":"https:\/\/api.w.org\/{rel}","templated":true}]}}