{"id":127259,"date":"2025-05-18T22:04:42","date_gmt":"2025-05-18T22:04:42","guid":{"rendered":"https:\/\/staging2.stylingagenten.com\/da\/produkt\/milk_shake-lifestyling-let-it-shine-200ml\/"},"modified":"2026-03-11T21:58:29","modified_gmt":"2026-03-11T21:58:29","slug":"milk_shake-lifestyling-let-it-shine-200ml","status":"publish","type":"product","link":"https:\/\/stylingagenten.com\/da\/produkt\/milk_shake-lifestyling-let-it-shine-200ml\/","title":{"rendered":"Milk_Shake Lifestyling Let It Shine 200ml"},"content":{"rendered":"<p>Milk_Shake Lifestyling Let It Shine er en bl\u00f8dg\u00f8rende glansspray. Den super fine t\u00e5ge g\u00f8r h\u00e5ret skinnende blankt uden at tynge det ned. Giver ingen hold. Passer til alle h\u00e5rtyper. Holder statisk h\u00e5r i skak og beskytter mod varme.<\/p>\n<p>200ml<\/p>\n","protected":false},"excerpt":{"rendered":"<p>Milk_Shake Lifestyling Let It Shine er en bl\u00f8dg\u00f8rende glansspray. Den super fine t\u00e5ge g\u00f8r h\u00e5ret skinnende blankt uden at tynge det ned. Giver ingen hold. Passer til alle h\u00e5rtyper. Holder statisk h\u00e5r i skak og beskytter mod varme. 200ml<\/p>\n","protected":false},"featured_media":127258,"comment_status":"open","ping_status":"closed","template":"","meta":{"_trash_the_other_posts":false},"product_brand":[],"product_cat":[576],"product_tag":[],"berocket_brand":[1085],"class_list":{"0":"post-127259","1":"product","2":"type-product","3":"status-publish","4":"has-post-thumbnail","6":"product_cat-harpiksspray","7":"pa_brand-milk_shake","8":"berocket_brand-milk_shake","10":"first","11":"instock","12":"sale","13":"taxable","14":"shipping-taxable","15":"purchasable","16":"product-type-simple"},"_links":{"self":[{"href":"https:\/\/stylingagenten.com\/da\/wp-json\/wp\/v2\/product\/127259","targetHints":{"allow":["GET"]}}],"collection":[{"href":"https:\/\/stylingagenten.com\/da\/wp-json\/wp\/v2\/product"}],"about":[{"href":"https:\/\/stylingagenten.com\/da\/wp-json\/wp\/v2\/types\/product"}],"replies":[{"embeddable":true,"href":"https:\/\/stylingagenten.com\/da\/wp-json\/wp\/v2\/comments?post=127259"}],"version-history":[{"count":0,"href":"https:\/\/stylingagenten.com\/da\/wp-json\/wp\/v2\/product\/127259\/revisions"}],"wp:featuredmedia":[{"embeddable":true,"href":"https:\/\/stylingagenten.com\/da\/wp-json\/wp\/v2\/media\/127258"}],"wp:attachment":[{"href":"https:\/\/stylingagenten.com\/da\/wp-json\/wp\/v2\/media?parent=127259"}],"wp:term":[{"taxonomy":"product_brand","embeddable":true,"href":"https:\/\/stylingagenten.com\/da\/wp-json\/wp\/v2\/product_brand?post=127259"},{"taxonomy":"product_cat","embeddable":true,"href":"https:\/\/stylingagenten.com\/da\/wp-json\/wp\/v2\/product_cat?post=127259"},{"taxonomy":"product_tag","embeddable":true,"href":"https:\/\/stylingagenten.com\/da\/wp-json\/wp\/v2\/product_tag?post=127259"},{"taxonomy":"berocket_brand","embeddable":true,"href":"https:\/\/stylingagenten.com\/da\/wp-json\/wp\/v2\/berocket_brand?post=127259"}],"curies":[{"name":"wp","href":"https:\/\/api.w.org\/{rel}","templated":true}]}}