{"id":127155,"date":"2025-05-18T22:03:40","date_gmt":"2025-05-18T22:03:40","guid":{"rendered":"https:\/\/staging2.stylingagenten.com\/da\/produkt\/goldwell-dualsenses-rich-repair-6-effect-serum-100ml\/"},"modified":"2026-04-14T06:48:40","modified_gmt":"2026-04-14T06:48:40","slug":"goldwell-dualsenses-rich-repair-6-effect-serum-100ml","status":"publish","type":"product","link":"https:\/\/stylingagenten.com\/da\/produkt\/goldwell-dualsenses-rich-repair-6-effect-serum-100ml\/","title":{"rendered":"Goldwell Dualsenses Rich Repair 6 Effect Serum 100ml"},"content":{"rendered":"<p>Goldwell Dualsenses Rich Repair 6 Effects Serum er perfekt til beskadiget h\u00e5r. Indeholder IntraLipid Complex, der reparerer h\u00e5ret indefra og ud. Lipider erstattes effektivt af dybden til intensiv rekonstruktion af den indre h\u00e5rstruktur samt de beskadigede lidider i negleb\u00e5ndslaget.<\/p>\n<p>Serummet har seks regenererende effekter:<br \/>Reducerer antallet af kn\u00e6kkede h\u00e5rstr\u00e5<br \/> Giver en silkebl\u00f8d fornemmelse<br \/>&amp;Oumlcked elasticitet<br \/>Giver sundt h\u00e5r p\u00e5 l\u00e6ngderne og i spidserne<br \/>Giver \u00f8jeblikkelig glans<br \/>&nbsp;&Aring;genopretter h\u00e5rets struktur.<\/p>\n<p>P\u00e5f\u00f8r 1-2 pumpedosis i h\u00e5ndkl\u00e6det\u00f8rt eller t\u00f8rt h\u00e5r. Fordel j\u00e6vnt i h\u00e5ret. B\u00f8r ikke skylles ud.<\/p>\n","protected":false},"excerpt":{"rendered":"<p>Goldwell Dualsenses Rich Repair 6 Effects Serum er perfekt til beskadiget h\u00e5r. Indeholder IntraLipid Complex, der reparerer h\u00e5ret indefra og ud. Lipider erstattes effektivt af dybden til intensiv rekonstruktion af den indre h\u00e5rstruktur samt de beskadigede lidider i negleb\u00e5ndslaget. Serummet har seks regenererende effekter:Reducerer antallet af kn\u00e6kkede h\u00e5rstr\u00e5 Giver en silkebl\u00f8d fornemmelse&amp;Oumlcked elasticitetGiver sundt h\u00e5r [&hellip;]<\/p>\n","protected":false},"featured_media":127154,"comment_status":"open","ping_status":"closed","template":"","meta":{"_trash_the_other_posts":false},"product_brand":[],"product_cat":[615],"product_tag":[],"berocket_brand":[1328],"class_list":{"0":"post-127155","1":"product","2":"type-product","3":"status-publish","4":"has-post-thumbnail","6":"product_cat-harpiks-serum","7":"pa_brand-goldwell","8":"berocket_brand-goldwell","10":"first","11":"instock","12":"sale","13":"taxable","14":"shipping-taxable","15":"purchasable","16":"product-type-simple"},"_links":{"self":[{"href":"https:\/\/stylingagenten.com\/da\/wp-json\/wp\/v2\/product\/127155","targetHints":{"allow":["GET"]}}],"collection":[{"href":"https:\/\/stylingagenten.com\/da\/wp-json\/wp\/v2\/product"}],"about":[{"href":"https:\/\/stylingagenten.com\/da\/wp-json\/wp\/v2\/types\/product"}],"replies":[{"embeddable":true,"href":"https:\/\/stylingagenten.com\/da\/wp-json\/wp\/v2\/comments?post=127155"}],"version-history":[{"count":0,"href":"https:\/\/stylingagenten.com\/da\/wp-json\/wp\/v2\/product\/127155\/revisions"}],"wp:featuredmedia":[{"embeddable":true,"href":"https:\/\/stylingagenten.com\/da\/wp-json\/wp\/v2\/media\/127154"}],"wp:attachment":[{"href":"https:\/\/stylingagenten.com\/da\/wp-json\/wp\/v2\/media?parent=127155"}],"wp:term":[{"taxonomy":"product_brand","embeddable":true,"href":"https:\/\/stylingagenten.com\/da\/wp-json\/wp\/v2\/product_brand?post=127155"},{"taxonomy":"product_cat","embeddable":true,"href":"https:\/\/stylingagenten.com\/da\/wp-json\/wp\/v2\/product_cat?post=127155"},{"taxonomy":"product_tag","embeddable":true,"href":"https:\/\/stylingagenten.com\/da\/wp-json\/wp\/v2\/product_tag?post=127155"},{"taxonomy":"berocket_brand","embeddable":true,"href":"https:\/\/stylingagenten.com\/da\/wp-json\/wp\/v2\/berocket_brand?post=127155"}],"curies":[{"name":"wp","href":"https:\/\/api.w.org\/{rel}","templated":true}]}}