{"id":127117,"date":"2025-05-18T22:03:23","date_gmt":"2025-05-18T22:03:23","guid":{"rendered":"https:\/\/staging2.stylingagenten.com\/da\/produkt\/olaplex-no-0-intensive-bond-building-hair-treatment-155ml\/"},"modified":"2026-04-08T23:18:41","modified_gmt":"2026-04-08T23:18:41","slug":"olaplex-no-0-intensive-bond-building-hair-treatment-155ml","status":"publish","type":"product","link":"https:\/\/stylingagenten.com\/da\/produkt\/olaplex-no-0-intensive-bond-building-hair-treatment-155ml\/","title":{"rendered":"Olaplex No.0 Intensive Bond Building Hair Treatment 155ml"},"content":{"rendered":"<p id=\"isPasted\">Olaplax No.0 er en del af en revolutionerende 2-trins behandling (No.0 og No.3), der styrker og beskytter h\u00e5ret ved at genopbygge dets svovlbindinger p\u00e5 et helt nyt niveau.<\/p>\n<p>Brug:<br \/>1. P\u00e5f\u00f8r en gener\u00f8s m\u00e6ngde No.0 i t\u00f8rt h\u00e5r. Lad virke i 10 minutter. Skyl ikke.<br \/>2. P\u00e5f\u00f8r derefter nr. 3, lad nr. 0 og nr. 3 arbejde sammen i yderligere 10 minutter.<br \/>3. Skyl derefter, shampoo og afslut med balsam. For de bedste resultater skal du bruge No.4 Shampoo og No.5 Conditioner.<\/p>\n<p>HVORN\u00c5R BRUGE MAN?<br \/>Denne 2-trins behandling b\u00f8r bruges en gang om ugen eller op til 2-3 gange om ugen til beskadiget h\u00e5r.<\/p>\n<p><\/p>\n","protected":false},"excerpt":{"rendered":"<p>Olaplax No.0 er en del af en revolutionerende 2-trins behandling (No.0 og No.3), der styrker og beskytter h\u00e5ret ved at genopbygge dets svovlbindinger p\u00e5 et helt nyt niveau. Brug:1. P\u00e5f\u00f8r en gener\u00f8s m\u00e6ngde No.0 i t\u00f8rt h\u00e5r. Lad virke i 10 minutter. Skyl ikke.2. P\u00e5f\u00f8r derefter nr. 3, lad nr. 0 og nr. 3 arbejde [&hellip;]<\/p>\n","protected":false},"featured_media":127103,"comment_status":"open","ping_status":"closed","template":"","meta":{"_trash_the_other_posts":false},"product_brand":[],"product_cat":[1003,615,717],"product_tag":[],"berocket_brand":[1023],"class_list":{"0":"post-127117","1":"product","2":"type-product","3":"status-publish","4":"has-post-thumbnail","6":"product_cat-bestsellere","7":"product_cat-harpiks-serum","8":"product_cat-virale-produkter","9":"pa_brand-olaplex","10":"berocket_brand-olaplex","12":"first","13":"instock","14":"sale","15":"taxable","16":"shipping-taxable","17":"purchasable","18":"product-type-simple"},"_links":{"self":[{"href":"https:\/\/stylingagenten.com\/da\/wp-json\/wp\/v2\/product\/127117","targetHints":{"allow":["GET"]}}],"collection":[{"href":"https:\/\/stylingagenten.com\/da\/wp-json\/wp\/v2\/product"}],"about":[{"href":"https:\/\/stylingagenten.com\/da\/wp-json\/wp\/v2\/types\/product"}],"replies":[{"embeddable":true,"href":"https:\/\/stylingagenten.com\/da\/wp-json\/wp\/v2\/comments?post=127117"}],"version-history":[{"count":0,"href":"https:\/\/stylingagenten.com\/da\/wp-json\/wp\/v2\/product\/127117\/revisions"}],"wp:featuredmedia":[{"embeddable":true,"href":"https:\/\/stylingagenten.com\/da\/wp-json\/wp\/v2\/media\/127103"}],"wp:attachment":[{"href":"https:\/\/stylingagenten.com\/da\/wp-json\/wp\/v2\/media?parent=127117"}],"wp:term":[{"taxonomy":"product_brand","embeddable":true,"href":"https:\/\/stylingagenten.com\/da\/wp-json\/wp\/v2\/product_brand?post=127117"},{"taxonomy":"product_cat","embeddable":true,"href":"https:\/\/stylingagenten.com\/da\/wp-json\/wp\/v2\/product_cat?post=127117"},{"taxonomy":"product_tag","embeddable":true,"href":"https:\/\/stylingagenten.com\/da\/wp-json\/wp\/v2\/product_tag?post=127117"},{"taxonomy":"berocket_brand","embeddable":true,"href":"https:\/\/stylingagenten.com\/da\/wp-json\/wp\/v2\/berocket_brand?post=127117"}],"curies":[{"name":"wp","href":"https:\/\/api.w.org\/{rel}","templated":true}]}}