{"id":127048,"date":"2025-05-18T22:03:13","date_gmt":"2025-05-18T22:03:13","guid":{"rendered":"https:\/\/staging2.stylingagenten.com\/da\/produkt\/sachajuan-protective-hair-perfume-50ml\/"},"modified":"2026-03-11T22:01:00","modified_gmt":"2026-03-11T22:01:00","slug":"sachajuan-protective-hair-perfume-50ml","status":"publish","type":"product","link":"https:\/\/stylingagenten.com\/da\/produkt\/sachajuan-protective-hair-perfume-50ml\/","title":{"rendered":"SACHAJUAN Protective Hair Perfume 50ml"},"content":{"rendered":"<p>SACHAJUAN Protective Hair Parfume er et alsidigt produkt, der ikke kun efterlader h\u00e5ret \u00f8jeblikkeligt friskt med en t\u00e5ge af SACHAJUANs signaturduft brugt i alle vores h\u00e5rplejeprodukter, men som ogs\u00e5 behandler h\u00e5ret ved at fugte, reducere statisk elektricitet, tilf\u00f8je glans og ekstra UV-beskyttelse. <\/p>\n<p>Duften er en sofistikeret, frugtig, blomsteragtig, klassisk konstrueret duft med topnoter af litchi og gr\u00f8nt \u00e6ble, hjerte af fersken, rose og ylang ylang og basisnoter af patchouli, cedertr\u00e6 og hvid moskus.<br \/> Dette er et multifunktionelt produkt, der ikke kun modvirker skader fra frie radikaler, men ogs\u00e5 indeholder den nyeste anti-lugtteknologi, som ved hj\u00e6lp af ekstrakter fra naturlig citrusolie indkapsler lugtmolekyler og nedbryder dem, hvilket resulterer i frisk og sund h\u00e5r.<\/p>\n<p>SACHAJUAN Protective Hair Parfume er specielt formuleret til brug i h\u00e5r, men den er s\u00e5 sk\u00e5nsom, at den ogs\u00e5 kan bruges som en forfriskende body mist.<\/p>\n","protected":false},"excerpt":{"rendered":"<p>SACHAJUAN Protective Hair Parfume er et alsidigt produkt, der ikke kun efterlader h\u00e5ret \u00f8jeblikkeligt friskt med en t\u00e5ge af SACHAJUANs signaturduft brugt i alle vores h\u00e5rplejeprodukter, men som ogs\u00e5 behandler h\u00e5ret ved at fugte, reducere statisk elektricitet, tilf\u00f8je glans og ekstra UV-beskyttelse. Duften er en sofistikeret, frugtig, blomsteragtig, klassisk konstrueret duft med topnoter af litchi [&hellip;]<\/p>\n","protected":false},"featured_media":127047,"comment_status":"open","ping_status":"closed","template":"","meta":{"_trash_the_other_posts":false},"product_brand":[],"product_cat":[615],"product_tag":[],"berocket_brand":[1409],"class_list":{"0":"post-127048","1":"product","2":"type-product","3":"status-publish","4":"has-post-thumbnail","6":"product_cat-harpiks-serum","7":"pa_brand-sachajuan","8":"berocket_brand-sachajuan","10":"first","11":"instock","12":"sale","13":"taxable","14":"shipping-taxable","15":"purchasable","16":"product-type-simple"},"_links":{"self":[{"href":"https:\/\/stylingagenten.com\/da\/wp-json\/wp\/v2\/product\/127048","targetHints":{"allow":["GET"]}}],"collection":[{"href":"https:\/\/stylingagenten.com\/da\/wp-json\/wp\/v2\/product"}],"about":[{"href":"https:\/\/stylingagenten.com\/da\/wp-json\/wp\/v2\/types\/product"}],"replies":[{"embeddable":true,"href":"https:\/\/stylingagenten.com\/da\/wp-json\/wp\/v2\/comments?post=127048"}],"version-history":[{"count":0,"href":"https:\/\/stylingagenten.com\/da\/wp-json\/wp\/v2\/product\/127048\/revisions"}],"wp:featuredmedia":[{"embeddable":true,"href":"https:\/\/stylingagenten.com\/da\/wp-json\/wp\/v2\/media\/127047"}],"wp:attachment":[{"href":"https:\/\/stylingagenten.com\/da\/wp-json\/wp\/v2\/media?parent=127048"}],"wp:term":[{"taxonomy":"product_brand","embeddable":true,"href":"https:\/\/stylingagenten.com\/da\/wp-json\/wp\/v2\/product_brand?post=127048"},{"taxonomy":"product_cat","embeddable":true,"href":"https:\/\/stylingagenten.com\/da\/wp-json\/wp\/v2\/product_cat?post=127048"},{"taxonomy":"product_tag","embeddable":true,"href":"https:\/\/stylingagenten.com\/da\/wp-json\/wp\/v2\/product_tag?post=127048"},{"taxonomy":"berocket_brand","embeddable":true,"href":"https:\/\/stylingagenten.com\/da\/wp-json\/wp\/v2\/berocket_brand?post=127048"}],"curies":[{"name":"wp","href":"https:\/\/api.w.org\/{rel}","templated":true}]}}