{"id":127046,"date":"2025-05-18T22:03:13","date_gmt":"2025-05-18T22:03:13","guid":{"rendered":"https:\/\/staging2.stylingagenten.com\/da\/produkt\/goldwell-dualsenses-curls-waves-hydrating-serum-spray-150ml\/"},"modified":"2026-04-02T09:38:32","modified_gmt":"2026-04-02T09:38:32","slug":"goldwell-dualsenses-curls-waves-hydrating-serum-spray-150ml","status":"publish","type":"product","link":"https:\/\/stylingagenten.com\/da\/produkt\/goldwell-dualsenses-curls-waves-hydrating-serum-spray-150ml\/","title":{"rendered":"Goldwell Dualsenses Curls &amp; Waves Hydrating Serum Spray 150ml"},"content":{"rendered":"<p>Goldwell Curls &amp; Waves Dualsenses Hydrating Serum Spray 150ml<br \/>Leave-in spray til naturligt b\u00f8lget, kr\u00f8llet og permanentet h\u00e5r med en blanding af microPROtec-kompleks og m\u00e6lkeprotein. Styrker og fugter h\u00e5ret med det samme og skaber liv i kr\u00f8llerne. Giver perfekt holdt sammen kr\u00f8ller og kontrollerer krus. Giver varmebeskyttelse. Ryst godt og spray p\u00e5 h\u00e5ndkl\u00e6det\u00f8rt h\u00e5r. Skyl ikke.<\/p>\n","protected":false},"excerpt":{"rendered":"<p>Goldwell Curls &amp; Waves Dualsenses Hydrating Serum Spray 150mlLeave-in spray til naturligt b\u00f8lget, kr\u00f8llet og permanentet h\u00e5r med en blanding af microPROtec-kompleks og m\u00e6lkeprotein. Styrker og fugter h\u00e5ret med det samme og skaber liv i kr\u00f8llerne. Giver perfekt holdt sammen kr\u00f8ller og kontrollerer krus. Giver varmebeskyttelse. Ryst godt og spray p\u00e5 h\u00e5ndkl\u00e6det\u00f8rt h\u00e5r. Skyl ikke.<\/p>\n","protected":false},"featured_media":127044,"comment_status":"open","ping_status":"closed","template":"","meta":{"_trash_the_other_posts":false},"product_brand":[],"product_cat":[615],"product_tag":[],"berocket_brand":[1328],"class_list":{"0":"post-127046","1":"product","2":"type-product","3":"status-publish","4":"has-post-thumbnail","6":"product_cat-harpiks-serum","7":"pa_brand-goldwell","8":"berocket_brand-goldwell","10":"first","11":"instock","12":"sale","13":"taxable","14":"shipping-taxable","15":"purchasable","16":"product-type-simple"},"_links":{"self":[{"href":"https:\/\/stylingagenten.com\/da\/wp-json\/wp\/v2\/product\/127046","targetHints":{"allow":["GET"]}}],"collection":[{"href":"https:\/\/stylingagenten.com\/da\/wp-json\/wp\/v2\/product"}],"about":[{"href":"https:\/\/stylingagenten.com\/da\/wp-json\/wp\/v2\/types\/product"}],"replies":[{"embeddable":true,"href":"https:\/\/stylingagenten.com\/da\/wp-json\/wp\/v2\/comments?post=127046"}],"version-history":[{"count":0,"href":"https:\/\/stylingagenten.com\/da\/wp-json\/wp\/v2\/product\/127046\/revisions"}],"wp:featuredmedia":[{"embeddable":true,"href":"https:\/\/stylingagenten.com\/da\/wp-json\/wp\/v2\/media\/127044"}],"wp:attachment":[{"href":"https:\/\/stylingagenten.com\/da\/wp-json\/wp\/v2\/media?parent=127046"}],"wp:term":[{"taxonomy":"product_brand","embeddable":true,"href":"https:\/\/stylingagenten.com\/da\/wp-json\/wp\/v2\/product_brand?post=127046"},{"taxonomy":"product_cat","embeddable":true,"href":"https:\/\/stylingagenten.com\/da\/wp-json\/wp\/v2\/product_cat?post=127046"},{"taxonomy":"product_tag","embeddable":true,"href":"https:\/\/stylingagenten.com\/da\/wp-json\/wp\/v2\/product_tag?post=127046"},{"taxonomy":"berocket_brand","embeddable":true,"href":"https:\/\/stylingagenten.com\/da\/wp-json\/wp\/v2\/berocket_brand?post=127046"}],"curies":[{"name":"wp","href":"https:\/\/api.w.org\/{rel}","templated":true}]}}