{"id":127007,"date":"2025-05-18T22:03:08","date_gmt":"2025-05-18T22:03:08","guid":{"rendered":"https:\/\/staging2.stylingagenten.com\/da\/produkt\/olaplex-no-5-moisture-and-mend-leave-in-conditioner-100ml\/"},"modified":"2026-04-12T12:19:12","modified_gmt":"2026-04-12T12:19:12","slug":"olaplex-no-5-moisture-and-mend-leave-in-conditioner-100ml","status":"publish","type":"product","link":"https:\/\/stylingagenten.com\/da\/produkt\/olaplex-no-5-moisture-and-mend-leave-in-conditioner-100ml\/","title":{"rendered":"Olaplex No.5 Moisture and Mend Leave-In Conditioner 100ml"},"content":{"rendered":"<p>Olaplex No.5 Moisture and Mend Leave-In Conditioner er en fugtgivende leave-in balsam med en gel-cremet tekstur, der \u00f8jeblikkeligt fugter og forsegler spaltede spidser. Den reparerende formel arbejder fra cortex til kutikula for kontinuerligt at reparere h\u00e5rskader og spaltede spidser, samtidig med at den beskytter mod varme op til 232\u00b0C. Ideel til t\u00f8rt eller dehydreret h\u00e5r.<\/p>\n<p>\u00d8jeblikkelig forsegling af spaltede spidser<\/p>\n<p>Fugtgivende gel-creme, der tilf\u00f8rer fugt til t\u00f8rt h\u00e5r<\/p>\n<p>Reparerer kontinuerligt og forebygger styling-skader<\/p>\n<p>Varmebeskyttelse op til 232\u00b0C<\/p>\n<p>100ml<\/p>\n","protected":false},"excerpt":{"rendered":"<p>Olaplex No.5 Moisture and Mend Leave-In Conditioner er en fugtgivende leave-in balsam med en gel-cremet tekstur, der \u00f8jeblikkeligt fugter og forsegler spaltede spidser. Den reparerende formel arbejder fra cortex til kutikula for kontinuerligt at reparere h\u00e5rskader og spaltede spidser, samtidig med at den beskytter mod varme op til 232\u00b0C. Ideel til t\u00f8rt eller dehydreret h\u00e5r. [&hellip;]<\/p>\n","protected":false},"featured_media":126988,"comment_status":"open","ping_status":"closed","template":"","meta":{"_trash_the_other_posts":false},"product_brand":[],"product_cat":[614],"product_tag":[],"berocket_brand":[1023],"class_list":{"0":"post-127007","1":"product","2":"type-product","3":"status-publish","4":"has-post-thumbnail","6":"product_cat-serum","7":"pa_brand-olaplex","8":"berocket_brand-olaplex","10":"first","11":"outofstock","12":"sale","13":"taxable","14":"shipping-taxable","15":"purchasable","16":"product-type-simple"},"_links":{"self":[{"href":"https:\/\/stylingagenten.com\/da\/wp-json\/wp\/v2\/product\/127007","targetHints":{"allow":["GET"]}}],"collection":[{"href":"https:\/\/stylingagenten.com\/da\/wp-json\/wp\/v2\/product"}],"about":[{"href":"https:\/\/stylingagenten.com\/da\/wp-json\/wp\/v2\/types\/product"}],"replies":[{"embeddable":true,"href":"https:\/\/stylingagenten.com\/da\/wp-json\/wp\/v2\/comments?post=127007"}],"version-history":[{"count":0,"href":"https:\/\/stylingagenten.com\/da\/wp-json\/wp\/v2\/product\/127007\/revisions"}],"wp:featuredmedia":[{"embeddable":true,"href":"https:\/\/stylingagenten.com\/da\/wp-json\/wp\/v2\/media\/126988"}],"wp:attachment":[{"href":"https:\/\/stylingagenten.com\/da\/wp-json\/wp\/v2\/media?parent=127007"}],"wp:term":[{"taxonomy":"product_brand","embeddable":true,"href":"https:\/\/stylingagenten.com\/da\/wp-json\/wp\/v2\/product_brand?post=127007"},{"taxonomy":"product_cat","embeddable":true,"href":"https:\/\/stylingagenten.com\/da\/wp-json\/wp\/v2\/product_cat?post=127007"},{"taxonomy":"product_tag","embeddable":true,"href":"https:\/\/stylingagenten.com\/da\/wp-json\/wp\/v2\/product_tag?post=127007"},{"taxonomy":"berocket_brand","embeddable":true,"href":"https:\/\/stylingagenten.com\/da\/wp-json\/wp\/v2\/berocket_brand?post=127007"}],"curies":[{"name":"wp","href":"https:\/\/api.w.org\/{rel}","templated":true}]}}