{"id":126986,"date":"2025-05-18T22:03:04","date_gmt":"2025-05-18T22:03:04","guid":{"rendered":"https:\/\/staging2.stylingagenten.com\/da\/produkt\/system-professional-color-save-bi-phase-conditioner-185ml\/"},"modified":"2026-03-11T21:59:32","modified_gmt":"2026-03-11T21:59:32","slug":"system-professional-color-save-bi-phase-conditioner-185ml","status":"publish","type":"product","link":"https:\/\/stylingagenten.com\/da\/produkt\/system-professional-color-save-bi-phase-conditioner-185ml\/","title":{"rendered":"System Professional Color Save Bi-Phase Conditioner 185ml"},"content":{"rendered":"<p>System Professional Color Save Bi-Phase Conditioner er en let leave-in balsam til farvet h\u00e5r. Dette leave-in-produkt indeholder farveplejende ingredienser, der g\u00f8r h\u00e5ret lettere at rede og beskytter farven. Det reducerer frizz, udreder h\u00e5ret og beskytter mod UV-str\u00e5ling. Den m\u00e6lkeagtige formel indeholder farveplejende ingredienser, der hj\u00e6lper med at forhindre, at farven falmer, flyder ud og mister sin friskhed.<\/p>\n<p>Color Save-serien er designet til at reparere og fremh\u00e6ve farvet h\u00e5r, give det en holdbar glans og samtidig bevare en sund og str\u00e5lende gl\u00f8d.<\/p>\n<p>185ml<\/p>\n","protected":false},"excerpt":{"rendered":"<p>System Professional Color Save Bi-Phase Conditioner er en let leave-in balsam til farvet h\u00e5r. Dette leave-in-produkt indeholder farveplejende ingredienser, der g\u00f8r h\u00e5ret lettere at rede og beskytter farven. Det reducerer frizz, udreder h\u00e5ret og beskytter mod UV-str\u00e5ling. Den m\u00e6lkeagtige formel indeholder farveplejende ingredienser, der hj\u00e6lper med at forhindre, at farven falmer, flyder ud og mister [&hellip;]<\/p>\n","protected":false},"featured_media":126949,"comment_status":"open","ping_status":"closed","template":"","meta":{"_trash_the_other_posts":false},"product_brand":[],"product_cat":[587],"product_tag":[],"berocket_brand":[1995],"class_list":{"0":"post-126986","1":"product","2":"type-product","3":"status-publish","4":"has-post-thumbnail","6":"product_cat-balsam","7":"pa_brand-system-professional","8":"berocket_brand-system-professional","10":"first","11":"instock","12":"sale","13":"taxable","14":"shipping-taxable","15":"purchasable","16":"product-type-simple"},"_links":{"self":[{"href":"https:\/\/stylingagenten.com\/da\/wp-json\/wp\/v2\/product\/126986","targetHints":{"allow":["GET"]}}],"collection":[{"href":"https:\/\/stylingagenten.com\/da\/wp-json\/wp\/v2\/product"}],"about":[{"href":"https:\/\/stylingagenten.com\/da\/wp-json\/wp\/v2\/types\/product"}],"replies":[{"embeddable":true,"href":"https:\/\/stylingagenten.com\/da\/wp-json\/wp\/v2\/comments?post=126986"}],"version-history":[{"count":0,"href":"https:\/\/stylingagenten.com\/da\/wp-json\/wp\/v2\/product\/126986\/revisions"}],"wp:featuredmedia":[{"embeddable":true,"href":"https:\/\/stylingagenten.com\/da\/wp-json\/wp\/v2\/media\/126949"}],"wp:attachment":[{"href":"https:\/\/stylingagenten.com\/da\/wp-json\/wp\/v2\/media?parent=126986"}],"wp:term":[{"taxonomy":"product_brand","embeddable":true,"href":"https:\/\/stylingagenten.com\/da\/wp-json\/wp\/v2\/product_brand?post=126986"},{"taxonomy":"product_cat","embeddable":true,"href":"https:\/\/stylingagenten.com\/da\/wp-json\/wp\/v2\/product_cat?post=126986"},{"taxonomy":"product_tag","embeddable":true,"href":"https:\/\/stylingagenten.com\/da\/wp-json\/wp\/v2\/product_tag?post=126986"},{"taxonomy":"berocket_brand","embeddable":true,"href":"https:\/\/stylingagenten.com\/da\/wp-json\/wp\/v2\/berocket_brand?post=126986"}],"curies":[{"name":"wp","href":"https:\/\/api.w.org\/{rel}","templated":true}]}}