{"id":126971,"date":"2025-05-18T22:03:03","date_gmt":"2025-05-18T22:03:03","guid":{"rendered":"https:\/\/staging2.stylingagenten.com\/da\/produkt\/loreal-professionnel-serie-expert-absolut-repair-molecular-pre-treatment-190ml\/"},"modified":"2026-03-11T22:00:33","modified_gmt":"2026-03-11T22:00:33","slug":"loreal-professionnel-serie-expert-absolut-repair-molecular-pre-treatment-190ml","status":"publish","type":"product","link":"https:\/\/stylingagenten.com\/da\/produkt\/loreal-professionnel-serie-expert-absolut-repair-molecular-pre-treatment-190ml\/","title":{"rendered":"L&#8217;Oreal Professionnel Serie Expert Absolut Repair Molecular Pre-Treatment 190ml"},"content":{"rendered":"<p>L&#8217;Or\u00e9al Professionnel Serie Expert Absolut Repair Molecular Pre-Treatment reparerer skader i dybden og genopretter styrken i skadede h\u00e5rtyper ved at arbejde p\u00e5 h\u00e5rets molekyl\u00e6re struktur. Reparerer 2 \u00e5rs skader ved \u00e9n enkelt brug.*<\/p>\n<p>N\u00e5r h\u00e5ret bliver skadet, \u00f8del\u00e6gges dets molekyl\u00e6re struktur, som best\u00e5r af peptider. H\u00e5ret kn\u00e6kker, mister elasticitet og ser livl\u00f8st ud. De fleste peptider er for store til at tr\u00e6nge ind i fibrene, hvilket g\u00f8r skaden n\u00e6sten uoprettelig. Videnskabeligt gennembrud \u2013 Absolut Repair Molecular.<\/p>\n<p>Denne pre-treatment med sin patenterede teknologi reparerer mere end blot h\u00e5rets overflade. Den indeholder 3% peptidbindinger + 5 aminosyrer og genopfylder h\u00e5rets molekyl\u00e6re struktur med en langvarig effekt.** Den genopretter styrken, elasticiteten og fleksibiliteten i h\u00e5ret.***<\/p>\n<p>*Instrumentel test p\u00e5 fibrenes makromolekyl\u00e6re struktur efter brug af pre-treatment + shampoo + rinse-off serum.<br \/>\n<br \/>**Analytisk test efter brug af pre-treatment + 5 h\u00e5rvaske.<br \/>\n<br \/>***Forbrugertest efter brug af pre-treatment + shampoo + rinse-off serum.<\/p>\n<p>190ml<\/p>\n","protected":false},"excerpt":{"rendered":"<p>L&#8217;Or\u00e9al Professionnel Serie Expert Absolut Repair Molecular Pre-Treatment reparerer skader i dybden og genopretter styrken i skadede h\u00e5rtyper ved at arbejde p\u00e5 h\u00e5rets molekyl\u00e6re struktur. Reparerer 2 \u00e5rs skader ved \u00e9n enkelt brug.* N\u00e5r h\u00e5ret bliver skadet, \u00f8del\u00e6gges dets molekyl\u00e6re struktur, som best\u00e5r af peptider. H\u00e5ret kn\u00e6kker, mister elasticitet og ser livl\u00f8st ud. De fleste [&hellip;]<\/p>\n","protected":false},"featured_media":126943,"comment_status":"open","ping_status":"closed","template":"","meta":{"_trash_the_other_posts":false},"product_brand":[],"product_cat":[615],"product_tag":[],"berocket_brand":[2000],"class_list":{"0":"post-126971","1":"product","2":"type-product","3":"status-publish","4":"has-post-thumbnail","6":"product_cat-harpiks-serum","7":"pa_brand-loreal-paris","8":"berocket_brand-loreal-paris","10":"first","11":"instock","12":"sale","13":"taxable","14":"shipping-taxable","15":"purchasable","16":"product-type-simple"},"_links":{"self":[{"href":"https:\/\/stylingagenten.com\/da\/wp-json\/wp\/v2\/product\/126971","targetHints":{"allow":["GET"]}}],"collection":[{"href":"https:\/\/stylingagenten.com\/da\/wp-json\/wp\/v2\/product"}],"about":[{"href":"https:\/\/stylingagenten.com\/da\/wp-json\/wp\/v2\/types\/product"}],"replies":[{"embeddable":true,"href":"https:\/\/stylingagenten.com\/da\/wp-json\/wp\/v2\/comments?post=126971"}],"version-history":[{"count":0,"href":"https:\/\/stylingagenten.com\/da\/wp-json\/wp\/v2\/product\/126971\/revisions"}],"wp:featuredmedia":[{"embeddable":true,"href":"https:\/\/stylingagenten.com\/da\/wp-json\/wp\/v2\/media\/126943"}],"wp:attachment":[{"href":"https:\/\/stylingagenten.com\/da\/wp-json\/wp\/v2\/media?parent=126971"}],"wp:term":[{"taxonomy":"product_brand","embeddable":true,"href":"https:\/\/stylingagenten.com\/da\/wp-json\/wp\/v2\/product_brand?post=126971"},{"taxonomy":"product_cat","embeddable":true,"href":"https:\/\/stylingagenten.com\/da\/wp-json\/wp\/v2\/product_cat?post=126971"},{"taxonomy":"product_tag","embeddable":true,"href":"https:\/\/stylingagenten.com\/da\/wp-json\/wp\/v2\/product_tag?post=126971"},{"taxonomy":"berocket_brand","embeddable":true,"href":"https:\/\/stylingagenten.com\/da\/wp-json\/wp\/v2\/berocket_brand?post=126971"}],"curies":[{"name":"wp","href":"https:\/\/api.w.org\/{rel}","templated":true}]}}