{"id":126954,"date":"2025-05-18T22:03:01","date_gmt":"2025-05-18T22:03:01","guid":{"rendered":"https:\/\/staging2.stylingagenten.com\/da\/produkt\/system-professional-purify-lotion-125ml\/"},"modified":"2026-03-11T21:58:19","modified_gmt":"2026-03-11T21:58:19","slug":"system-professional-purify-lotion-125ml","status":"publish","type":"product","link":"https:\/\/stylingagenten.com\/da\/produkt\/system-professional-purify-lotion-125ml\/","title":{"rendered":"System Professional Purify Lotion 125ml"},"content":{"rendered":"<p>System Professional Purify Lotion giver 24 timers beskyttelse mod sk\u00e6l, samtidig med at den beroliger og lindrer hovedbunden. Denne dermatologisk udviklede, pH-neutrale formel kombinerer hamamelis og niacinamid for at reducere inflammation og m\u00e5lrette mod de mikroorganismer, der for\u00e5rsager sk\u00e6l, hvilket f\u00e5r din hovedbund til at f\u00f8les frisk og afbalanceret.<\/p>\n<p>System Professional Purify-serien er designet til at rense i dybden og reducere sk\u00e6l. Serien er b\u00e5de sk\u00e5nsom og effektiv og genopretter en sund hovedbund uden at p\u00e5virke den sensitive pH-balance.<\/p>\n<p>125ml<\/p>\n","protected":false},"excerpt":{"rendered":"<p>System Professional Purify Lotion giver 24 timers beskyttelse mod sk\u00e6l, samtidig med at den beroliger og lindrer hovedbunden. Denne dermatologisk udviklede, pH-neutrale formel kombinerer hamamelis og niacinamid for at reducere inflammation og m\u00e5lrette mod de mikroorganismer, der for\u00e5rsager sk\u00e6l, hvilket f\u00e5r din hovedbund til at f\u00f8les frisk og afbalanceret. System Professional Purify-serien er designet til [&hellip;]<\/p>\n","protected":false},"featured_media":126922,"comment_status":"open","ping_status":"closed","template":"","meta":{"_trash_the_other_posts":false},"product_brand":[],"product_cat":[615],"product_tag":[],"berocket_brand":[1995],"class_list":{"0":"post-126954","1":"product","2":"type-product","3":"status-publish","4":"has-post-thumbnail","6":"product_cat-harpiks-serum","7":"pa_brand-system-professional","8":"berocket_brand-system-professional","10":"first","11":"instock","12":"sale","13":"taxable","14":"shipping-taxable","15":"purchasable","16":"product-type-simple"},"_links":{"self":[{"href":"https:\/\/stylingagenten.com\/da\/wp-json\/wp\/v2\/product\/126954","targetHints":{"allow":["GET"]}}],"collection":[{"href":"https:\/\/stylingagenten.com\/da\/wp-json\/wp\/v2\/product"}],"about":[{"href":"https:\/\/stylingagenten.com\/da\/wp-json\/wp\/v2\/types\/product"}],"replies":[{"embeddable":true,"href":"https:\/\/stylingagenten.com\/da\/wp-json\/wp\/v2\/comments?post=126954"}],"version-history":[{"count":0,"href":"https:\/\/stylingagenten.com\/da\/wp-json\/wp\/v2\/product\/126954\/revisions"}],"wp:featuredmedia":[{"embeddable":true,"href":"https:\/\/stylingagenten.com\/da\/wp-json\/wp\/v2\/media\/126922"}],"wp:attachment":[{"href":"https:\/\/stylingagenten.com\/da\/wp-json\/wp\/v2\/media?parent=126954"}],"wp:term":[{"taxonomy":"product_brand","embeddable":true,"href":"https:\/\/stylingagenten.com\/da\/wp-json\/wp\/v2\/product_brand?post=126954"},{"taxonomy":"product_cat","embeddable":true,"href":"https:\/\/stylingagenten.com\/da\/wp-json\/wp\/v2\/product_cat?post=126954"},{"taxonomy":"product_tag","embeddable":true,"href":"https:\/\/stylingagenten.com\/da\/wp-json\/wp\/v2\/product_tag?post=126954"},{"taxonomy":"berocket_brand","embeddable":true,"href":"https:\/\/stylingagenten.com\/da\/wp-json\/wp\/v2\/berocket_brand?post=126954"}],"curies":[{"name":"wp","href":"https:\/\/api.w.org\/{rel}","templated":true}]}}