{"id":126944,"date":"2025-05-18T22:02:59","date_gmt":"2025-05-18T22:02:59","guid":{"rendered":"https:\/\/staging2.stylingagenten.com\/da\/produkt\/system-professional-hydrate-quenching-mist-125ml\/"},"modified":"2026-03-25T18:18:52","modified_gmt":"2026-03-25T18:18:52","slug":"system-professional-hydrate-quenching-mist-125ml","status":"publish","type":"product","link":"https:\/\/stylingagenten.com\/da\/produkt\/system-professional-hydrate-quenching-mist-125ml\/","title":{"rendered":"System Professional Hydrate Quenching Mist 125ml"},"content":{"rendered":"<p>System Professional Hydrate Quenching Mist er en leave-in fugtspray til t\u00f8rt h\u00e5r. Fugtgivende og n\u00e6rende leave-in balsam, der modvirker udt\u00f8rring, reducerer frizz og g\u00f8r filtret h\u00e5r lettere at h\u00e5ndtere. Hydrate Quenching Spray efterlader h\u00e5ret bl\u00f8dt, glat og fugtet.<\/p>\n<p>Hydrate-serien er designet til at genoprette fugtbalancen i t\u00f8rt h\u00e5r p\u00e5 dybt niveau. Serien indeholder lette formler, der beriger h\u00e5ret og beskytter det mod udt\u00f8rring. Serien indeholder fugtgivende og n\u00e6rende ingredienser som glycerin, DL-panthenol, glukose og fruktose. Det fugter h\u00e5ret indefra og beskytter mod ydre udt\u00f8rringsfaktorer.<\/p>\n<p>125ml<\/p>\n","protected":false},"excerpt":{"rendered":"<p>System Professional Hydrate Quenching Mist er en leave-in fugtspray til t\u00f8rt h\u00e5r. Fugtgivende og n\u00e6rende leave-in balsam, der modvirker udt\u00f8rring, reducerer frizz og g\u00f8r filtret h\u00e5r lettere at h\u00e5ndtere. Hydrate Quenching Spray efterlader h\u00e5ret bl\u00f8dt, glat og fugtet. Hydrate-serien er designet til at genoprette fugtbalancen i t\u00f8rt h\u00e5r p\u00e5 dybt niveau. Serien indeholder lette formler, [&hellip;]<\/p>\n","protected":false},"featured_media":126913,"comment_status":"open","ping_status":"closed","template":"","meta":{"_trash_the_other_posts":false},"product_brand":[],"product_cat":[615],"product_tag":[],"berocket_brand":[1995],"class_list":{"0":"post-126944","1":"product","2":"type-product","3":"status-publish","4":"has-post-thumbnail","6":"product_cat-harpiks-serum","7":"pa_brand-system-professional","8":"berocket_brand-system-professional","10":"first","11":"instock","12":"sale","13":"taxable","14":"shipping-taxable","15":"purchasable","16":"product-type-simple"},"_links":{"self":[{"href":"https:\/\/stylingagenten.com\/da\/wp-json\/wp\/v2\/product\/126944","targetHints":{"allow":["GET"]}}],"collection":[{"href":"https:\/\/stylingagenten.com\/da\/wp-json\/wp\/v2\/product"}],"about":[{"href":"https:\/\/stylingagenten.com\/da\/wp-json\/wp\/v2\/types\/product"}],"replies":[{"embeddable":true,"href":"https:\/\/stylingagenten.com\/da\/wp-json\/wp\/v2\/comments?post=126944"}],"version-history":[{"count":0,"href":"https:\/\/stylingagenten.com\/da\/wp-json\/wp\/v2\/product\/126944\/revisions"}],"wp:featuredmedia":[{"embeddable":true,"href":"https:\/\/stylingagenten.com\/da\/wp-json\/wp\/v2\/media\/126913"}],"wp:attachment":[{"href":"https:\/\/stylingagenten.com\/da\/wp-json\/wp\/v2\/media?parent=126944"}],"wp:term":[{"taxonomy":"product_brand","embeddable":true,"href":"https:\/\/stylingagenten.com\/da\/wp-json\/wp\/v2\/product_brand?post=126944"},{"taxonomy":"product_cat","embeddable":true,"href":"https:\/\/stylingagenten.com\/da\/wp-json\/wp\/v2\/product_cat?post=126944"},{"taxonomy":"product_tag","embeddable":true,"href":"https:\/\/stylingagenten.com\/da\/wp-json\/wp\/v2\/product_tag?post=126944"},{"taxonomy":"berocket_brand","embeddable":true,"href":"https:\/\/stylingagenten.com\/da\/wp-json\/wp\/v2\/berocket_brand?post=126944"}],"curies":[{"name":"wp","href":"https:\/\/api.w.org\/{rel}","templated":true}]}}