{"id":126877,"date":"2025-05-18T22:02:52","date_gmt":"2025-05-18T22:02:52","guid":{"rendered":"https:\/\/staging2.stylingagenten.com\/da\/produkt\/moroccanoil-dry-scalp-treatment-10ml-x-15st\/"},"modified":"2025-12-18T21:53:09","modified_gmt":"2025-12-18T21:53:09","slug":"moroccanoil-dry-scalp-treatment-10ml-x-15st","status":"publish","type":"product","link":"https:\/\/stylingagenten.com\/da\/produkt\/moroccanoil-dry-scalp-treatment-10ml-x-15st\/","title":{"rendered":"MoroccanOil Dry Scalp Treatment 10ml x 15st"},"content":{"rendered":"<p style='margin: 0cm 0cm 8pt;font-family: \"Calibri\", sans-serif'>Vores professionelle hovedbundsbehandling im\u00f8dekommer behovene for t\u00f8r, sk\u00e6llende hovedbund og lindrer \u00f8jeblikkeligt irritation og t\u00f8rhed. Moroccanoil Dry Scalp Treatment arbejder for at genoprette balancen i hovedbunden og hj\u00e6lpe med at lindre irritation, samtidig med at h\u00e5ret genoprettes vitalitet. Den lette, men koncentrerede formel er beriget med antioxidantrig arganolie samt essentielle lavendel- og geraniumolier, der n\u00e6rer og beroliger huden. Salicylsyren eksfolierer blidt for at reducere afskalning. Cirkulationen er forbedret. H\u00e5r h\u00f8ster fordelene og f\u00e5r en dosis vitalitet og glans.<\/p>\n<p style='margin: 0cm 0cm 8pt;font-family: \"Calibri\", sans-serif'>Del h\u00e5ret op i fire lige store sektioner. P\u00e5f\u00f8r 3-6 dr\u00e5ber Moroccanoil Dry Scalp Treatment p\u00e5 hovedbund i hvert ben. Mass\u00e9r produktet ind i hovedbunden og lad det virke i 5-10 minutter. Red igennem og skyl. F\u00f8lg op med den passende Moroccanoil shampoo og balsam. Brug en gang om ugen, derefter med l\u00e6ngere intervaller, efterh\u00e5nden som hovedbundens sundhed forbedres. TIP: Brug dette produkt f\u00f8r denne behandling p\u00e5; personer med en hovedbund, der er f\u00f8lsom over for farve, for at beskytte den og undg\u00e5 at b\u00e6re den. Moroccanoil Dry Scalp Treatment giver ogs\u00e5&aring; lindring fra hovedbunden, der strammer, n\u00e5r man fjerner hair extensions.<\/p>\n","protected":false},"excerpt":{"rendered":"<p>Vores professionelle hovedbundsbehandling im\u00f8dekommer behovene for t\u00f8r, sk\u00e6llende hovedbund og lindrer \u00f8jeblikkeligt irritation og t\u00f8rhed. Moroccanoil Dry Scalp Treatment arbejder for at genoprette balancen i hovedbunden og hj\u00e6lpe med at lindre irritation, samtidig med at h\u00e5ret genoprettes vitalitet. Den lette, men koncentrerede formel er beriget med antioxidantrig arganolie samt essentielle lavendel- og geraniumolier, der n\u00e6rer [&hellip;]<\/p>\n","protected":false},"featured_media":126871,"comment_status":"open","ping_status":"closed","template":"","meta":{"_trash_the_other_posts":false},"product_brand":[],"product_cat":[610],"product_tag":[],"berocket_brand":[1021],"class_list":{"0":"post-126877","1":"product","2":"type-product","3":"status-publish","4":"has-post-thumbnail","6":"product_cat-har-olie","7":"pa_brand-moroccanoil","8":"berocket_brand-moroccanoil","10":"first","11":"instock","12":"sale","13":"taxable","14":"shipping-taxable","15":"purchasable","16":"product-type-simple"},"_links":{"self":[{"href":"https:\/\/stylingagenten.com\/da\/wp-json\/wp\/v2\/product\/126877","targetHints":{"allow":["GET"]}}],"collection":[{"href":"https:\/\/stylingagenten.com\/da\/wp-json\/wp\/v2\/product"}],"about":[{"href":"https:\/\/stylingagenten.com\/da\/wp-json\/wp\/v2\/types\/product"}],"replies":[{"embeddable":true,"href":"https:\/\/stylingagenten.com\/da\/wp-json\/wp\/v2\/comments?post=126877"}],"version-history":[{"count":0,"href":"https:\/\/stylingagenten.com\/da\/wp-json\/wp\/v2\/product\/126877\/revisions"}],"wp:featuredmedia":[{"embeddable":true,"href":"https:\/\/stylingagenten.com\/da\/wp-json\/wp\/v2\/media\/126871"}],"wp:attachment":[{"href":"https:\/\/stylingagenten.com\/da\/wp-json\/wp\/v2\/media?parent=126877"}],"wp:term":[{"taxonomy":"product_brand","embeddable":true,"href":"https:\/\/stylingagenten.com\/da\/wp-json\/wp\/v2\/product_brand?post=126877"},{"taxonomy":"product_cat","embeddable":true,"href":"https:\/\/stylingagenten.com\/da\/wp-json\/wp\/v2\/product_cat?post=126877"},{"taxonomy":"product_tag","embeddable":true,"href":"https:\/\/stylingagenten.com\/da\/wp-json\/wp\/v2\/product_tag?post=126877"},{"taxonomy":"berocket_brand","embeddable":true,"href":"https:\/\/stylingagenten.com\/da\/wp-json\/wp\/v2\/berocket_brand?post=126877"}],"curies":[{"name":"wp","href":"https:\/\/api.w.org\/{rel}","templated":true}]}}