{"id":126875,"date":"2025-05-18T22:02:52","date_gmt":"2025-05-18T22:02:52","guid":{"rendered":"https:\/\/staging2.stylingagenten.com\/da\/produkt\/olaplex-no-3-hair-perfector-100ml\/"},"modified":"2026-04-11T13:28:45","modified_gmt":"2026-04-11T13:28:45","slug":"olaplex-no-3-hair-perfector-100ml","status":"publish","type":"product","link":"https:\/\/stylingagenten.com\/da\/produkt\/olaplex-no-3-hair-perfector-100ml\/","title":{"rendered":"Olaplex No.3 Hair Perfector 100ml"},"content":{"rendered":"<h1>Olaplex Hair Perfector No.3 er en intensivt n\u00e6rende behandling til at styrke h\u00e5ret og et salonresultat derhjemme.&nbsp;<\/h1>\n<p><\/p>\n<p><\/p>\n<h2>Udgave&aring; fra et rent h\u00e5r. P\u00e5f\u00f8r en gener\u00f8s m\u00e6ngde af produktet i h\u00e5ndkl\u00e6det\u00f8rt h\u00e5r. Red igennem og lad virke i mindst 10 min. Skyl derefter produktet ud og brug derefter shampoo, en proteinrig indpakning og balsam. Jo l\u00e6ngere effekttiden er for Olaplex nr.3, jo mere effekt. Anbefalet brug er en gang om ugen eller efter behov.<\/h2>\n<p><\/p>\n<p><\/p>\n","protected":false},"excerpt":{"rendered":"<p>Olaplex Hair Perfector No.3 er en intensivt n\u00e6rende behandling til at styrke h\u00e5ret og et salonresultat derhjemme.&nbsp; Udgave&aring; fra et rent h\u00e5r. P\u00e5f\u00f8r en gener\u00f8s m\u00e6ngde af produktet i h\u00e5ndkl\u00e6det\u00f8rt h\u00e5r. Red igennem og lad virke i mindst 10 min. Skyl derefter produktet ud og brug derefter shampoo, en proteinrig indpakning og balsam. Jo l\u00e6ngere [&hellip;]<\/p>\n","protected":false},"featured_media":126860,"comment_status":"open","ping_status":"closed","template":"","meta":{"_trash_the_other_posts":false},"product_brand":[],"product_cat":[1003,620],"product_tag":[],"berocket_brand":[1023],"class_list":{"0":"post-126875","1":"product","2":"type-product","3":"status-publish","4":"has-post-thumbnail","6":"product_cat-bestsellere","7":"product_cat-harin-pakning","8":"pa_brand-olaplex","9":"berocket_brand-olaplex","11":"first","12":"instock","13":"sale","14":"taxable","15":"shipping-taxable","16":"purchasable","17":"product-type-simple"},"_links":{"self":[{"href":"https:\/\/stylingagenten.com\/da\/wp-json\/wp\/v2\/product\/126875","targetHints":{"allow":["GET"]}}],"collection":[{"href":"https:\/\/stylingagenten.com\/da\/wp-json\/wp\/v2\/product"}],"about":[{"href":"https:\/\/stylingagenten.com\/da\/wp-json\/wp\/v2\/types\/product"}],"replies":[{"embeddable":true,"href":"https:\/\/stylingagenten.com\/da\/wp-json\/wp\/v2\/comments?post=126875"}],"version-history":[{"count":0,"href":"https:\/\/stylingagenten.com\/da\/wp-json\/wp\/v2\/product\/126875\/revisions"}],"wp:featuredmedia":[{"embeddable":true,"href":"https:\/\/stylingagenten.com\/da\/wp-json\/wp\/v2\/media\/126860"}],"wp:attachment":[{"href":"https:\/\/stylingagenten.com\/da\/wp-json\/wp\/v2\/media?parent=126875"}],"wp:term":[{"taxonomy":"product_brand","embeddable":true,"href":"https:\/\/stylingagenten.com\/da\/wp-json\/wp\/v2\/product_brand?post=126875"},{"taxonomy":"product_cat","embeddable":true,"href":"https:\/\/stylingagenten.com\/da\/wp-json\/wp\/v2\/product_cat?post=126875"},{"taxonomy":"product_tag","embeddable":true,"href":"https:\/\/stylingagenten.com\/da\/wp-json\/wp\/v2\/product_tag?post=126875"},{"taxonomy":"berocket_brand","embeddable":true,"href":"https:\/\/stylingagenten.com\/da\/wp-json\/wp\/v2\/berocket_brand?post=126875"}],"curies":[{"name":"wp","href":"https:\/\/api.w.org\/{rel}","templated":true}]}}