{"id":126842,"date":"2025-05-18T22:02:46","date_gmt":"2025-05-18T22:02:46","guid":{"rendered":"https:\/\/staging2.stylingagenten.com\/da\/produkt\/wella-sp-luxe-oil-keratin-boost-essence-100ml\/"},"modified":"2026-04-06T18:08:39","modified_gmt":"2026-04-06T18:08:39","slug":"wella-sp-luxe-oil-keratin-boost-essence-100ml","status":"publish","type":"product","link":"https:\/\/stylingagenten.com\/da\/produkt\/wella-sp-luxe-oil-keratin-boost-essence-100ml\/","title":{"rendered":"Wella SP Luxe Oil Keratin Boost Essence 100ml"},"content":{"rendered":"<p>Luxe Oil Keratin Boost Essence er en n\u00e6ringsrig spraybehandling, der tr\u00e6nger ind i h\u00e5ret for at styrke keratinen, give fugt til h\u00e5ret og g\u00f8re det bl\u00f8dt og smidigt. <br \/>En sammens\u00e6tning af blandt andet jojoba-, mandel- og arganolie, denne spray v\u00e6rds\u00e6tter h\u00e5ret indefra og ud. Giver et langvarigt resultat af bl\u00f8dhed og smidighed samtidig med, at fugtbalancen bevares s\u00e5; at dit h\u00e5r forbliver sundt og silkebl\u00f8dt.<\/p>\n","protected":false},"excerpt":{"rendered":"<p>Luxe Oil Keratin Boost Essence er en n\u00e6ringsrig spraybehandling, der tr\u00e6nger ind i h\u00e5ret for at styrke keratinen, give fugt til h\u00e5ret og g\u00f8re det bl\u00f8dt og smidigt. En sammens\u00e6tning af blandt andet jojoba-, mandel- og arganolie, denne spray v\u00e6rds\u00e6tter h\u00e5ret indefra og ud. Giver et langvarigt resultat af bl\u00f8dhed og smidighed samtidig med, at [&hellip;]<\/p>\n","protected":false},"featured_media":126840,"comment_status":"open","ping_status":"closed","template":"","meta":{"_trash_the_other_posts":false},"product_brand":[],"product_cat":[610],"product_tag":[],"berocket_brand":[1030],"class_list":{"0":"post-126842","1":"product","2":"type-product","3":"status-publish","4":"has-post-thumbnail","6":"product_cat-har-olie","7":"pa_brand-wella","8":"berocket_brand-wella","10":"first","11":"instock","12":"sale","13":"taxable","14":"shipping-taxable","15":"purchasable","16":"product-type-simple"},"_links":{"self":[{"href":"https:\/\/stylingagenten.com\/da\/wp-json\/wp\/v2\/product\/126842","targetHints":{"allow":["GET"]}}],"collection":[{"href":"https:\/\/stylingagenten.com\/da\/wp-json\/wp\/v2\/product"}],"about":[{"href":"https:\/\/stylingagenten.com\/da\/wp-json\/wp\/v2\/types\/product"}],"replies":[{"embeddable":true,"href":"https:\/\/stylingagenten.com\/da\/wp-json\/wp\/v2\/comments?post=126842"}],"version-history":[{"count":0,"href":"https:\/\/stylingagenten.com\/da\/wp-json\/wp\/v2\/product\/126842\/revisions"}],"wp:featuredmedia":[{"embeddable":true,"href":"https:\/\/stylingagenten.com\/da\/wp-json\/wp\/v2\/media\/126840"}],"wp:attachment":[{"href":"https:\/\/stylingagenten.com\/da\/wp-json\/wp\/v2\/media?parent=126842"}],"wp:term":[{"taxonomy":"product_brand","embeddable":true,"href":"https:\/\/stylingagenten.com\/da\/wp-json\/wp\/v2\/product_brand?post=126842"},{"taxonomy":"product_cat","embeddable":true,"href":"https:\/\/stylingagenten.com\/da\/wp-json\/wp\/v2\/product_cat?post=126842"},{"taxonomy":"product_tag","embeddable":true,"href":"https:\/\/stylingagenten.com\/da\/wp-json\/wp\/v2\/product_tag?post=126842"},{"taxonomy":"berocket_brand","embeddable":true,"href":"https:\/\/stylingagenten.com\/da\/wp-json\/wp\/v2\/berocket_brand?post=126842"}],"curies":[{"name":"wp","href":"https:\/\/api.w.org\/{rel}","templated":true}]}}