{"id":126823,"date":"2025-05-18T22:02:43","date_gmt":"2025-05-18T22:02:43","guid":{"rendered":"https:\/\/staging2.stylingagenten.com\/da\/produkt\/wella-sp-luxe-oil-reconstructive-elixir-30ml\/"},"modified":"2026-04-13T18:17:36","modified_gmt":"2026-04-13T18:17:36","slug":"wella-sp-luxe-oil-reconstructive-elixir-30ml","status":"publish","type":"product","link":"https:\/\/stylingagenten.com\/da\/produkt\/wella-sp-luxe-oil-reconstructive-elixir-30ml\/","title":{"rendered":"Wella SP Luxe Oil Reconstructive Elixir 30ml"},"content":{"rendered":"<p>Wella SP Luxe Oil er en keratinbaseret h\u00e5rolie, der tilf\u00f8rer fugt og keratin. H\u00e5rbalsamen genopbygger h\u00e5r, der er blevet beskadiget af solen eller af kemiske behandlinger. Indeholder masser af n\u00e6ring og fungerer godt som leave-in-behandling.<\/p>\n<p>Olien kan bruges i b\u00e5de v\u00e5dt og t\u00f8rt h\u00e5r. Den har n\u00e6rende egenskaber, og den er fremragende til at udglatte h\u00e5ret efter fodring og til at give ekstra glans til h\u00e5ret<\/p>\n","protected":false},"excerpt":{"rendered":"<p>Wella SP Luxe Oil er en keratinbaseret h\u00e5rolie, der tilf\u00f8rer fugt og keratin. H\u00e5rbalsamen genopbygger h\u00e5r, der er blevet beskadiget af solen eller af kemiske behandlinger. Indeholder masser af n\u00e6ring og fungerer godt som leave-in-behandling. Olien kan bruges i b\u00e5de v\u00e5dt og t\u00f8rt h\u00e5r. Den har n\u00e6rende egenskaber, og den er fremragende til at udglatte [&hellip;]<\/p>\n","protected":false},"featured_media":126822,"comment_status":"open","ping_status":"closed","template":"","meta":{"_trash_the_other_posts":false},"product_brand":[],"product_cat":[1003,610],"product_tag":[4071],"berocket_brand":[1030],"class_list":{"0":"post-126823","1":"product","2":"type-product","3":"status-publish","4":"has-post-thumbnail","6":"product_cat-bestsellere","7":"product_cat-har-olie","8":"product_tag-wella-sp-luxe-oil-reconstructive-elixir","9":"pa_brand-wella","10":"pa_variant-30ml","11":"berocket_brand-wella","13":"first","14":"instock","15":"sale","16":"taxable","17":"shipping-taxable","18":"purchasable","19":"product-type-simple"},"_links":{"self":[{"href":"https:\/\/stylingagenten.com\/da\/wp-json\/wp\/v2\/product\/126823","targetHints":{"allow":["GET"]}}],"collection":[{"href":"https:\/\/stylingagenten.com\/da\/wp-json\/wp\/v2\/product"}],"about":[{"href":"https:\/\/stylingagenten.com\/da\/wp-json\/wp\/v2\/types\/product"}],"replies":[{"embeddable":true,"href":"https:\/\/stylingagenten.com\/da\/wp-json\/wp\/v2\/comments?post=126823"}],"version-history":[{"count":0,"href":"https:\/\/stylingagenten.com\/da\/wp-json\/wp\/v2\/product\/126823\/revisions"}],"wp:featuredmedia":[{"embeddable":true,"href":"https:\/\/stylingagenten.com\/da\/wp-json\/wp\/v2\/media\/126822"}],"wp:attachment":[{"href":"https:\/\/stylingagenten.com\/da\/wp-json\/wp\/v2\/media?parent=126823"}],"wp:term":[{"taxonomy":"product_brand","embeddable":true,"href":"https:\/\/stylingagenten.com\/da\/wp-json\/wp\/v2\/product_brand?post=126823"},{"taxonomy":"product_cat","embeddable":true,"href":"https:\/\/stylingagenten.com\/da\/wp-json\/wp\/v2\/product_cat?post=126823"},{"taxonomy":"product_tag","embeddable":true,"href":"https:\/\/stylingagenten.com\/da\/wp-json\/wp\/v2\/product_tag?post=126823"},{"taxonomy":"berocket_brand","embeddable":true,"href":"https:\/\/stylingagenten.com\/da\/wp-json\/wp\/v2\/berocket_brand?post=126823"}],"curies":[{"name":"wp","href":"https:\/\/api.w.org\/{rel}","templated":true}]}}