{"id":126801,"date":"2025-05-18T22:02:38","date_gmt":"2025-05-18T22:02:38","guid":{"rendered":"https:\/\/staging2.stylingagenten.com\/da\/produkt\/lanza-keratin-healing-oil-hair-treatment-50ml\/"},"modified":"2026-04-08T15:25:53","modified_gmt":"2026-04-08T15:25:53","slug":"lanza-keratin-healing-oil-hair-treatment-50ml","status":"publish","type":"product","link":"https:\/\/stylingagenten.com\/da\/produkt\/lanza-keratin-healing-oil-hair-treatment-50ml\/","title":{"rendered":"L&#8217;anza Keratin Healing Oil Hair Treatment 50ml"},"content":{"rendered":"<p><strong>Healing Oil Hair Treatment 50ml&nbsp;<\/strong>Giver varmebeskyttelse og forkorter t\u00f8rretiden. H\u00e5rets kvalitet forbedres allerede efter f\u00f8rste brug. Genopbygning, giver volumen og styrke med koncentrerede reparerende egenskaber. Optimal hydrering, samtidig med at elasticitet og glans genoprettes.<\/p>\n<p>\u2022 Ekstremt rekonstruktiv.<br \/>\u2022 Den eneste olie, der giver volumen.<br \/>\u2022 Fylde.<br \/>\u2022 Fuld UV-beskyttelse.<br \/>\u2022 Farvebevarelse .<br \/>\u2022 Varmebeskyttelse 260\u00b0C.<\/p>\n","protected":false},"excerpt":{"rendered":"<p>Healing Oil Hair Treatment 50ml&nbsp;Giver varmebeskyttelse og forkorter t\u00f8rretiden. H\u00e5rets kvalitet forbedres allerede efter f\u00f8rste brug. Genopbygning, giver volumen og styrke med koncentrerede reparerende egenskaber. Optimal hydrering, samtidig med at elasticitet og glans genoprettes. \u2022 Ekstremt rekonstruktiv.\u2022 Den eneste olie, der giver volumen.\u2022 Fylde.\u2022 Fuld UV-beskyttelse.\u2022 Farvebevarelse .\u2022 Varmebeskyttelse 260\u00b0C.<\/p>\n","protected":false},"featured_media":126800,"comment_status":"open","ping_status":"closed","template":"","meta":{"_trash_the_other_posts":false},"product_brand":[],"product_cat":[610],"product_tag":[3206],"berocket_brand":[1082],"class_list":{"0":"post-126801","1":"product","2":"type-product","3":"status-publish","4":"has-post-thumbnail","6":"product_cat-har-olie","7":"product_tag-lanza-keratin-healing-oil-hair-treatment","8":"pa_brand-lanza","9":"pa_variant-50ml","10":"berocket_brand-lanza","12":"first","13":"outofstock","14":"sale","15":"taxable","16":"shipping-taxable","17":"purchasable","18":"product-type-simple"},"_links":{"self":[{"href":"https:\/\/stylingagenten.com\/da\/wp-json\/wp\/v2\/product\/126801","targetHints":{"allow":["GET"]}}],"collection":[{"href":"https:\/\/stylingagenten.com\/da\/wp-json\/wp\/v2\/product"}],"about":[{"href":"https:\/\/stylingagenten.com\/da\/wp-json\/wp\/v2\/types\/product"}],"replies":[{"embeddable":true,"href":"https:\/\/stylingagenten.com\/da\/wp-json\/wp\/v2\/comments?post=126801"}],"version-history":[{"count":0,"href":"https:\/\/stylingagenten.com\/da\/wp-json\/wp\/v2\/product\/126801\/revisions"}],"wp:featuredmedia":[{"embeddable":true,"href":"https:\/\/stylingagenten.com\/da\/wp-json\/wp\/v2\/media\/126800"}],"wp:attachment":[{"href":"https:\/\/stylingagenten.com\/da\/wp-json\/wp\/v2\/media?parent=126801"}],"wp:term":[{"taxonomy":"product_brand","embeddable":true,"href":"https:\/\/stylingagenten.com\/da\/wp-json\/wp\/v2\/product_brand?post=126801"},{"taxonomy":"product_cat","embeddable":true,"href":"https:\/\/stylingagenten.com\/da\/wp-json\/wp\/v2\/product_cat?post=126801"},{"taxonomy":"product_tag","embeddable":true,"href":"https:\/\/stylingagenten.com\/da\/wp-json\/wp\/v2\/product_tag?post=126801"},{"taxonomy":"berocket_brand","embeddable":true,"href":"https:\/\/stylingagenten.com\/da\/wp-json\/wp\/v2\/berocket_brand?post=126801"}],"curies":[{"name":"wp","href":"https:\/\/api.w.org\/{rel}","templated":true}]}}