{"id":126778,"date":"2025-05-18T22:02:34","date_gmt":"2025-05-18T22:02:34","guid":{"rendered":"https:\/\/staging2.stylingagenten.com\/da\/produkt\/living-proof-no-frizz-vanishing-oil-50ml\/"},"modified":"2026-04-08T15:29:19","modified_gmt":"2026-04-08T15:29:19","slug":"living-proof-no-frizz-vanishing-oil-50ml","status":"publish","type":"product","link":"https:\/\/stylingagenten.com\/da\/produkt\/living-proof-no-frizz-vanishing-oil-50ml\/","title":{"rendered":"Living Proof No Frizz Vanishing Oil 50ml"},"content":{"rendered":"<p>Living Proof No Frizz Vanishing Oil er en hurtigabsorberende olie, der forsvinder ind i h\u00e5rfibrene for at fugte og blokere fugt, hvilket efterlader h\u00e5ret bl\u00f8dt og glansfuldt.<\/p>\n<p>Fordele:<br \/>\n<br \/>\u2022Glatte h\u00e5ret ud for at t\u00e6mme frizz, flyaways og statisk<br \/>\n<br \/>\u2022Forbedrer glansen<br \/>\n<br \/>\u2022Giver frizzbeskyttelse ved at blokere fugt<br \/>\n<br \/>\u2022Tilf\u00f8rer let fugtighed<br \/>\n<br \/>\u2022Hurtigabsorberende formel<\/p>\n<p>50 ml<\/p>\n","protected":false},"excerpt":{"rendered":"<p>Living Proof No Frizz Vanishing Oil er en hurtigabsorberende olie, der forsvinder ind i h\u00e5rfibrene for at fugte og blokere fugt, hvilket efterlader h\u00e5ret bl\u00f8dt og glansfuldt. Fordele: \u2022Glatte h\u00e5ret ud for at t\u00e6mme frizz, flyaways og statisk \u2022Forbedrer glansen \u2022Giver frizzbeskyttelse ved at blokere fugt \u2022Tilf\u00f8rer let fugtighed \u2022Hurtigabsorberende formel 50 ml<\/p>\n","protected":false},"featured_media":126760,"comment_status":"open","ping_status":"closed","template":"","meta":{"_trash_the_other_posts":false},"product_brand":[],"product_cat":[610],"product_tag":[],"berocket_brand":[1392],"class_list":{"0":"post-126778","1":"product","2":"type-product","3":"status-publish","4":"has-post-thumbnail","6":"product_cat-har-olie","7":"pa_brand-living-proof","8":"berocket_brand-living-proof","10":"first","11":"instock","12":"sale","13":"taxable","14":"shipping-taxable","15":"purchasable","16":"product-type-simple"},"_links":{"self":[{"href":"https:\/\/stylingagenten.com\/da\/wp-json\/wp\/v2\/product\/126778","targetHints":{"allow":["GET"]}}],"collection":[{"href":"https:\/\/stylingagenten.com\/da\/wp-json\/wp\/v2\/product"}],"about":[{"href":"https:\/\/stylingagenten.com\/da\/wp-json\/wp\/v2\/types\/product"}],"replies":[{"embeddable":true,"href":"https:\/\/stylingagenten.com\/da\/wp-json\/wp\/v2\/comments?post=126778"}],"version-history":[{"count":0,"href":"https:\/\/stylingagenten.com\/da\/wp-json\/wp\/v2\/product\/126778\/revisions"}],"wp:featuredmedia":[{"embeddable":true,"href":"https:\/\/stylingagenten.com\/da\/wp-json\/wp\/v2\/media\/126760"}],"wp:attachment":[{"href":"https:\/\/stylingagenten.com\/da\/wp-json\/wp\/v2\/media?parent=126778"}],"wp:term":[{"taxonomy":"product_brand","embeddable":true,"href":"https:\/\/stylingagenten.com\/da\/wp-json\/wp\/v2\/product_brand?post=126778"},{"taxonomy":"product_cat","embeddable":true,"href":"https:\/\/stylingagenten.com\/da\/wp-json\/wp\/v2\/product_cat?post=126778"},{"taxonomy":"product_tag","embeddable":true,"href":"https:\/\/stylingagenten.com\/da\/wp-json\/wp\/v2\/product_tag?post=126778"},{"taxonomy":"berocket_brand","embeddable":true,"href":"https:\/\/stylingagenten.com\/da\/wp-json\/wp\/v2\/berocket_brand?post=126778"}],"curies":[{"name":"wp","href":"https:\/\/api.w.org\/{rel}","templated":true}]}}