{"id":126766,"date":"2025-05-18T22:02:32","date_gmt":"2025-05-18T22:02:32","guid":{"rendered":"https:\/\/staging2.stylingagenten.com\/da\/produkt\/paul-mitchell-awapuhi-wild-ginger-styling-treatment-oil-100ml\/"},"modified":"2026-04-08T15:29:15","modified_gmt":"2026-04-08T15:29:15","slug":"paul-mitchell-awapuhi-wild-ginger-styling-treatment-oil-100ml","status":"publish","type":"product","link":"https:\/\/stylingagenten.com\/da\/produkt\/paul-mitchell-awapuhi-wild-ginger-styling-treatment-oil-100ml\/","title":{"rendered":"Paul Mitchell Awapuhi Wild Ginger Styling Treatment Oil 100ml"},"content":{"rendered":"<p>Giv dit h\u00e5r den perfekte forberedelse til enhver styling med Paul Mitchell Awapuhi Wild Ginger Styling Treatment Oil. Denne t\u00f8rre olie absorberes hurtigt og nemt, hvilket giver dit h\u00e5r en bl\u00f8d, silkeagtig tekstur, der er klar til enhver stylingudfordring.<\/p>\n<p>Beriget med h\u00e5ndh\u00f8stet awapuhi-ekstrakt fra Hawaii og lette silikoner, forsegler denne behandling h\u00e5ret og glatter frizz ud for en glat og skinnende finish. Det er den ultimative l\u00f8sning til t\u00f8rt, farvebehandlet, bleget eller skadet h\u00e5r, der har brug for ekstra fugt og pleje.<\/p>\n<p>100 ml<\/p>\n","protected":false},"excerpt":{"rendered":"<p>Giv dit h\u00e5r den perfekte forberedelse til enhver styling med Paul Mitchell Awapuhi Wild Ginger Styling Treatment Oil. Denne t\u00f8rre olie absorberes hurtigt og nemt, hvilket giver dit h\u00e5r en bl\u00f8d, silkeagtig tekstur, der er klar til enhver stylingudfordring. Beriget med h\u00e5ndh\u00f8stet awapuhi-ekstrakt fra Hawaii og lette silikoner, forsegler denne behandling h\u00e5ret og glatter frizz [&hellip;]<\/p>\n","protected":false},"featured_media":126753,"comment_status":"open","ping_status":"closed","template":"","meta":{"_trash_the_other_posts":false},"product_brand":[],"product_cat":[610],"product_tag":[],"berocket_brand":[1053],"class_list":{"0":"post-126766","1":"product","2":"type-product","3":"status-publish","4":"has-post-thumbnail","6":"product_cat-har-olie","7":"pa_brand-paul-mitchell","8":"berocket_brand-paul-mitchell","10":"first","11":"outofstock","12":"sale","13":"taxable","14":"shipping-taxable","15":"purchasable","16":"product-type-simple"},"_links":{"self":[{"href":"https:\/\/stylingagenten.com\/da\/wp-json\/wp\/v2\/product\/126766","targetHints":{"allow":["GET"]}}],"collection":[{"href":"https:\/\/stylingagenten.com\/da\/wp-json\/wp\/v2\/product"}],"about":[{"href":"https:\/\/stylingagenten.com\/da\/wp-json\/wp\/v2\/types\/product"}],"replies":[{"embeddable":true,"href":"https:\/\/stylingagenten.com\/da\/wp-json\/wp\/v2\/comments?post=126766"}],"version-history":[{"count":0,"href":"https:\/\/stylingagenten.com\/da\/wp-json\/wp\/v2\/product\/126766\/revisions"}],"wp:featuredmedia":[{"embeddable":true,"href":"https:\/\/stylingagenten.com\/da\/wp-json\/wp\/v2\/media\/126753"}],"wp:attachment":[{"href":"https:\/\/stylingagenten.com\/da\/wp-json\/wp\/v2\/media?parent=126766"}],"wp:term":[{"taxonomy":"product_brand","embeddable":true,"href":"https:\/\/stylingagenten.com\/da\/wp-json\/wp\/v2\/product_brand?post=126766"},{"taxonomy":"product_cat","embeddable":true,"href":"https:\/\/stylingagenten.com\/da\/wp-json\/wp\/v2\/product_cat?post=126766"},{"taxonomy":"product_tag","embeddable":true,"href":"https:\/\/stylingagenten.com\/da\/wp-json\/wp\/v2\/product_tag?post=126766"},{"taxonomy":"berocket_brand","embeddable":true,"href":"https:\/\/stylingagenten.com\/da\/wp-json\/wp\/v2\/berocket_brand?post=126766"}],"curies":[{"name":"wp","href":"https:\/\/api.w.org\/{rel}","templated":true}]}}