{"id":126741,"date":"2025-05-18T22:02:27","date_gmt":"2025-05-18T22:02:27","guid":{"rendered":"https:\/\/staging2.stylingagenten.com\/da\/produkt\/lanza-keratin-healing-oil-hair-treatment-100ml\/"},"modified":"2026-04-08T15:26:29","modified_gmt":"2026-04-08T15:26:29","slug":"lanza-keratin-healing-oil-hair-treatment-100ml","status":"publish","type":"product","link":"https:\/\/stylingagenten.com\/da\/produkt\/lanza-keratin-healing-oil-hair-treatment-100ml\/","title":{"rendered":"L&#8217;anza Keratin Healing Oil Hair Treatment 100ml"},"content":{"rendered":"<p>L&#8217;anza Keratin Healing Oil Hair Treatment 100ml<br \/>Reparerende, volumengivende olie, der giver h\u00e5ret en \u00f8jeblikkelig glans uden at tynge det ned. Indeholder n\u00e6ste generation af keratin og Phyto IV Complex som tilsammen styrker, reparerer og forbedrer h\u00e5rets kvalitet. Fugter h\u00e5ret, s\u00e5 det bliver bl\u00f8dt, smidigt og silkebl\u00f8dt. Hj\u00e6lper med at forkorte t\u00f8rretiden og giver et glansfuldt slutresultat Olien absorberes hurtigt i h\u00e5ret uden at tynge det.<\/p>\n<p>Farvebevarelse, giver fuld UV-beskyttelse og varmebeskyttelse op til 260\u00b0C.<\/p>\n","protected":false},"excerpt":{"rendered":"<p>L&#8217;anza Keratin Healing Oil Hair Treatment 100mlReparerende, volumengivende olie, der giver h\u00e5ret en \u00f8jeblikkelig glans uden at tynge det ned. Indeholder n\u00e6ste generation af keratin og Phyto IV Complex som tilsammen styrker, reparerer og forbedrer h\u00e5rets kvalitet. Fugter h\u00e5ret, s\u00e5 det bliver bl\u00f8dt, smidigt og silkebl\u00f8dt. Hj\u00e6lper med at forkorte t\u00f8rretiden og giver et glansfuldt [&hellip;]<\/p>\n","protected":false},"featured_media":126738,"comment_status":"open","ping_status":"closed","template":"","meta":{"_trash_the_other_posts":false},"product_brand":[],"product_cat":[615],"product_tag":[3206],"berocket_brand":[1082],"class_list":{"0":"post-126741","1":"product","2":"type-product","3":"status-publish","4":"has-post-thumbnail","6":"product_cat-harpiks-serum","7":"product_tag-lanza-keratin-healing-oil-hair-treatment","8":"pa_brand-lanza","9":"pa_variant-100ml","10":"berocket_brand-lanza","12":"first","13":"outofstock","14":"sale","15":"taxable","16":"shipping-taxable","17":"purchasable","18":"product-type-simple"},"_links":{"self":[{"href":"https:\/\/stylingagenten.com\/da\/wp-json\/wp\/v2\/product\/126741","targetHints":{"allow":["GET"]}}],"collection":[{"href":"https:\/\/stylingagenten.com\/da\/wp-json\/wp\/v2\/product"}],"about":[{"href":"https:\/\/stylingagenten.com\/da\/wp-json\/wp\/v2\/types\/product"}],"replies":[{"embeddable":true,"href":"https:\/\/stylingagenten.com\/da\/wp-json\/wp\/v2\/comments?post=126741"}],"version-history":[{"count":0,"href":"https:\/\/stylingagenten.com\/da\/wp-json\/wp\/v2\/product\/126741\/revisions"}],"wp:featuredmedia":[{"embeddable":true,"href":"https:\/\/stylingagenten.com\/da\/wp-json\/wp\/v2\/media\/126738"}],"wp:attachment":[{"href":"https:\/\/stylingagenten.com\/da\/wp-json\/wp\/v2\/media?parent=126741"}],"wp:term":[{"taxonomy":"product_brand","embeddable":true,"href":"https:\/\/stylingagenten.com\/da\/wp-json\/wp\/v2\/product_brand?post=126741"},{"taxonomy":"product_cat","embeddable":true,"href":"https:\/\/stylingagenten.com\/da\/wp-json\/wp\/v2\/product_cat?post=126741"},{"taxonomy":"product_tag","embeddable":true,"href":"https:\/\/stylingagenten.com\/da\/wp-json\/wp\/v2\/product_tag?post=126741"},{"taxonomy":"berocket_brand","embeddable":true,"href":"https:\/\/stylingagenten.com\/da\/wp-json\/wp\/v2\/berocket_brand?post=126741"}],"curies":[{"name":"wp","href":"https:\/\/api.w.org\/{rel}","templated":true}]}}