{"id":126740,"date":"2025-05-18T22:02:27","date_gmt":"2025-05-18T22:02:27","guid":{"rendered":"https:\/\/staging2.stylingagenten.com\/da\/produkt\/wella-eimi-boost-bounce-curl-enhancing-mousse-300ml\/"},"modified":"2026-04-12T11:28:29","modified_gmt":"2026-04-12T11:28:29","slug":"wella-eimi-boost-bounce-curl-enhancing-mousse-300ml","status":"publish","type":"product","link":"https:\/\/stylingagenten.com\/da\/produkt\/wella-eimi-boost-bounce-curl-enhancing-mousse-300ml\/","title":{"rendered":"Wella EIMI Boost Bounce Curl Enhancing Mousse 300ml"},"content":{"rendered":"<p style='margin-top:0cm;margin-right:0cm;margin-bottom:8.0pt;margin-left:0cm;font-size:15px;font-family:\"Calibri\",sans-serif'> EIMI Boost Bounce &#8211; er med til at give dine kr\u00f8ller ekstra glans og en finere struktur. Hj\u00e6lper ogs\u00e5 med at reducere krus. Specielt formuleret til at beskytte dit h\u00e5r mod udt\u00f8rring.<\/p>\n<p style='margin-top:0cm;margin-right:0cm;margin-bottom:8.0pt;margin-left:0cm;font-size:15px;font-family:\"Calibri\",sans-serif'>Indhold&aring;ll: 300ml<\/p>\n<p style='margin: 0cm 0cm 8pt;font-family: \"Calibri\", sans-serif'>Anvendelse: P\u00e5f\u00f8r i fugtigt h\u00e5r. Luftt\u00f8rre eller f\u00f8nt\u00f8r for optimal effekt.<\/p>\n","protected":false},"excerpt":{"rendered":"<p>EIMI Boost Bounce &#8211; er med til at give dine kr\u00f8ller ekstra glans og en finere struktur. Hj\u00e6lper ogs\u00e5 med at reducere krus. Specielt formuleret til at beskytte dit h\u00e5r mod udt\u00f8rring. Indhold&aring;ll: 300ml Anvendelse: P\u00e5f\u00f8r i fugtigt h\u00e5r. Luftt\u00f8rre eller f\u00f8nt\u00f8r for optimal effekt.<\/p>\n","protected":false},"featured_media":126729,"comment_status":"open","ping_status":"closed","template":"","meta":{"_trash_the_other_posts":false},"product_brand":[],"product_cat":[595],"product_tag":[],"berocket_brand":[1030],"class_list":{"0":"post-126740","1":"product","2":"type-product","3":"status-publish","4":"has-post-thumbnail","6":"product_cat-harmouse","7":"pa_brand-wella","8":"berocket_brand-wella","10":"first","11":"instock","12":"sale","13":"taxable","14":"shipping-taxable","15":"purchasable","16":"product-type-simple"},"_links":{"self":[{"href":"https:\/\/stylingagenten.com\/da\/wp-json\/wp\/v2\/product\/126740","targetHints":{"allow":["GET"]}}],"collection":[{"href":"https:\/\/stylingagenten.com\/da\/wp-json\/wp\/v2\/product"}],"about":[{"href":"https:\/\/stylingagenten.com\/da\/wp-json\/wp\/v2\/types\/product"}],"replies":[{"embeddable":true,"href":"https:\/\/stylingagenten.com\/da\/wp-json\/wp\/v2\/comments?post=126740"}],"version-history":[{"count":0,"href":"https:\/\/stylingagenten.com\/da\/wp-json\/wp\/v2\/product\/126740\/revisions"}],"wp:featuredmedia":[{"embeddable":true,"href":"https:\/\/stylingagenten.com\/da\/wp-json\/wp\/v2\/media\/126729"}],"wp:attachment":[{"href":"https:\/\/stylingagenten.com\/da\/wp-json\/wp\/v2\/media?parent=126740"}],"wp:term":[{"taxonomy":"product_brand","embeddable":true,"href":"https:\/\/stylingagenten.com\/da\/wp-json\/wp\/v2\/product_brand?post=126740"},{"taxonomy":"product_cat","embeddable":true,"href":"https:\/\/stylingagenten.com\/da\/wp-json\/wp\/v2\/product_cat?post=126740"},{"taxonomy":"product_tag","embeddable":true,"href":"https:\/\/stylingagenten.com\/da\/wp-json\/wp\/v2\/product_tag?post=126740"},{"taxonomy":"berocket_brand","embeddable":true,"href":"https:\/\/stylingagenten.com\/da\/wp-json\/wp\/v2\/berocket_brand?post=126740"}],"curies":[{"name":"wp","href":"https:\/\/api.w.org\/{rel}","templated":true}]}}