{"id":126700,"date":"2025-05-18T22:02:21","date_gmt":"2025-05-18T22:02:21","guid":{"rendered":"https:\/\/staging2.stylingagenten.com\/da\/produkt\/color-wow-brass-banned-correct-perfect-mousse-dark-200ml\/"},"modified":"2026-03-11T21:53:28","modified_gmt":"2026-03-11T21:53:28","slug":"color-wow-brass-banned-correct-perfect-mousse-dark-200ml","status":"publish","type":"product","link":"https:\/\/stylingagenten.com\/da\/produkt\/color-wow-brass-banned-correct-perfect-mousse-dark-200ml\/","title":{"rendered":"Color Wow Brass Banned Correct &amp; Perfect Mousse &#8211; Dark 200ml"},"content":{"rendered":"<p style='margin: 0cm 0cm 8pt;font-family: \"Calibri\", sans-serif'>Denne smarte mousse er let mintfarvet for at fjerne gule eller marmorerende toner. Over tid kan brune farver oxidere og efterlade r\u00f8de eller orange toner. Denne farvekorrigerende mousse hj\u00e6lper med at fjerne u\u00f8nskede gule eller messingtoner. Messing Banned Mousse til m\u00f8rkt h\u00e5r er en mintfarvet mousse, der forhindrer m\u00f8rke toner i at falme. Moussen genskaber brune toner til deres oprindelige tilstand. Dette specialdesignede farvebehandlede skum er langt fra de s\u00e6dvanlige stive, klistrede og knasende gammeldags mousser, du har m\u00f8dt f\u00f8r. Denne mousse bruger kolofonium (et naturgummi-lignende stof afledt af tr\u00e6er) i stedet for harpiks (stiv, akrylpolymer) for at g\u00f8re h\u00e5ret bl\u00f8dt med en fleksibel struktur. Den unikke, alkoholfri mousse g\u00f8r stylingen nemmere og giver dit h\u00e5r den perfekte &#8220;color wow&#8221;-faktor.<\/p>\n<p style='margin: 0cm 0cm 8pt;font-family: \"Calibri\", sans-serif'>Anvendelse: Ryst flasken godt. Hold flasken p\u00e5 hovedet og p\u00e5f\u00f8r i h\u00e5nden. P\u00e5f\u00f8r j\u00e6vnt i h\u00e5ndkl\u00e6det\u00f8rt h\u00e5r. Stil som normalt.<\/p>\n","protected":false},"excerpt":{"rendered":"<p>Denne smarte mousse er let mintfarvet for at fjerne gule eller marmorerende toner. Over tid kan brune farver oxidere og efterlade r\u00f8de eller orange toner. Denne farvekorrigerende mousse hj\u00e6lper med at fjerne u\u00f8nskede gule eller messingtoner. Messing Banned Mousse til m\u00f8rkt h\u00e5r er en mintfarvet mousse, der forhindrer m\u00f8rke toner i at falme. Moussen genskaber [&hellip;]<\/p>\n","protected":false},"featured_media":126692,"comment_status":"open","ping_status":"closed","template":"","meta":{"_trash_the_other_posts":false},"product_brand":[],"product_cat":[595],"product_tag":[],"berocket_brand":[1129],"class_list":{"0":"post-126700","1":"product","2":"type-product","3":"status-publish","4":"has-post-thumbnail","6":"product_cat-harmouse","7":"pa_brand-color-wow","8":"berocket_brand-color-wow","10":"first","11":"instock","12":"sale","13":"taxable","14":"shipping-taxable","15":"purchasable","16":"product-type-simple"},"_links":{"self":[{"href":"https:\/\/stylingagenten.com\/da\/wp-json\/wp\/v2\/product\/126700","targetHints":{"allow":["GET"]}}],"collection":[{"href":"https:\/\/stylingagenten.com\/da\/wp-json\/wp\/v2\/product"}],"about":[{"href":"https:\/\/stylingagenten.com\/da\/wp-json\/wp\/v2\/types\/product"}],"replies":[{"embeddable":true,"href":"https:\/\/stylingagenten.com\/da\/wp-json\/wp\/v2\/comments?post=126700"}],"version-history":[{"count":0,"href":"https:\/\/stylingagenten.com\/da\/wp-json\/wp\/v2\/product\/126700\/revisions"}],"wp:featuredmedia":[{"embeddable":true,"href":"https:\/\/stylingagenten.com\/da\/wp-json\/wp\/v2\/media\/126692"}],"wp:attachment":[{"href":"https:\/\/stylingagenten.com\/da\/wp-json\/wp\/v2\/media?parent=126700"}],"wp:term":[{"taxonomy":"product_brand","embeddable":true,"href":"https:\/\/stylingagenten.com\/da\/wp-json\/wp\/v2\/product_brand?post=126700"},{"taxonomy":"product_cat","embeddable":true,"href":"https:\/\/stylingagenten.com\/da\/wp-json\/wp\/v2\/product_cat?post=126700"},{"taxonomy":"product_tag","embeddable":true,"href":"https:\/\/stylingagenten.com\/da\/wp-json\/wp\/v2\/product_tag?post=126700"},{"taxonomy":"berocket_brand","embeddable":true,"href":"https:\/\/stylingagenten.com\/da\/wp-json\/wp\/v2\/berocket_brand?post=126700"}],"curies":[{"name":"wp","href":"https:\/\/api.w.org\/{rel}","templated":true}]}}