{"id":126652,"date":"2025-05-18T22:02:11","date_gmt":"2025-05-18T22:02:11","guid":{"rendered":"https:\/\/staging2.stylingagenten.com\/da\/produkt\/revlon-style-masters-styling-mousse-modular-2-300-ml\/"},"modified":"2026-04-09T17:28:40","modified_gmt":"2026-04-09T17:28:40","slug":"revlon-style-masters-styling-mousse-modular-2-300-ml","status":"publish","type":"product","link":"https:\/\/stylingagenten.com\/da\/produkt\/revlon-style-masters-styling-mousse-modular-2-300-ml\/","title":{"rendered":"Revlon Style Masters Styling Mousse Modular 2 300 ml"},"content":{"rendered":"<p>Mousse med medium hold. Giver tekstur og fasthed uden at tynge h\u00e5ret.&nbsp;<br \/>Look: Matt Natural Shine.<br \/>&nbsp;Anvendelse: Ryst flasken og tag moussen i h\u00e6nderne, og p\u00e5f\u00f8r derefter j\u00e6vnt i fugtigt h\u00e5r. F\u00f8nt\u00f8r dit h\u00e5r eller lad det t\u00f8rre af sig selv.<\/p>\n","protected":false},"excerpt":{"rendered":"<p>Mousse med medium hold. Giver tekstur og fasthed uden at tynge h\u00e5ret.&nbsp;Look: Matt Natural Shine.&nbsp;Anvendelse: Ryst flasken og tag moussen i h\u00e6nderne, og p\u00e5f\u00f8r derefter j\u00e6vnt i fugtigt h\u00e5r. F\u00f8nt\u00f8r dit h\u00e5r eller lad det t\u00f8rre af sig selv.<\/p>\n","protected":false},"featured_media":126644,"comment_status":"open","ping_status":"closed","template":"","meta":{"_trash_the_other_posts":false},"product_brand":[],"product_cat":[595],"product_tag":[],"berocket_brand":[1040],"class_list":{"0":"post-126652","1":"product","2":"type-product","3":"status-publish","4":"has-post-thumbnail","6":"product_cat-harmouse","7":"pa_brand-revlon","8":"berocket_brand-revlon","10":"first","11":"instock","12":"sale","13":"taxable","14":"shipping-taxable","15":"purchasable","16":"product-type-simple"},"_links":{"self":[{"href":"https:\/\/stylingagenten.com\/da\/wp-json\/wp\/v2\/product\/126652","targetHints":{"allow":["GET"]}}],"collection":[{"href":"https:\/\/stylingagenten.com\/da\/wp-json\/wp\/v2\/product"}],"about":[{"href":"https:\/\/stylingagenten.com\/da\/wp-json\/wp\/v2\/types\/product"}],"replies":[{"embeddable":true,"href":"https:\/\/stylingagenten.com\/da\/wp-json\/wp\/v2\/comments?post=126652"}],"version-history":[{"count":0,"href":"https:\/\/stylingagenten.com\/da\/wp-json\/wp\/v2\/product\/126652\/revisions"}],"wp:featuredmedia":[{"embeddable":true,"href":"https:\/\/stylingagenten.com\/da\/wp-json\/wp\/v2\/media\/126644"}],"wp:attachment":[{"href":"https:\/\/stylingagenten.com\/da\/wp-json\/wp\/v2\/media?parent=126652"}],"wp:term":[{"taxonomy":"product_brand","embeddable":true,"href":"https:\/\/stylingagenten.com\/da\/wp-json\/wp\/v2\/product_brand?post=126652"},{"taxonomy":"product_cat","embeddable":true,"href":"https:\/\/stylingagenten.com\/da\/wp-json\/wp\/v2\/product_cat?post=126652"},{"taxonomy":"product_tag","embeddable":true,"href":"https:\/\/stylingagenten.com\/da\/wp-json\/wp\/v2\/product_tag?post=126652"},{"taxonomy":"berocket_brand","embeddable":true,"href":"https:\/\/stylingagenten.com\/da\/wp-json\/wp\/v2\/berocket_brand?post=126652"}],"curies":[{"name":"wp","href":"https:\/\/api.w.org\/{rel}","templated":true}]}}