{"id":126640,"date":"2025-05-18T22:02:09","date_gmt":"2025-05-18T22:02:09","guid":{"rendered":"https:\/\/staging2.stylingagenten.com\/da\/produkt\/maria-nila-styling-mousse-100ml\/"},"modified":"2025-12-31T08:06:42","modified_gmt":"2025-12-31T08:06:42","slug":"maria-nila-styling-mousse-100ml","status":"publish","type":"product","link":"https:\/\/stylingagenten.com\/da\/produkt\/maria-nila-styling-mousse-100ml\/","title":{"rendered":"Maria Nila Styling Mousse 100ml"},"content":{"rendered":"<p>En volumengivende h\u00e5rmousse, der giver struktur og et glansfuldt resultat. Kan bruges som base til s\u00e6t, f\u00f8r du flatter og kr\u00f8ller h\u00e5ret eller for at give hold til naturlige kr\u00f8ller. Styling Mousse har en frisk duft af vanilje, \u00e6ble og jordb\u00e6r.<\/p>\n<p>Bed\u00f8mmelse 4\/5<br \/>Fremh\u00e6ver kr\u00f8ller uden kl\u00e6brighed<br \/>F\u00e5 kontrol over fint h\u00e5r<br \/>100 % vegansk og dyrevenlig<\/p>\n","protected":false},"excerpt":{"rendered":"<p>En volumengivende h\u00e5rmousse, der giver struktur og et glansfuldt resultat. Kan bruges som base til s\u00e6t, f\u00f8r du flatter og kr\u00f8ller h\u00e5ret eller for at give hold til naturlige kr\u00f8ller. Styling Mousse har en frisk duft af vanilje, \u00e6ble og jordb\u00e6r. Bed\u00f8mmelse 4\/5Fremh\u00e6ver kr\u00f8ller uden kl\u00e6brighedF\u00e5 kontrol over fint h\u00e5r100 % vegansk og dyrevenlig<\/p>\n","protected":false},"featured_media":126634,"comment_status":"open","ping_status":"closed","template":"","meta":{"_trash_the_other_posts":false},"product_brand":[],"product_cat":[595],"product_tag":[3426],"berocket_brand":[1388],"class_list":{"0":"post-126640","1":"product","2":"type-product","3":"status-publish","4":"has-post-thumbnail","6":"product_cat-harmouse","7":"product_tag-maria-nila-styling-mousse","8":"pa_brand-maria-nila","9":"pa_variant-100ml","10":"berocket_brand-maria-nila","12":"first","13":"outofstock","14":"sale","15":"taxable","16":"shipping-taxable","17":"purchasable","18":"product-type-simple"},"_links":{"self":[{"href":"https:\/\/stylingagenten.com\/da\/wp-json\/wp\/v2\/product\/126640","targetHints":{"allow":["GET"]}}],"collection":[{"href":"https:\/\/stylingagenten.com\/da\/wp-json\/wp\/v2\/product"}],"about":[{"href":"https:\/\/stylingagenten.com\/da\/wp-json\/wp\/v2\/types\/product"}],"replies":[{"embeddable":true,"href":"https:\/\/stylingagenten.com\/da\/wp-json\/wp\/v2\/comments?post=126640"}],"version-history":[{"count":0,"href":"https:\/\/stylingagenten.com\/da\/wp-json\/wp\/v2\/product\/126640\/revisions"}],"wp:featuredmedia":[{"embeddable":true,"href":"https:\/\/stylingagenten.com\/da\/wp-json\/wp\/v2\/media\/126634"}],"wp:attachment":[{"href":"https:\/\/stylingagenten.com\/da\/wp-json\/wp\/v2\/media?parent=126640"}],"wp:term":[{"taxonomy":"product_brand","embeddable":true,"href":"https:\/\/stylingagenten.com\/da\/wp-json\/wp\/v2\/product_brand?post=126640"},{"taxonomy":"product_cat","embeddable":true,"href":"https:\/\/stylingagenten.com\/da\/wp-json\/wp\/v2\/product_cat?post=126640"},{"taxonomy":"product_tag","embeddable":true,"href":"https:\/\/stylingagenten.com\/da\/wp-json\/wp\/v2\/product_tag?post=126640"},{"taxonomy":"berocket_brand","embeddable":true,"href":"https:\/\/stylingagenten.com\/da\/wp-json\/wp\/v2\/berocket_brand?post=126640"}],"curies":[{"name":"wp","href":"https:\/\/api.w.org\/{rel}","templated":true}]}}